{"id":22523,"date":"2022-04-01T10:11:07","date_gmt":"2022-04-01T07:11:07","guid":{"rendered":"https:\/\/www.ircica.org\/publications\/non%20class\u00e9\/book-series-the-arab-countries-in-ottoman-documents"},"modified":"2024-03-21T10:32:52","modified_gmt":"2024-03-21T07:32:52","slug":"book-series-the-arab-countries-in-ottoman-documents","status":"publish","type":"product","link":"https:\/\/www.ircica.org\/fr\/publications\/histoire-de-la-civilisation-islamique\/asie\/moyen-orient-et-mediterranee\/serie-de-livres-les-pays-arabes-dans-les-documents-ottomans","title":{"rendered":"S\u00e9rie de livres \u00ab\u00a0Les pays arabes dans les documents ottomans\u00a0\u00bb"},"content":{"rendered":"<p>La s\u00e9rie de publications de l\u2019IRCICA sur \u00ab\u00a0Les pays arabes dans les documents ottomans\u00a0\u00bb contient des ensembles de documents relatifs aux pays arabes s\u00e9lectionn\u00e9s parmi les documents d\u2019archives ottomanes de la R\u00e9publique de Turquie. Les documents constituent des sources originales d\u2019une grande valeur pour les historiens. Ils sont pr\u00e9sent\u00e9s dans des chapitres th\u00e9matiques accompagn\u00e9s de leurs transcriptions, traductions arabes et r\u00e9sum\u00e9s par le Dr Faz\u0131l Bayat (IRCICA). Les trois premiers tomes (2010, 2011, 2014) comprennent des documents des p\u00e9riodes des sultans Selim I (1512-1520) et Soliman le L\u00e9gislateur (1520-1566). Le quatri\u00e8me tome (2015) est li\u00e9 aux Haramayn (<em>Makka al-Mukaramah <\/em>et<em> al-Madina al-Munawwara<\/em>) sous le r\u00e8gne du sultan Selim II (1566-1574). Les tomes V et VI (2017) sont relatifs aux provinces irakiennes de l\u2019\u00c9tat ottoman sous le r\u00e8gne du sultan Selim II (1566-1574). Le tome 7 (2018) porte sur la r\u00e9gion du Golfe au XVIe si\u00e8cle. Le tome 8 (2019) concerne l\u2019Alg\u00e9rie au XVIe si\u00e8cle. Le tome 9 (2020) est intitul\u00e9 \u00ab\u00a0Les musulmans d\u2019Andalousie et le gouvernement de F\u00e8s au XVIe si\u00e8cle\u00a0\u00bb, et le tome 10 (2022) est li\u00e9 \u00e0 Tunis au XVIe si\u00e8cle. Les principaux th\u00e8mes abord\u00e9s sont les politiques administratives et financi\u00e8res ottomanes appliqu\u00e9es dans les pays arabes, les waqfs, les r\u00e9glementations sur le Hajj, les plaintes d\u00e9pos\u00e9es par la population aupr\u00e8s des autorit\u00e9s de l\u2019\u00c9tat, les mesures de s\u00e9curit\u00e9 prot\u00e9geant les commer\u00e7ants \u00e9trangers, etc.<\/p>\n","protected":false},"excerpt":{"rendered":"<p>set de 10 volumes<br \/>\npr\u00e9par\u00e9, traduit et \u00e9tudi\u00e9 par le Prof. Dr. Fazil Bayat<br \/>\nIRCICA, Istanbul, 2010-2022<\/p>\n","protected":false},"featured_media":22516,"template":"","meta":{"_acf_changed":false,"_mi_skip_tracking":false},"product_cat":[164,362],"product_tag":[],"class_list":{"0":"post-22523","1":"product","2":"type-product","3":"status-publish","4":"has-post-thumbnail","6":"product_cat-histoire-de-la-civilisation-islamique","7":"product_cat-moyen-orient-et-mediterranee","9":"first","10":"instock","11":"shipping-taxable","12":"product-type-simple"},"acf":[],"aioseo_notices":[],"_links":{"self":[{"href":"https:\/\/www.ircica.org\/fr\/wp-json\/wp\/v2\/product\/22523","targetHints":{"allow":["GET"]}}],"collection":[{"href":"https:\/\/www.ircica.org\/fr\/wp-json\/wp\/v2\/product"}],"about":[{"href":"https:\/\/www.ircica.org\/fr\/wp-json\/wp\/v2\/types\/product"}],"wp:featuredmedia":[{"embeddable":true,"href":"https:\/\/www.ircica.org\/fr\/wp-json\/wp\/v2\/media\/22516"}],"wp:attachment":[{"href":"https:\/\/www.ircica.org\/fr\/wp-json\/wp\/v2\/media?parent=22523"}],"wp:term":[{"taxonomy":"product_cat","embeddable":true,"href":"https:\/\/www.ircica.org\/fr\/wp-json\/wp\/v2\/product_cat?post=22523"},{"taxonomy":"product_tag","embeddable":true,"href":"https:\/\/www.ircica.org\/fr\/wp-json\/wp\/v2\/product_tag?post=22523"}],"curies":[{"name":"wp","href":"https:\/\/api.w.org\/{rel}","templated":true}]}}