{"id":22688,"date":"2010-12-28T00:00:00","date_gmt":"2010-12-27T22:00:00","guid":{"rendered":"https:\/\/www.ircica.org\/publications\/non%20class\u00e9\/catalogue-of-winners-plates-in-the-eighth-international-calligraphy-competition-in-the-name-of-badawi-al-dirani"},"modified":"2024-03-27T12:17:18","modified_gmt":"2024-03-27T09:17:18","slug":"catalogue-of-winners-plates-in-the-eighth-international-calligraphy-competition-in-the-name-of-badawi-al-dirani","status":"publish","type":"product","link":"https:\/\/www.ircica.org\/fr\/publications\/arts-artisanats\/catalogue-des-oeuvres-des-gagnants-du-huitieme-concours-international-de-calligraphie-au-nom-de-badawi-al-dirani","title":{"rendered":"Catalogue des \u0153uvres des gagnants du huiti\u00e8me concours international de calligraphie au nom de Badawi al-Dirani"},"content":{"rendered":"<p>L\u2019IRCICA publie des catalogues contenant des reproductions des \u0153uvres prim\u00e9es aux concours de calligraphie qu\u2019il organise une fois tous les trois ans. 64 calligraphes de 15 pays ont remport\u00e9 des prix lors du huiti\u00e8me concours international de calligraphie annonc\u00e9 en 2008 et finalis\u00e9 en 2010. Le concours \u00e9tait d\u00e9di\u00e9 au calligraphe syrien Muhammad Badawi al-Dirani (1894-1967). Il a \u00e9t\u00e9 men\u00e9 dans dix styles calligraphiques : <em>thuluth jaly<\/em>, <em>thuluth<\/em>, <em>naskh<\/em>, <em>taliq<\/em> <em>jaly<\/em>, <em>taliq<\/em>, <em>diwani<\/em> <em>jaly<\/em>, <em>diwani<\/em>, <em>kufi<\/em>, <em>riq\u2018a<\/em> et <em>maghribi<\/em>. Il contient des informations sur le concours et sur les participants, afin de favoriser la communication et la coop\u00e9ration entre ces derniers.<\/p>\n","protected":false},"excerpt":{"rendered":"<p>Pr\u00e9par\u00e9 par Mohammed Tamimi<br \/>\nIstanbul, 2010<br \/>\n(en arabe, anglais et turc)<\/p>\n","protected":false},"featured_media":22657,"template":"","meta":{"_acf_changed":false,"_mi_skip_tracking":false},"product_cat":[189],"product_tag":[],"class_list":{"0":"post-22688","1":"product","2":"type-product","3":"status-publish","4":"has-post-thumbnail","6":"product_cat-arts-artisanats","8":"first","9":"instock","10":"shipping-taxable","11":"product-type-simple"},"acf":[],"aioseo_notices":[],"_links":{"self":[{"href":"https:\/\/www.ircica.org\/fr\/wp-json\/wp\/v2\/product\/22688","targetHints":{"allow":["GET"]}}],"collection":[{"href":"https:\/\/www.ircica.org\/fr\/wp-json\/wp\/v2\/product"}],"about":[{"href":"https:\/\/www.ircica.org\/fr\/wp-json\/wp\/v2\/types\/product"}],"wp:featuredmedia":[{"embeddable":true,"href":"https:\/\/www.ircica.org\/fr\/wp-json\/wp\/v2\/media\/22657"}],"wp:attachment":[{"href":"https:\/\/www.ircica.org\/fr\/wp-json\/wp\/v2\/media?parent=22688"}],"wp:term":[{"taxonomy":"product_cat","embeddable":true,"href":"https:\/\/www.ircica.org\/fr\/wp-json\/wp\/v2\/product_cat?post=22688"},{"taxonomy":"product_tag","embeddable":true,"href":"https:\/\/www.ircica.org\/fr\/wp-json\/wp\/v2\/product_tag?post=22688"}],"curies":[{"name":"wp","href":"https:\/\/api.w.org\/{rel}","templated":true}]}}