{"id":22736,"date":"2017-04-03T00:00:00","date_gmt":"2017-04-02T21:00:00","guid":{"rendered":"https:\/\/www.ircica.org\/publications\/non%20class\u00e9\/history-of-egypt-during-the-ottoman-era-1517-1914"},"modified":"2024-03-28T10:23:59","modified_gmt":"2024-03-28T07:23:59","slug":"history-of-egypt-during-the-ottoman-era-1517-1914","status":"publish","type":"product","link":"https:\/\/www.ircica.org\/fr\/publications\/histoire-de-la-civilisation-islamique\/asie\/moyen-orient-et-mediterranee\/lhistoire-de-legypte-a-lere-ottomane-1517-1914","title":{"rendered":"L\u2019histoire de l\u2019\u00c9gypte \u00e0 l\u2019\u00e8re ottomane 1517-1914"},"content":{"rendered":"<p>Le pr\u00e9sent livre traite de l\u2019histoire de l\u2019\u00c9gypte sous le r\u00e8gne ottoman de 1517 \u00e0 1914. Sa publication intervient dans le cadre d\u2019une relecture objective de l\u2019histoire de l\u2019\u00c9gypte \u00e0 l\u2019\u00e8re ottomane et de l\u2019importante place qu\u2019occupait la province d\u2019\u00c9gypte au sein de l\u2019\u00c9tat ottoman. L\u2019\u00c9gypte ayant demeur\u00e9 plus de trois si\u00e8cles sous le r\u00e8gne ottoman, n\u00e9cessairement, cela eut des r\u00e9p\u00e9rcussions \u00e0 tous les niveaux, \u00e0 savoir politiques, \u00e9conomiques et culturels d\u2019o\u00f9 l\u2019\u00e9m\u00e9rgence d\u2019avis diff\u00e9rents par rapport \u00e0 ces r\u00e9p\u00e9rcussions. Ainsi, si certains consid\u00e9raient celles-ci comme \u00e9tant absolument positives, d\u2019autres, au contraire, \u00e9taient d\u2019un avis totalement diff\u00e9rent. D\u2019o\u00f9 le r\u00f4le de l\u2019IRCICA de permettre \u00e0 tous ces points de vue d\u2019\u00eatre exprim\u00e9s et discut\u00e9s de mani\u00e8re scientifique, m\u00e9thodique et objective afin de faire une lecture juste et \u00e9quitable d\u2019une p\u00e9riode importante de l\u2019histoire islamique et de contribuer \u00e0 fournir une version authentique de l\u2019histoire de l\u2019\u00c9gypte \u00e0 l\u2019\u00e8re ottomane.<\/p>\n<p>Ce livre est important en ce sens qu\u2019il examine l\u2019histoire de l\u2019\u00c9gypte \u00e0 l\u2019\u00e8re ottomane sous tous ses aspects. Il se compose de deux volumes et renferme quarante-et-une \u00e9tudes scientifiques pr\u00e9par\u00e9es par d\u2019\u00e9minents professeurs de diverses nationalit\u00e9s et sp\u00e9cialis\u00e9s dans l\u2019histoire de l\u2019\u00c9gypte \u00e0 l\u2019\u00e8re ottomane, sur la base de documents originaux et de sources de premi\u00e8re main. Ces \u00e9tudes ont \u00e9galement \u00e9t\u00e9 \u00e9crites en diverses langues et traduites en arabe. L\u2019IRCICA a veill\u00e9 \u00e0 exposer tous les points de vue sur l\u2019histoire de l\u2019\u00c9gypte \u00e0 l\u2019\u00e8re ottomane afin de permettre au lecteur de s\u2019informer de cette p\u00e9riode de l\u2019histoire de la nation islamique et de ce qu\u2019elle rec\u00e8le en termes positifs et n\u00e9gatifs.<\/p>\n<p>Il convient de souligner que l\u2019id\u00e9e de pr\u00e9parer ce livre remonte \u00e0 2008 lorsque le professeur Ekmeleddin \u0130hsano\u011flu qui \u00e9tait \u00e0 l\u2019\u00e9poque secr\u00e9taire g\u00e9n\u00e9ral de l\u2019Organisation de la coop\u00e9ration islamique, et qui est en m\u00eame temps l&rsquo;\u00e9diteur m\u00eame de ce livre, avait sugg\u00e9r\u00e9 de pr\u00e9parer un livre complet sur l\u2019histoire de l\u2019\u00c9gypte \u00e0 l\u2019\u00e8re ottomane par d\u2019\u00e9minents chercheurs dont voici les noms : Volume I : Ahmed Zakariya El Shelek, Eric Anceau, Ismail Zinedine, Ilham Dihni, Daniel Crecelius, S\u00fcleyman K\u0131z\u0131ltoprak, Sayed Mohamed El Sayed Mahmoud, Abdel-Razek Ibrahim Eissa, Feridun Emecen, Kamal Habib, Magda Makhlouf, Mehmet \u0130p\u015firli, Mohamed Afifi, Mohamed Mabrouk Qutb, Nabil El Sayed Al-Tukhi, Nevin Alwan, Y\u00fcksel \u00c7elik\u00a0; volume II\u00a0: Ekmeleddin \u0130hsano\u011flu, Amal Ahmed Hassan Al Omari, Andr\u00e9 Raymond, Iman Mohamed Amer, <em>Ayman Fouad Sayyid, <\/em>Peter Gran, Peter Heath, Jaroslaw Dobrowolski Agnieszka, Cengiz Tomar, Said Mohamed Montaser, Saleh Saadawi, Abdelkadir \u00d6zcan, Mohammed Sabry Al-Dali, Mohamed Afifi, Mahmoud Al-Rubaie, Muhittin Serin, Nasser Abdullah Othman, Nelly Hanna.<\/p>\n","protected":false},"excerpt":{"rendered":"<p>S\u00e9rie d\u2019histoire et de culture en \u00c9gypte: 5<br \/>\nVol. I: 940 pp., Vol. II: 803 pp.<br \/>\nIstanbul, IRCICA, 2017<\/p>\n","protected":false},"featured_media":22697,"template":"","meta":{"_acf_changed":false,"_mi_skip_tracking":false},"product_cat":[362],"product_tag":[],"class_list":{"0":"post-22736","1":"product","2":"type-product","3":"status-publish","4":"has-post-thumbnail","6":"product_cat-moyen-orient-et-mediterranee","8":"first","9":"instock","10":"shipping-taxable","11":"product-type-simple"},"acf":[],"aioseo_notices":[],"_links":{"self":[{"href":"https:\/\/www.ircica.org\/fr\/wp-json\/wp\/v2\/product\/22736","targetHints":{"allow":["GET"]}}],"collection":[{"href":"https:\/\/www.ircica.org\/fr\/wp-json\/wp\/v2\/product"}],"about":[{"href":"https:\/\/www.ircica.org\/fr\/wp-json\/wp\/v2\/types\/product"}],"wp:featuredmedia":[{"embeddable":true,"href":"https:\/\/www.ircica.org\/fr\/wp-json\/wp\/v2\/media\/22697"}],"wp:attachment":[{"href":"https:\/\/www.ircica.org\/fr\/wp-json\/wp\/v2\/media?parent=22736"}],"wp:term":[{"taxonomy":"product_cat","embeddable":true,"href":"https:\/\/www.ircica.org\/fr\/wp-json\/wp\/v2\/product_cat?post=22736"},{"taxonomy":"product_tag","embeddable":true,"href":"https:\/\/www.ircica.org\/fr\/wp-json\/wp\/v2\/product_tag?post=22736"}],"curies":[{"name":"wp","href":"https:\/\/api.w.org\/{rel}","templated":true}]}}