{"id":22764,"date":"2018-12-01T00:00:00","date_gmt":"2018-11-30T21:00:00","guid":{"rendered":"https:\/\/www.ircica.org\/publications\/non%20class\u00e9\/woman-developing-dimension-in-the-field-of-islamic-artisanat"},"modified":"2024-04-01T11:25:42","modified_gmt":"2024-04-01T08:25:42","slug":"woman-developing-dimension-in-the-field-of-islamic-artisanat","status":"publish","type":"product","link":"https:\/\/www.ircica.org\/fr\/publications\/arts-artisanats\/la-dimension-de-developpement-de-la-femme-dans-le-domaine-de-lartisanat-islamique","title":{"rendered":"La dimension de d\u00e9veloppement de la femme dans le domaine de l\u2019artisanat islamique"},"content":{"rendered":"<p>Ce livre met en lumi\u00e8re la riche contribution des femmes \u00e0 l\u2019essor de l\u2019artisanat dans les pays musulmans et au d\u00e9veloppement de leurs \u00e9conomies. \u00c0 cet \u00e9gard, l\u2019auteur indique que les femmes artisanes occupent pr\u00e8s de 80% des industries traditionnelles, notamment certains m\u00e9tiers tels que la d\u00e9coration, la dorure, la calligraphie, la fabrication de papier, l\u2019Ebru, la broderie, le tissage de tapis, la poterie, la peinture sur bois, etc. Le livre fournit des informations techniques pr\u00e9cises sous forme de tableaux statistiques, ainsi que sur les outils, les techniques et les mat\u00e9riaux utilis\u00e9s par les artisanes, les motifs, les formes, les dimensions, le poids, les mesures, les couleurs et bien d\u2019autres donn\u00e9es. Il fournit \u00e9galement des informations sur les artisanes cr\u00e9atrices ayant particip\u00e9 \u00e0 divers concours, festivals et expositions internationaux relatifs aux arts, au patrimoine et \u00e0 l\u2019artisanat et qui ont remport\u00e9 des prix, et des informations sur des exp\u00e9riences de femmes artisanes qui ont r\u00e9ussi \u00e0 d\u00e9velopper leurs professions et \u00e0 p\u00e9n\u00e9trer le march\u00e9 de l\u2019artisanat avec leurs produits. L\u2019auteur explique dans son livre que de nombreuses associations de femmes ont \u0153uvr\u00e9 ces derni\u00e8res ann\u00e9es \u00e0 d\u00e9velopper les comp\u00e9tences des femmes dans divers m\u00e9tiers traditionnels et \u00e0 entrainer celles-ci chez elles aux diff\u00e9rentes techniques utilis\u00e9es dans ces m\u00e9tiers.<\/p>\n","protected":false},"excerpt":{"rendered":"<p>IRCICA, Istanbul, 2018<\/p>\n","protected":false},"featured_media":22761,"template":"","meta":{"_acf_changed":false,"_mi_skip_tracking":false},"product_cat":[189],"product_tag":[],"class_list":{"0":"post-22764","1":"product","2":"type-product","3":"status-publish","4":"has-post-thumbnail","6":"product_cat-arts-artisanats","8":"first","9":"instock","10":"shipping-taxable","11":"product-type-simple"},"acf":[],"aioseo_notices":[],"_links":{"self":[{"href":"https:\/\/www.ircica.org\/fr\/wp-json\/wp\/v2\/product\/22764","targetHints":{"allow":["GET"]}}],"collection":[{"href":"https:\/\/www.ircica.org\/fr\/wp-json\/wp\/v2\/product"}],"about":[{"href":"https:\/\/www.ircica.org\/fr\/wp-json\/wp\/v2\/types\/product"}],"wp:featuredmedia":[{"embeddable":true,"href":"https:\/\/www.ircica.org\/fr\/wp-json\/wp\/v2\/media\/22761"}],"wp:attachment":[{"href":"https:\/\/www.ircica.org\/fr\/wp-json\/wp\/v2\/media?parent=22764"}],"wp:term":[{"taxonomy":"product_cat","embeddable":true,"href":"https:\/\/www.ircica.org\/fr\/wp-json\/wp\/v2\/product_cat?post=22764"},{"taxonomy":"product_tag","embeddable":true,"href":"https:\/\/www.ircica.org\/fr\/wp-json\/wp\/v2\/product_tag?post=22764"}],"curies":[{"name":"wp","href":"https:\/\/api.w.org\/{rel}","templated":true}]}}