{"id":22777,"date":"2018-06-17T16:01:54","date_gmt":"2018-06-17T13:01:54","guid":{"rendered":"https:\/\/www.ircica.org\/publications\/non%20class\u00e9\/proceedings-of-the-international-symposium-on-the-history-of-islamic-civilisation-in-eastern-africa"},"modified":"2024-04-02T09:43:18","modified_gmt":"2024-04-02T06:43:18","slug":"proceedings-of-the-international-symposium-on-the-history-of-islamic-civilisation-in-eastern-africa","status":"publish","type":"product","link":"https:\/\/www.ircica.org\/fr\/publications\/histoire-de-la-civilisation-islamique\/afrique\/actes-du-symposium-international-sur-lhistoire-de-la-civilisation-islamique-en-afrique-de-lest","title":{"rendered":"Actes du symposium international sur l\u2019Histoire de la civilisation islamique en Afrique de l\u2019est"},"content":{"rendered":"<p>Le symposium international sur \u00ab L&rsquo;histoire de la civilisation islamique en Afrique de l&rsquo;Est \u00bb a \u00e9t\u00e9 organis\u00e9 par l&rsquo;IRCICA, l&rsquo;Autorit\u00e9 nationale des registres et des archives d&rsquo;Oman et l&rsquo;Universit\u00e9 d&rsquo;\u00c9tat de Zanzibar, et il s&rsquo;est tenu \u00e0 Zanzibar City, Zanzibar, Tanzanie, du 2 au 4 septembre 2013. Des participants en provenance d&rsquo;Alg\u00e9rie, du Burundi, des Comores, d&rsquo;\u00c9gypte, d&rsquo;Irak, du Kenya, d&rsquo;Oman, de Su\u00e8de, de Tanzanie, de Tunisie, de Turquie, d&rsquo;Ouganda, du Royaume-Uni, du Y\u00e9men et du Zimbabwe ont pr\u00e9sent\u00e9 des communications. Ce livre contient dix de ces expos\u00e9s\u00a0; six sont en arabe et quatre en anglais.<\/p>\n<p>Les relations entre la r\u00e9gion de l\u2019Afrique de l\u2019Est, d\u2019une part, et le Moyen Orient et l\u2019Arabie de l\u2019autre, se sont intensifi\u00e9es apr\u00e8s l\u2019av\u00e8nement de l\u2019Islam en Afrique de l\u2019Est. Les interactions civilisationnelles se sont accrues apr\u00e8s le premier si\u00e8cle de l&rsquo;H\u00e9gire\/7e si\u00e8cle apr\u00e8s J.-C.\u00a0; les migrations des arabes vers les villes et les ports d&rsquo;Afrique de l&rsquo;Est ont \u00e9t\u00e9 bien accueillies par les r\u00e9sidents musulmans de ces r\u00e9gions. Une partie consid\u00e9rable des populations locales ont embrass\u00e9 l&rsquo;Islam. De puissants royaumes et des \u00e9tats islamiques ont \u00e9t\u00e9 cr\u00e9\u00e9s. Ces \u00e9tats entretenaient des relations amicales avec les \u00e9tats islamiques d\u2019Asie, y compris l\u2019\u00c9tat ottoman. L\u2019un des d\u00e9veloppements importants du point de vue culturel a \u00e9t\u00e9 la migration d\u2019\u00e9minents \u00e9rudits islamiques de l\u2019Oman vers la r\u00e9gion. Les relations fortes qui existaient entre les soci\u00e9t\u00e9s omani et de l\u2019Afrique de l\u2019Est se sont encore intensifi\u00e9es. Un v\u00e9ritable tournant s&rsquo;est produit au 17\u00e8me si\u00e8cle, lorsque la dynastie Yaariba a vaincu les Portugais occupant Zanzibar. Le Sultanat d&rsquo;Oman a pris le contr\u00f4le de la r\u00e9gion. Mais plus tard, les habitants de l\u2019Afrique de l\u2019Est n\u2019ont pas r\u00e9ussi \u00e0 se prot\u00e9ger des invasions men\u00e9es par les exp\u00e9ditions missionnaires europ\u00e9ennes ; au 19e si\u00e8cle, ces exp\u00e9ditions visaient \u00e0 affaiblir l\u2019unit\u00e9 de la population majoritairement musulmane. Les articles recueillis dans cet ouvrage d\u00e9crivent et analysent le divers aspects culturels, \u00e9ducationnels et sociaux de l\u2019histoire entourant ces d\u00e9veloppements.<\/p>\n","protected":false},"excerpt":{"rendered":"<p>Septembre 2013, Zanzibar<br \/>\nIstanbul, 2018. 65, 227 p.<br \/>\nTextes en arabe et en anglais<\/p>\n","protected":false},"featured_media":17640,"template":"","meta":{"_acf_changed":false,"_mi_skip_tracking":false},"product_cat":[180],"product_tag":[],"class_list":{"0":"post-22777","1":"product","2":"type-product","3":"status-publish","4":"has-post-thumbnail","6":"product_cat-afrique","8":"first","9":"instock","10":"shipping-taxable","11":"product-type-simple"},"acf":[],"aioseo_notices":[],"_links":{"self":[{"href":"https:\/\/www.ircica.org\/fr\/wp-json\/wp\/v2\/product\/22777","targetHints":{"allow":["GET"]}}],"collection":[{"href":"https:\/\/www.ircica.org\/fr\/wp-json\/wp\/v2\/product"}],"about":[{"href":"https:\/\/www.ircica.org\/fr\/wp-json\/wp\/v2\/types\/product"}],"wp:featuredmedia":[{"embeddable":true,"href":"https:\/\/www.ircica.org\/fr\/wp-json\/wp\/v2\/media\/17640"}],"wp:attachment":[{"href":"https:\/\/www.ircica.org\/fr\/wp-json\/wp\/v2\/media?parent=22777"}],"wp:term":[{"taxonomy":"product_cat","embeddable":true,"href":"https:\/\/www.ircica.org\/fr\/wp-json\/wp\/v2\/product_cat?post=22777"},{"taxonomy":"product_tag","embeddable":true,"href":"https:\/\/www.ircica.org\/fr\/wp-json\/wp\/v2\/product_tag?post=22777"}],"curies":[{"name":"wp","href":"https:\/\/api.w.org\/{rel}","templated":true}]}}