{"id":22805,"date":"2018-06-12T00:00:00","date_gmt":"2018-06-11T21:00:00","guid":{"rendered":"https:\/\/www.ircica.org\/publications\/non%20class\u00e9\/proceedings-of-the-international-symposium-on-islamic-civilisation-in-southern-africa-johannesburg-south-africa-1-3-september-2006"},"modified":"2024-04-02T10:15:11","modified_gmt":"2024-04-02T07:15:11","slug":"proceedings-of-the-international-symposium-on-islamic-civilisation-in-southern-africa-johannesburg-south-africa-1-3-september-2006","status":"publish","type":"product","link":"https:\/\/www.ircica.org\/fr\/publications\/histoire-de-la-civilisation-islamique\/afrique\/les-actes-du-symposium-international-sur-la-civilisation-islamique-en-afrique-australe","title":{"rendered":"Les Actes du Symposium International sur la Civilisation Islamique en Afrique Australe"},"content":{"rendered":"<p>L\u2019IRCICA a le plaisir de publier ce premier livre relatif \u00e0 la civilisation islamique en Afrique Australe r\u00e9sultant de la collaboration avec les institutions, les universit\u00e9s et les sp\u00e9cialistes de la r\u00e9gion. Le symposium sur \u201cLa Civilisation Islamique en Afrique Australe\u201d a eu lieu \u00e0 Johannesburg, R\u00e9publique d&rsquo;Afrique du Sud, du 31 ao\u00fbt au 3 septembre 2006. Il a \u00e9t\u00e9 organis\u00e9 conjointement par l&rsquo;IRCICA, la Fondation Awqaf d&rsquo;Afrique du Sud (Awqaf SA) et l&rsquo;Universit\u00e9 de Johannesburg. Le symposium a \u00e9t\u00e9 un \u00e9v\u00e9nement marquant, d&rsquo;abord pour \u00eatre co-organis\u00e9 par l&rsquo;OCI et l&rsquo;IRCICA dans la r\u00e9gion. Du point de vue de l&rsquo;IRCICA, le symposium s\u2019inscrit dans le cadre de ses programmes de recherche sur l&rsquo;histoire g\u00e9n\u00e9rale de la civilisation islamique d&rsquo;une part, et ses \u00e9tudes culturelles r\u00e9gionales de l&rsquo;autre. Il fut le troisi\u00e8me congr\u00e8s de l&rsquo;IRCICA \u00e0 traiter de l&rsquo;histoire de la civilisation islamique en Afrique, apr\u00e8s les deux premiers consacr\u00e9s respectivement \u00e0 l&rsquo;Afrique de l\u2019Ouest (Dakar, 1996) et \u00e0 l\u2019Afrique Orientale (Kampala, 2003).<\/p>\n<p>Le congr\u00e8s de Johannesburg avait pour but, entre autres, d\u2019accro\u00eetre la connaissance sur l&rsquo;histoire et le patrimoine de l&rsquo;Islam dans les \u00c9tats membres de l&rsquo;OCI et leurs voisins dans la r\u00e9gion; de faire mieux conna\u00eetre le patrimoine religieux et culturel des musulmans de l&rsquo;Afrique Australe par eux-m\u00eames et les autres communaut\u00e9s ; de promouvoir le dialogue entre les peuples musulmans de la r\u00e9gion et les peuples des autres religions et cultures. Le congr\u00e8s a retenu l\u2019attention des universitaires et du public et a attir\u00e9 un grand nombre de participants.<\/p>\n<p>Le livre contient les allocutions d&rsquo;ouverture du Secr\u00e9taire g\u00e9n\u00e9ral de l\u2019OCI le Prof. Ekmeleddin Ihsanoglu, du Directeur g\u00e9n\u00e9ral de l\u2019IRCICA le Dr. Halit Eren, du Dr. Essop Goolam Pahad Ministre \u00e0 la Pr\u00e9sidence de l&rsquo;Afrique du Sud, et de M. Ebrahim Rasool Premier Ministre. Celles-ci sont suivies de l&rsquo;article majistral du Dr. Mahomed Haroon, intitul\u00e9 \u201cLes Communaut\u00e9s Musulmanes de l&rsquo;Afrique Australe dans le Contexte du Savoir\u201d. Viennent ensuite six articles sous le titre de section de \u201cContexte Historique\u201d, cinq articles sous \u201cLe D\u00e9fi du Racisme et la R\u00e9ponse en Politique\u201d, sept articles sous \u201cLa Culture Spirituelle et l&rsquo;Apprentissage\u201d, et sept articles sous le titre de \u201cmiscellan\u00e9es\u201d. Les expos\u00e9s ont \u00e9t\u00e9 \u00e9dit\u00e9s par Mahomed Haroon et Suleman Essop Dangor, sp\u00e9cialistes de l&rsquo;histoire et de la culture islamiques en Afrique Australe. La haute qualit\u00e9 et la vari\u00e9t\u00e9 des articles ont permis une couverture compl\u00e8te du th\u00e8me comme en t\u00e9moignent les titres de section ci-dessus.<\/p>\n","protected":false},"excerpt":{"rendered":"<p>Johannesburg, Afrique du Sud, 1-3 septembre 2006<br \/>\nEditeurs : Mahomed Haroon, Suleman Essop Dangor<br \/>\nIRCICA, Istanbul, 2009<br \/>\nen anglais<\/p>\n","protected":false},"featured_media":22786,"template":"","meta":{"_acf_changed":false,"_mi_skip_tracking":false},"product_cat":[180,164],"product_tag":[],"class_list":{"0":"post-22805","1":"product","2":"type-product","3":"status-publish","4":"has-post-thumbnail","6":"product_cat-afrique","7":"product_cat-histoire-de-la-civilisation-islamique","9":"first","10":"instock","11":"shipping-taxable","12":"product-type-simple"},"acf":[],"aioseo_notices":[],"_links":{"self":[{"href":"https:\/\/www.ircica.org\/fr\/wp-json\/wp\/v2\/product\/22805","targetHints":{"allow":["GET"]}}],"collection":[{"href":"https:\/\/www.ircica.org\/fr\/wp-json\/wp\/v2\/product"}],"about":[{"href":"https:\/\/www.ircica.org\/fr\/wp-json\/wp\/v2\/types\/product"}],"wp:featuredmedia":[{"embeddable":true,"href":"https:\/\/www.ircica.org\/fr\/wp-json\/wp\/v2\/media\/22786"}],"wp:attachment":[{"href":"https:\/\/www.ircica.org\/fr\/wp-json\/wp\/v2\/media?parent=22805"}],"wp:term":[{"taxonomy":"product_cat","embeddable":true,"href":"https:\/\/www.ircica.org\/fr\/wp-json\/wp\/v2\/product_cat?post=22805"},{"taxonomy":"product_tag","embeddable":true,"href":"https:\/\/www.ircica.org\/fr\/wp-json\/wp\/v2\/product_tag?post=22805"}],"curies":[{"name":"wp","href":"https:\/\/api.w.org\/{rel}","templated":true}]}}