{"id":22837,"date":"2007-05-28T00:00:00","date_gmt":"2007-05-27T21:00:00","guid":{"rendered":"https:\/\/www.ircica.org\/publications\/non%20class\u00e9\/catalogue-of-winners-plates-in-the-seventh-international-calligraphy-competition-in-the-name-of-hashim-mohammad-al-baghdadi-1335-1393-h-1917-1973-m"},"modified":"2024-04-03T12:06:58","modified_gmt":"2024-04-03T09:06:58","slug":"catalogue-of-winners-plates-in-the-seventh-international-calligraphy-competition-in-the-name-of-hashim-mohammad-al-baghdadi-1335-1393-h-1917-1973-m","status":"publish","type":"product","link":"https:\/\/www.ircica.org\/fr\/publications\/arts-artisanats\/catalogue-des-oeuvres-primees-au-7e-concours-international-de-calligraphie-au-nom-de-hachim-mohammad-al-bagdadi-1335-1393-h1917-1973-apr-j-c","title":{"rendered":"Catalogue des oeuvres prim\u00e9es au 7e concours international de calligraphie au nom de Hachim Mohammad Al-Bagdadi (1335-1393 H\/1917-1973 apr. J.-C.)"},"content":{"rendered":"<p>Ce catalogue contient les images des 94 \u0153uvres calligraphiques ayant \u00e9t\u00e9 prim\u00e9es au Septi\u00e8me concours international de calligraphie organis\u00e9 par l\u2019IRCICA en 2007. Suivant la tradition de l\u2019IRCICA qui consiste \u00e0 d\u00e9dier chacun de ces concours \u00e0 un \u00e9minent ma\u00eetre calligraphe, le septi\u00e8me concours avait \u00e9t\u00e9 organis\u00e9 au nom du calligraphe irakien Hachim Mohammad Al-Bagdadi (1335-1393 H\/1917-1973). 916 calligraphes de 38 pays y avaient particip\u00e9, avec 1616 \u0153uvres dans quatorze style diff\u00e9rents, \u00e0 savor: jali thuluth, thuluth, naskh, jali talik, nastalik, jali diwani, diwani, kufi, muhakkak, reyhani, ijaza, rika, maghribi et khurda talik. 21 prix et 74 mentions avaient \u00e9t\u00e9 distribu\u00e9s aux 94 calligraphies pr\u00e9sent\u00e9es dans le catalogue. En outre, sur d\u00e9cision du jury, 42 autres participants avaient re\u00e7u des prix d\u2019encouragement. Ainsi, en total, 119 calligraphes de 25 pays avaient \u00e9t\u00e9 r\u00e9compens\u00e9s. En plus des images des \u0153uvres prim\u00e9es par des prix et mentions, le catalogue contient les noms et coordonn\u00e9es des calligraphes, et une liste de ceux qui ont re\u00e7u des prix d\u2019encouragement, ceci en vue de faciliter les communications entre eux.<\/p>\n","protected":false},"excerpt":{"rendered":"<p>Pr\u00e9par\u00e9 par Mohammed Tamimi<br \/>\nIstanbul, 2007<br \/>\n(en arabe, anglais et turc)<\/p>\n","protected":false},"featured_media":22810,"template":"","meta":{"_acf_changed":false,"_mi_skip_tracking":false},"product_cat":[189],"product_tag":[],"class_list":{"0":"post-22837","1":"product","2":"type-product","3":"status-publish","4":"has-post-thumbnail","6":"product_cat-arts-artisanats","8":"first","9":"outofstock","10":"shipping-taxable","11":"purchasable","12":"product-type-simple"},"acf":[],"aioseo_notices":[],"_links":{"self":[{"href":"https:\/\/www.ircica.org\/fr\/wp-json\/wp\/v2\/product\/22837","targetHints":{"allow":["GET"]}}],"collection":[{"href":"https:\/\/www.ircica.org\/fr\/wp-json\/wp\/v2\/product"}],"about":[{"href":"https:\/\/www.ircica.org\/fr\/wp-json\/wp\/v2\/types\/product"}],"wp:featuredmedia":[{"embeddable":true,"href":"https:\/\/www.ircica.org\/fr\/wp-json\/wp\/v2\/media\/22810"}],"wp:attachment":[{"href":"https:\/\/www.ircica.org\/fr\/wp-json\/wp\/v2\/media?parent=22837"}],"wp:term":[{"taxonomy":"product_cat","embeddable":true,"href":"https:\/\/www.ircica.org\/fr\/wp-json\/wp\/v2\/product_cat?post=22837"},{"taxonomy":"product_tag","embeddable":true,"href":"https:\/\/www.ircica.org\/fr\/wp-json\/wp\/v2\/product_tag?post=22837"}],"curies":[{"name":"wp","href":"https:\/\/api.w.org\/{rel}","templated":true}]}}