{"id":22964,"date":"2004-04-08T12:18:54","date_gmt":"2004-04-08T09:18:54","guid":{"rendered":"https:\/\/www.ircica.org\/publications\/non%20class\u00e9\/catalogue-of-winners-plates-in-the-sixth-international-calligraphy-competition-in-the-name-of-mir-imad-alhaseni-1554-1615"},"modified":"2024-04-09T09:12:16","modified_gmt":"2024-04-09T06:12:16","slug":"catalogue-of-winners-plates-in-the-sixth-international-calligraphy-competition-in-the-name-of-mir-imad-alhaseni-1554-1615","status":"publish","type":"product","link":"https:\/\/www.ircica.org\/fr\/publications\/arts-artisanats\/catalogue-des-oeuvres-primees-au-sixieme-concours-international-de-calligraphie-au-nom-de-mir-imad-al-haseni-1554-1615","title":{"rendered":"Catalogue des oeuvres prim\u00e9es au sixi\u00e8me concours international de calligraphie au nom de Mir Imad al-Haseni (1554-1615)"},"content":{"rendered":"<p>Ce catalogue contient les images des soixante-dix-sept calligraphies prim\u00e9es au Sixi\u00e8me Concours International de Calligraphie organis\u00e9 par l&rsquo;IRCICA en 2004. Le concours \u00e9tait d\u00e9di\u00e9 \u00e0 l&rsquo;illustre calligraphe iranien et pionnier du style nestaliq Mir Imad al-Haseni, \u00e0 l&rsquo;occasion du 400e anniversaire de sa mort (1024 H-1615 apr. J.C.. Le concours a \u00e9t\u00e9 r\u00e9alis\u00e9 dans quatorze styles principaux de calligraphie connus et r\u00e9pandus dans le monde. Les \u0153uvres gagnantes, s\u00e9lectionn\u00e9es parmi 1800 oeuvres soumises par 930 participants dans 36 pays, ont \u00e9t\u00e9 annonc\u00e9es lors d&rsquo;une conf\u00e9rence de presse tenue le 25 mars 2004. Outre les r\u00e9compenses distribu\u00e9es dans les diff\u00e9rentes cat\u00e9gories de styles, trente-trois prix d&rsquo;incitation ont \u00e9t\u00e9 d\u00e9cern\u00e9s \u00e0 des calligraphes prometteurs originaires de pays o\u00f9 cet art est en plein essor. Au total, 110 r\u00e9compenses et prix d&rsquo;incitation ont \u00e9t\u00e9 distribu\u00e9s \u00e0 quatre-vingt-quatorze calligraphes de trente pays. Le catalogue contient une liste des laur\u00e9ats avec leurs coordonn\u00e9es, afin de promouvoir la communication entre eux. Ce n&rsquo;est pas seulement un catalogue artistique mais constitue \u00e9galement une r\u00e9f\u00e9rence pour les calligraphes.<\/p>\n","protected":false},"excerpt":{"rendered":"<p>Pr\u00e9par\u00e9 par Mohammed Tamimi<br \/>\nCompil\u00e9 par Said Kas\u0131mo\u011flu<br \/>\nIRCICA, Istanbul, 2004<br \/>\nISBN 929063143O<\/p>\n","protected":false},"featured_media":22950,"template":"","meta":{"_acf_changed":false,"_mi_skip_tracking":false},"product_cat":[189],"product_tag":[],"class_list":{"0":"post-22964","1":"product","2":"type-product","3":"status-publish","4":"has-post-thumbnail","6":"product_cat-arts-artisanats","8":"first","9":"instock","10":"shipping-taxable","11":"product-type-simple"},"acf":[],"aioseo_notices":[],"_links":{"self":[{"href":"https:\/\/www.ircica.org\/fr\/wp-json\/wp\/v2\/product\/22964","targetHints":{"allow":["GET"]}}],"collection":[{"href":"https:\/\/www.ircica.org\/fr\/wp-json\/wp\/v2\/product"}],"about":[{"href":"https:\/\/www.ircica.org\/fr\/wp-json\/wp\/v2\/types\/product"}],"wp:featuredmedia":[{"embeddable":true,"href":"https:\/\/www.ircica.org\/fr\/wp-json\/wp\/v2\/media\/22950"}],"wp:attachment":[{"href":"https:\/\/www.ircica.org\/fr\/wp-json\/wp\/v2\/media?parent=22964"}],"wp:term":[{"taxonomy":"product_cat","embeddable":true,"href":"https:\/\/www.ircica.org\/fr\/wp-json\/wp\/v2\/product_cat?post=22964"},{"taxonomy":"product_tag","embeddable":true,"href":"https:\/\/www.ircica.org\/fr\/wp-json\/wp\/v2\/product_tag?post=22964"}],"curies":[{"name":"wp","href":"https:\/\/api.w.org\/{rel}","templated":true}]}}