{"id":22982,"date":"2017-10-26T00:00:00","date_gmt":"2017-10-25T21:00:00","guid":{"rendered":"https:\/\/www.ircica.org\/publications\/non%20class\u00e9\/tabriz-international-award-for-innovation-and-creativity-in-crafts-album-of-the-winning-entries"},"modified":"2024-04-15T11:38:22","modified_gmt":"2024-04-15T08:38:22","slug":"tabriz-international-award-for-innovation-and-creativity-in-crafts-album-of-the-winning-entries","status":"publish","type":"product","link":"https:\/\/www.ircica.org\/fr\/publications\/arts-artisanats\/lalbum-des-oeuvres-gagnantes-du-prix-international-de-tabriz-pour-linnovation-et-la-creativite-dans-lartisanat","title":{"rendered":"L\u2019album des \u0153uvres gagnantes du prix international de Tabriz pour l\u2019innovation et la cr\u00e9ativit\u00e9 dans l\u2019artisanat"},"content":{"rendered":"<p>L\u2019album des \u0153uvres gagnantes du \u00ab Prix international de Tabriz pour l\u2019innovation et la cr\u00e9ativit\u00e9 dans l\u2019artisanat \u00bb, organis\u00e9 dans le cadre du \u00ab Festival international de Tabriz : des arts, du patrimoine et de la cr\u00e9ativit\u00e9 \u00bb qui eut lieu \u00e0 Tabriz, Iran, du 8 au 15 mai 2015, a \u00e9t\u00e9 publi\u00e9. Le festival a \u00e9t\u00e9 organis\u00e9 par l\u2019IRCICA et l\u2019Universit\u00e9 des arts islamiques de Tabriz, en coop\u00e9ration avec l\u2019Organisation de la culture et des relations islamiques, Iran. Il a r\u00e9uni des artisans dans des pavillons en forme de village artisanal o\u00f9 ils ont expos\u00e9 leurs \u0153uvres et fait d\u00e9monstration de leurs outils et techniques.<\/p>\n<p>Dans le cadre du prix susmentionn\u00e9, des primes totalisant 60.000 US$ ont \u00e9t\u00e9 accord\u00e9es pour dix m\u00e9tiers d\u2019artisanat, chaque m\u00e9tier ayant re\u00e7u trois primes d\u2019une valeur de 6.000 $ : la premi\u00e8re prime se monte \u00e0 3.000 $, la deuxi\u00e8me \u00e0 2.000 $ et la troisi\u00e8me \u00e0 1.000 $. L\u2019album fournit des renseignements sur l\u2019ensemble des \u0153uvres gagnantes du prix, r\u00e9alis\u00e9es par des artisans de diff\u00e9rentes r\u00e9gions du monde. Il renferme aussi des photos de produits d\u2019artisanat r\u00e9cents r\u00e9alis\u00e9s par de grands artisans dans diff\u00e9rents domaines de l\u2019artisanat comme la miniature, la dorure, l\u2019ornementation, les tapis et les carpettes, les costumes, la broderie, la mosa\u00efque, les vitraux \u2026etc. L\u2019album a \u00e9t\u00e9 publi\u00e9 en arabe (425 pp.) et en anglais (457 pp.).<\/p>\n","protected":false},"excerpt":{"rendered":"<p>Pr\u00e9par\u00e9 par Nazeih Taleb Maarouf<br \/>\nIRCICA, Istanbul, 2017<\/p>\n","protected":false},"featured_media":22975,"template":"","meta":{"_acf_changed":false,"_mi_skip_tracking":false},"product_cat":[189],"product_tag":[],"class_list":{"0":"post-22982","1":"product","2":"type-product","3":"status-publish","4":"has-post-thumbnail","6":"product_cat-arts-artisanats","8":"first","9":"instock","10":"shipping-taxable","11":"product-type-simple"},"acf":[],"aioseo_notices":[],"_links":{"self":[{"href":"https:\/\/www.ircica.org\/fr\/wp-json\/wp\/v2\/product\/22982","targetHints":{"allow":["GET"]}}],"collection":[{"href":"https:\/\/www.ircica.org\/fr\/wp-json\/wp\/v2\/product"}],"about":[{"href":"https:\/\/www.ircica.org\/fr\/wp-json\/wp\/v2\/types\/product"}],"wp:featuredmedia":[{"embeddable":true,"href":"https:\/\/www.ircica.org\/fr\/wp-json\/wp\/v2\/media\/22975"}],"wp:attachment":[{"href":"https:\/\/www.ircica.org\/fr\/wp-json\/wp\/v2\/media?parent=22982"}],"wp:term":[{"taxonomy":"product_cat","embeddable":true,"href":"https:\/\/www.ircica.org\/fr\/wp-json\/wp\/v2\/product_cat?post=22982"},{"taxonomy":"product_tag","embeddable":true,"href":"https:\/\/www.ircica.org\/fr\/wp-json\/wp\/v2\/product_tag?post=22982"}],"curies":[{"name":"wp","href":"https:\/\/api.w.org\/{rel}","templated":true}]}}