{"id":23018,"date":"2015-12-03T00:00:00","date_gmt":"2015-12-02T22:00:00","guid":{"rendered":"https:\/\/www.ircica.org\/publications\/non%20class\u00e9\/world-bibliography-of-translations-of-the-holy-quran-in-manuscript-form-iii-translations-and-exegeses-in-turkish"},"modified":"2024-04-15T16:30:36","modified_gmt":"2024-04-15T13:30:36","slug":"world-bibliography-of-translations-of-the-holy-quran-in-manuscript-form-iii-translations-and-exegeses-in-turkish","status":"publish","type":"product","link":"https:\/\/www.ircica.org\/fr\/publications\/etudes-sur-le-saint-coran\/bibliographie-mondiale-des-traductions-manuscrites-du-saint-coran-iii-traductions-et-interpretations-en-turc","title":{"rendered":"Bibliographie mondiale des traductions manuscrites du Saint Coran III (Traductions et interpr\u00e9tations en turc)"},"content":{"rendered":"<p>L\u2019une des principales dimensions du programme d\u2019activit\u00e9s de l\u2019IRCICA dans le domaine des \u00e9tudes sur le Saint Coran consiste en des compilations bibliographiques sur les traductions et interpr\u00e9tations imprim\u00e9es et manuscrites du Saint Coran. Son premier fruit, la <em>Bibliographie mondiale des traductions du Saint Coran. Traductions imprim\u00e9es 1515-1980, <\/em>avait paru en 1986\u00a0; la deuxi\u00e8me \u00e9dition de cette bibliographie, compl\u00e9t\u00e9 en 2024, sera disponible en format \u00e9lectronique.<\/p>\n<p>Concernant les traductions et interpr\u00e9tations du Saint Coran sous forme manuscrite, le premier livre, publi\u00e9 en 2000, \u00e9tait intitul\u00e9 <em>Bibliographie mondiale des traductions manuscrites du Saint Coran I (traductions en turques, persanes et ourdoues exclues)<\/em>. Il cite 293 traductions en 58 langues. Le deuxi\u00e8me volume, la Bibliographie mondiale des traductions manuscrites du Saint Coran II (Traductions en ourdou), compil\u00e9e par M. Ahmad Khan (Pakistan) et contenant 226 articles, a paru en 2009.<\/p>\n<p>Le troisi\u00e8me volume, un vaste ouvrage intitul\u00e9 <em>Bibliographie mondiale des traductions manuscrites du Saint Coran III (Traductions et interpr\u00e9tations<\/em> <em>en turc)<\/em>, a \u00e9t\u00e9 pr\u00e9par\u00e9 \u00e0 partir de donn\u00e9es recueillies par l\u2019examen de divers catalogues de biblioth\u00e8ques et publications bibliographiques.<\/p>\n","protected":false},"excerpt":{"rendered":"<p>S\u00e9rie de bibliographies du Saint Coran no. 4<br \/>\nIstanbul, 2015<br \/>\nXVIII, 511 p., 29 cm.<br \/>\n(en anglais et turc)<\/p>\n","protected":false},"featured_media":22988,"template":"","meta":{"_acf_changed":false,"_mi_skip_tracking":false},"product_cat":[183,117],"product_tag":[],"class_list":{"0":"post-23018","1":"product","2":"type-product","3":"status-publish","4":"has-post-thumbnail","6":"product_cat-bibliographies-catalogues-3","7":"product_cat-etudes-sur-le-saint-coran","9":"first","10":"instock","11":"shipping-taxable","12":"product-type-simple"},"acf":[],"aioseo_notices":[],"_links":{"self":[{"href":"https:\/\/www.ircica.org\/fr\/wp-json\/wp\/v2\/product\/23018","targetHints":{"allow":["GET"]}}],"collection":[{"href":"https:\/\/www.ircica.org\/fr\/wp-json\/wp\/v2\/product"}],"about":[{"href":"https:\/\/www.ircica.org\/fr\/wp-json\/wp\/v2\/types\/product"}],"wp:featuredmedia":[{"embeddable":true,"href":"https:\/\/www.ircica.org\/fr\/wp-json\/wp\/v2\/media\/22988"}],"wp:attachment":[{"href":"https:\/\/www.ircica.org\/fr\/wp-json\/wp\/v2\/media?parent=23018"}],"wp:term":[{"taxonomy":"product_cat","embeddable":true,"href":"https:\/\/www.ircica.org\/fr\/wp-json\/wp\/v2\/product_cat?post=23018"},{"taxonomy":"product_tag","embeddable":true,"href":"https:\/\/www.ircica.org\/fr\/wp-json\/wp\/v2\/product_tag?post=23018"}],"curies":[{"name":"wp","href":"https:\/\/api.w.org\/{rel}","templated":true}]}}