{"id":23053,"date":"2011-12-29T00:00:00","date_gmt":"2011-12-28T22:00:00","guid":{"rendered":"https:\/\/www.ircica.org\/publications\/non%20class\u00e9\/%d8%a8%d8%ad%d9%88%d8%ab-%d8%a7%d9%84%d9%86%d8%af%d9%88%d8%a9-%d8%a7%d9%84%d8%af%d9%88%d9%84%d9%8a%d8%a9-%d8%ad%d9%88%d9%84-%d8%a7%d9%84%d9%8a%d9%85%d9%86-%d9%81%d9%8a-%d8%a7%d9%84%d8%b9%d9%87%d8%af"},"modified":"2024-04-16T13:05:05","modified_gmt":"2024-04-16T10:05:05","slug":"%d8%a8%d8%ad%d9%88%d8%ab-%d8%a7%d9%84%d9%86%d8%af%d9%88%d8%a9-%d8%a7%d9%84%d8%af%d9%88%d9%84%d9%8a%d8%a9-%d8%ad%d9%88%d9%84-%d8%a7%d9%84%d9%8a%d9%85%d9%86-%d9%81%d9%8a-%d8%a7%d9%84%d8%b9%d9%87%d8%af","status":"publish","type":"product","link":"https:\/\/www.ircica.org\/fr\/publications\/histoire-de-la-civilisation-islamique\/asie\/moyen-orient-et-mediterranee\/actes-du-congres-international-sur-le-yemen-a-lepoque-ottomane","title":{"rendered":"Actes du Congr\u00e8s international sur le Y\u00e9men \u00e0 l\u2019\u00e9poque ottomane"},"content":{"rendered":"<p>Le congr\u00e8s international sur \u00ab Le Y\u00e9men \u00e0 l&rsquo;\u00e9poque ottomane \u00bb a \u00e9t\u00e9 organis\u00e9 par les Archives nationales du Y\u00e9men et l&rsquo;IRCICA sous le patronage du Pr\u00e9sident du Y\u00e9men, S.E.M. Ali Abdullah Saleh, \u00e0 Sanaa, les 16 et 17 d\u00e9cembre 2009. Le congr\u00e8s a abord\u00e9 une vari\u00e9t\u00e9 de sujets allant des politiques de d\u00e9veloppement et d&rsquo;administration de l&rsquo;\u00c9tat jusqu\u2019\u00e0 la vie culturelle, \u00e9conomique et sociale et aux relations internationales du Y\u00e9men pendant la p\u00e9riode ottomane. En plus de pr\u00e9senter les r\u00e9sultats des recherches, les participants ont discut\u00e9 des questions de perspective et de m\u00e9thodologie et ont soulign\u00e9 l&rsquo;importance de fonder les \u00e9tudes sur des sources d&rsquo;archives de premi\u00e8re main, dans la mesure du possible.<\/p>\n<p>D\u2019autres publications de l\u2019IRCICA li\u00e9es au Y\u00e9men sont issues de ses diff\u00e9rents programmes d\u2019activit\u00e9s. Un album de photographies historiques du Y\u00e9men choisies des archives de l\u2019IRCICA et intitul\u00e9 <em>L\u2019amiti\u00e9 entre la Turquie et le Y\u00e9men \u00e0 travers l\u2019histoire<\/em>\u00a0a \u00e9t\u00e9 publi\u00e9 en 2011.<\/p>\n","protected":false},"excerpt":{"rendered":"<p>Istanbul, 2011<br \/>\n(textes en arabe, anglais et turc)<\/p>\n","protected":false},"featured_media":23030,"template":"","meta":{"_acf_changed":false,"_mi_skip_tracking":false},"product_cat":[164,362],"product_tag":[],"class_list":{"0":"post-23053","1":"product","2":"type-product","3":"status-publish","4":"has-post-thumbnail","6":"product_cat-histoire-de-la-civilisation-islamique","7":"product_cat-moyen-orient-et-mediterranee","9":"first","10":"instock","11":"shipping-taxable","12":"product-type-simple"},"acf":[],"aioseo_notices":[],"_links":{"self":[{"href":"https:\/\/www.ircica.org\/fr\/wp-json\/wp\/v2\/product\/23053","targetHints":{"allow":["GET"]}}],"collection":[{"href":"https:\/\/www.ircica.org\/fr\/wp-json\/wp\/v2\/product"}],"about":[{"href":"https:\/\/www.ircica.org\/fr\/wp-json\/wp\/v2\/types\/product"}],"wp:featuredmedia":[{"embeddable":true,"href":"https:\/\/www.ircica.org\/fr\/wp-json\/wp\/v2\/media\/23030"}],"wp:attachment":[{"href":"https:\/\/www.ircica.org\/fr\/wp-json\/wp\/v2\/media?parent=23053"}],"wp:term":[{"taxonomy":"product_cat","embeddable":true,"href":"https:\/\/www.ircica.org\/fr\/wp-json\/wp\/v2\/product_cat?post=23053"},{"taxonomy":"product_tag","embeddable":true,"href":"https:\/\/www.ircica.org\/fr\/wp-json\/wp\/v2\/product_tag?post=23053"}],"curies":[{"name":"wp","href":"https:\/\/api.w.org\/{rel}","templated":true}]}}