{"id":23086,"date":"2011-04-17T09:05:47","date_gmt":"2011-04-17T06:05:47","guid":{"rendered":"https:\/\/www.ircica.org\/publications\/non%20class\u00e9\/photographs-on-the-friendship-between-turkey-and-yemen-throughout-history"},"modified":"2024-04-17T09:25:58","modified_gmt":"2024-04-17T06:25:58","slug":"photographs-on-the-friendship-between-turkey-and-yemen-throughout-history","status":"publish","type":"product","link":"https:\/\/www.ircica.org\/fr\/publications\/photographies-historiques\/photographies-sur-lamitie-entre-la-turquie-et-le-yemen-a-travers-lhistoire","title":{"rendered":"Photographies sur l&rsquo;amiti\u00e9 entre la Turquie et le Y\u00e9men \u00e0 travers l&rsquo;histoire"},"content":{"rendered":"<p>L&rsquo;album de photographies historiques du Y\u00e9men publi\u00e9 par l&rsquo;IRCICA contient 122 photographies s\u00e9lectionn\u00e9es dans ses archives, principalement les Albums du Sultan Abdulhamid II datant de la fin du XIXe-d\u00e9but du XXe si\u00e8cle. L&rsquo;album refl\u00e8te les m\u00e9moires partag\u00e9es des peuples du Y\u00e9men et d&rsquo;autres pays musulmans de la p\u00e9riode ottomane. Un choix de 54 photographies de l&rsquo;album a \u00e9t\u00e9 expos\u00e9 au public \u00e0 Sanaa la m\u00eame ann\u00e9e et des exemplaires en ont \u00e9t\u00e9 pr\u00e9sent\u00e9s au Pr\u00e9sident du Y\u00e9men, S.E.M. Ali Abdullah Saleh et le Premier Ministre, M. Ali Muhammed Mujur en l\u2019occasion.<\/p>\n","protected":false},"excerpt":{"rendered":"<p>Album<br \/>\nIRCICA, Istanbul, 2011<br \/>\n(anglais, arabe, turc)<\/p>\n","protected":false},"featured_media":23071,"template":"","meta":{"_acf_changed":false,"_mi_skip_tracking":false},"product_cat":[169],"product_tag":[],"class_list":{"0":"post-23086","1":"product","2":"type-product","3":"status-publish","4":"has-post-thumbnail","6":"product_cat-photographies-historiques","8":"first","9":"outofstock","10":"shipping-taxable","11":"purchasable","12":"product-type-simple"},"acf":[],"aioseo_notices":[],"_links":{"self":[{"href":"https:\/\/www.ircica.org\/fr\/wp-json\/wp\/v2\/product\/23086","targetHints":{"allow":["GET"]}}],"collection":[{"href":"https:\/\/www.ircica.org\/fr\/wp-json\/wp\/v2\/product"}],"about":[{"href":"https:\/\/www.ircica.org\/fr\/wp-json\/wp\/v2\/types\/product"}],"wp:featuredmedia":[{"embeddable":true,"href":"https:\/\/www.ircica.org\/fr\/wp-json\/wp\/v2\/media\/23071"}],"wp:attachment":[{"href":"https:\/\/www.ircica.org\/fr\/wp-json\/wp\/v2\/media?parent=23086"}],"wp:term":[{"taxonomy":"product_cat","embeddable":true,"href":"https:\/\/www.ircica.org\/fr\/wp-json\/wp\/v2\/product_cat?post=23086"},{"taxonomy":"product_tag","embeddable":true,"href":"https:\/\/www.ircica.org\/fr\/wp-json\/wp\/v2\/product_tag?post=23086"}],"curies":[{"name":"wp","href":"https:\/\/api.w.org\/{rel}","templated":true}]}}