{"id":23122,"date":"2002-08-24T00:00:00","date_gmt":"2002-08-23T21:00:00","guid":{"rendered":"https:\/\/www.ircica.org\/publications\/non%20class\u00e9\/catalogue-of-winners-plates-in-the-fifth-international-calligraphy-competition-in-the-name-of-sayyid-ibrahim"},"modified":"2024-04-17T09:44:51","modified_gmt":"2024-04-17T06:44:51","slug":"catalogue-of-winners-plates-in-the-fifth-international-calligraphy-competition-in-the-name-of-sayyid-ibrahim","status":"publish","type":"product","link":"https:\/\/www.ircica.org\/fr\/publications\/arts-artisanats\/catalogue-des-oeuvres-primees-du-cinquieme-concours-international-de-calligraphie-au-nom-de-sayyid-ibrahim-1897-1994","title":{"rendered":"Catalogue des \u0153uvres prim\u00e9es du Cinqui\u00e8me Concours International de Calligraphie au nom de Sayyid Ibrahim (1897-1994)"},"content":{"rendered":"<p>La cinqui\u00e8me \u00e9dition du Concours international de calligraphie de l\u2019IRCICA a \u00e9t\u00e9 conduite pendant 2000 et 2001, et le catalogue de ses \u0153uvres prim\u00e9es a \u00e9t\u00e9 publi\u00e9 en 2002. Suivant la tradition adopt\u00e9e pour ce concours, cette \u00e9dition a \u00e9t\u00e9 d\u00e9di\u00e9e au calligraphe \u00e9gyptien Sayyid Ibrahim en reconnaissance de ses contributions \u00e0 cet art. 1885 \u0153uvres ont \u00e9t\u00e9 soumises au concours par 909 participants de 37 pays. 127 participants de 34 pays ont remport\u00e9 des prix et mentions. Le catalogue contient les images des \u0153uvres ayant re\u00e7u les trois premiers prix dans diverses cat\u00e9gories de styles, soit 79 \u0153uvres.<\/p>\n","protected":false},"excerpt":{"rendered":"<p>Pr\u00e9par\u00e9 par Mohammed Tamimi<br \/>\nIstanbul, 2002<br \/>\n(en arabe, anglais et turc)<br \/>\nISBN 92-9063-121-X<\/p>\n","protected":false},"featured_media":23096,"template":"","meta":{"_acf_changed":false,"_mi_skip_tracking":false},"product_cat":[189],"product_tag":[],"class_list":{"0":"post-23122","1":"product","2":"type-product","3":"status-publish","4":"has-post-thumbnail","6":"product_cat-arts-artisanats","8":"first","9":"instock","10":"shipping-taxable","11":"product-type-simple"},"acf":[],"aioseo_notices":[],"_links":{"self":[{"href":"https:\/\/www.ircica.org\/fr\/wp-json\/wp\/v2\/product\/23122","targetHints":{"allow":["GET"]}}],"collection":[{"href":"https:\/\/www.ircica.org\/fr\/wp-json\/wp\/v2\/product"}],"about":[{"href":"https:\/\/www.ircica.org\/fr\/wp-json\/wp\/v2\/types\/product"}],"wp:featuredmedia":[{"embeddable":true,"href":"https:\/\/www.ircica.org\/fr\/wp-json\/wp\/v2\/media\/23096"}],"wp:attachment":[{"href":"https:\/\/www.ircica.org\/fr\/wp-json\/wp\/v2\/media?parent=23122"}],"wp:term":[{"taxonomy":"product_cat","embeddable":true,"href":"https:\/\/www.ircica.org\/fr\/wp-json\/wp\/v2\/product_cat?post=23122"},{"taxonomy":"product_tag","embeddable":true,"href":"https:\/\/www.ircica.org\/fr\/wp-json\/wp\/v2\/product_tag?post=23122"}],"curies":[{"name":"wp","href":"https:\/\/api.w.org\/{rel}","templated":true}]}}