{"id":23222,"date":"2015-02-22T00:00:00","date_gmt":"2015-02-21T22:00:00","guid":{"rendered":"https:\/\/www.ircica.org\/publications\/non%20class\u00e9\/proceedings-of-the-fifth-international-symposium-on-islamic-civilization-in-volga-ural-region"},"modified":"2024-04-24T10:30:23","modified_gmt":"2024-04-24T07:30:23","slug":"proceedings-of-the-fifth-international-symposium-on-islamic-civilization-in-volga-ural-region","status":"publish","type":"product","link":"https:\/\/www.ircica.org\/fr\/publications\/histoire-de-la-civilisation-islamique\/europe-de-lest-et-balkans\/actes-du-cinquieme-symposium-international-sur-la-civilisation-islamique-dans-la-region-de-la-volga-et-de-loural","title":{"rendered":"Actes du cinqui\u00e8me symposium international sur la civilisation islamique dans la r\u00e9gion de la Volga et de l\u2019Oural"},"content":{"rendered":"<p>Le cinqui\u00e8me symposium sur le th\u00e8me \u00ab La civilisation islamique dans la r\u00e9gion de la Volga et de l\u2019Oural \u00bb a \u00e9t\u00e9 organis\u00e9 conjointement par l&rsquo;IRCICA, l&rsquo;Institut Shehabeddin Merdjani de l&rsquo;Acad\u00e9mie des sciences du Tatarstan, et l&rsquo;Universit\u00e9 islamique de Russie (Kazan) en juin 2012. Les communications ont trait\u00e9 de sujets sp\u00e9cifiques et de personnalit\u00e9s \u00e9minentes dans le cadre de l&rsquo;histoire de la pens\u00e9e et des tendances de modernisation dans la r\u00e9gion, des contacts et des \u00e9changes ayant eu lieu entre la r\u00e9gion et diverses parties du monde musulman dans les domaines culturels et \u00e9ducationnels, les d\u00e9veloppements urbains et architecturaux de la r\u00e9gion et les influences interculturelles, entre autres.<\/p>\n<p>La r\u00e9gion de la Volga et de l\u2019Oural est importante dans l\u2019histoire islamique. Les habitants de la r\u00e9gion se sont convertis au fil du temps \u00e0 l&rsquo;Islam en se familiarisant avec celui-ci gr\u00e2ce aux contacts avec les marchands venant du Kharezm et du Khorassan. Encourag\u00e9 par cette \u00e9volution, Almish Khan, dirigeant de l&rsquo;\u00c9tat de Bolghar dans la r\u00e9gion de la Volga au d\u00e9but du Xe si\u00e8cle, \u00e9tablit des relations avec le califat abbasside en envoyant un ambassadeur au calife Muqtedir Billah, lui demandant d&rsquo;assigner des \u00e9rudits religieux au Bolghar pour enseigner les pr\u00e9ceptes de l&rsquo;Islam. Le calife r\u00e9pondit favorablement en envoyant une d\u00e9l\u00e9gation abbasside au pays de Bolghar en 922. Almish Khan se convertit \u00e0 l&rsquo;islam et son \u00c9tat devint le premier pays musulman de la r\u00e9gion. Le premier r\u00e9cit \u00e9crit de cette relation est le cahier de voyage d&rsquo;Ibn Fadlan, qui \u00e9tait le secr\u00e9taire de l&rsquo;ambassadeur dans cette mission en direction de l&rsquo;\u00c9tat de Bolghar. Par la suite, des villes ont \u00e9t\u00e9 fond\u00e9es dans la r\u00e9gion avec des institutions islamiques telles que des mosqu\u00e9es, des madrasas et des tribunaux. La ville de Bolghar elle-m\u00eame s&rsquo;est transform\u00e9e en un centre commercial dynamique qui a attir\u00e9 des marchands des terres arabes, perses, turkm\u00e8nes, caspiennes, scandinaves et russes. Plus tard, apr\u00e8s la fondation de la ville de Kazan, le Khanat de Kazan est devenu chronologiquement le deuxi\u00e8me centre islamique de la r\u00e9gion. Ces processus et leur h\u00e9ritage actuel sont mis en valeur dans la s\u00e9rie de symposiums qui sont organis\u00e9s par l&rsquo;IRCICA en coop\u00e9ration avec les gouvernements et les institutions universitaires de la r\u00e9gion.<\/p>\n<p>Les deux premiers symposiums ont eu lieu \u00e0 Kazan, au Tatarstan, en 2001 et 2005 ; les troisi\u00e8me et quatri\u00e8me ont eu lieu \u00e0 Oufa, en Bachkirie, en 2008 et 2010. Leurs actes ont \u00e9galement \u00e9t\u00e9 publi\u00e9s. Nous esp\u00e9rons que ce cinqui\u00e8me livre d\u2019actes contribuera davantage aux travaux des universitaires et chercheurs int\u00e9ress\u00e9s.<\/p>\n","protected":false},"excerpt":{"rendered":"<p>Kazan, 14-16 juin 2012<br \/>\nS\u00e9rie des Sources et \u00e9tudes sur l&rsquo;histoire de la civilisation islamique nr. 31<br \/>\nIRCICA, Istanbul, 2015<br \/>\n223 p. (en anglais, russe et turc)<\/p>\n","protected":false},"featured_media":23212,"template":"","meta":{"_acf_changed":false,"_mi_skip_tracking":false},"product_cat":[364,164],"product_tag":[],"class_list":{"0":"post-23222","1":"product","2":"type-product","3":"status-publish","4":"has-post-thumbnail","6":"product_cat-europe-de-lest-et-balkans","7":"product_cat-histoire-de-la-civilisation-islamique","9":"first","10":"instock","11":"shipping-taxable","12":"product-type-simple"},"acf":[],"aioseo_notices":[],"_links":{"self":[{"href":"https:\/\/www.ircica.org\/fr\/wp-json\/wp\/v2\/product\/23222","targetHints":{"allow":["GET"]}}],"collection":[{"href":"https:\/\/www.ircica.org\/fr\/wp-json\/wp\/v2\/product"}],"about":[{"href":"https:\/\/www.ircica.org\/fr\/wp-json\/wp\/v2\/types\/product"}],"wp:featuredmedia":[{"embeddable":true,"href":"https:\/\/www.ircica.org\/fr\/wp-json\/wp\/v2\/media\/23212"}],"wp:attachment":[{"href":"https:\/\/www.ircica.org\/fr\/wp-json\/wp\/v2\/media?parent=23222"}],"wp:term":[{"taxonomy":"product_cat","embeddable":true,"href":"https:\/\/www.ircica.org\/fr\/wp-json\/wp\/v2\/product_cat?post=23222"},{"taxonomy":"product_tag","embeddable":true,"href":"https:\/\/www.ircica.org\/fr\/wp-json\/wp\/v2\/product_tag?post=23222"}],"curies":[{"name":"wp","href":"https:\/\/api.w.org\/{rel}","templated":true}]}}