{"id":23252,"date":"2015-12-22T00:00:00","date_gmt":"2015-12-21T22:00:00","guid":{"rendered":"https:\/\/www.ircica.org\/publications\/non%20class\u00e9\/qadi-registers-in-bulgaria-a-study-on-ottoman-court-registers-preserved-at-the-st-st-cyril-and-methodius-national-library"},"modified":"2024-04-25T10:50:26","modified_gmt":"2024-04-25T07:50:26","slug":"qadi-registers-in-bulgaria-a-study-on-ottoman-court-registers-preserved-at-the-st-st-cyril-and-methodius-national-library","status":"publish","type":"product","link":"https:\/\/www.ircica.org\/fr\/publications\/etat-ottoman-et-sa-civilisation\/les-registres-des-cadis-en-bulgarie-une-etude-sur-les-registres-judiciaires-ottomans-conserves-a-la-bibliotheque-nationale-st-st-cyril-et-methodius","title":{"rendered":"Les registres des cadis en Bulgarie. Une \u00e9tude sur les registres judiciaires ottomans conserv\u00e9s \u00e0 la Biblioth\u00e8que nationale St. St. Cyril et Methodius"},"content":{"rendered":"<p>Ce livre est le r\u00e9sultat d&rsquo;un travail de recherche approfondi du professeur Recep \u00c7i\u011fdem de l&rsquo;Universit\u00e9 de Harran en Turquie. Il analyse les archives des tribunaux ottomans de la charia conserv\u00e9s \u00e0 la Biblioth\u00e8que nationale St. St. Cyril et Methodius. Dans le premier chapitre de l&rsquo;ouvrage, l&rsquo;auteur donne des informations sur les affaires trait\u00e9es par ces tribunaux, les proc\u00e9dures de nomination des cadis (juges) et des naibs (juges adjoints), la terminologie du casier judiciaire, les documents d\u00e9livr\u00e9s par les tribunaux, et un certain nombre d&rsquo;autres sujets d&rsquo;int\u00e9r\u00eat pour l&rsquo;historien du droit. Le deuxi\u00e8me chapitre est consacr\u00e9 aux tribunaux des minorit\u00e9s musulmanes et aborde des th\u00e8mes tels que la structure des tribunaux de la charia ; le tribunal de premi\u00e8re instance, la cour d&rsquo;appel, la Haute Cour de la charia, les relations entre les tribunaux de la charia et les tribunaux la\u00efcs, les autorit\u00e9s administratives, les fonctionnaires, les avocats, l&rsquo;\u00e9tendue du pouvoir de ces tribunaux, entre autres. Le troisi\u00e8me chapitre, qui constitue la partie principale de l&rsquo;\u00e9tude, examine les registres individuels. Au total, 191 registres conserv\u00e9s dans la biblioth\u00e8que ont \u00e9t\u00e9 examin\u00e9s et les documents relatifs \u00e0 chaque cas ont \u00e9t\u00e9 num\u00e9ris\u00e9s. L&rsquo;avant-propos du professeur \u00c7i\u011fdem explique en d\u00e9tail les principales caract\u00e9ristiques de chaque chapitre et pr\u00e9cise que le troisi\u00e8me chapitre se concentre principalement sur les tribunaux de la charia de la p\u00e9riode de l&rsquo;ind\u00e9pendance en Bulgarie en particulier, entre 1878 et 1945. La bibliographie abondante et l&rsquo;index des noms de personnes seront utiles aux chercheurs concern\u00e9s.<\/p>\n","protected":false},"excerpt":{"rendered":"<p>Recep \u00c7i\u011fdem<br \/>\nS\u00e9rie de cours de la Charia nr. 7<br \/>\nIRCICA, Istanbul, 2015<br \/>\n420 p. (en anglais)<\/p>\n","protected":false},"featured_media":23242,"template":"","meta":{"_acf_changed":false,"_mi_skip_tracking":false},"product_cat":[367],"product_tag":[],"class_list":{"0":"post-23252","1":"product","2":"type-product","3":"status-publish","4":"has-post-thumbnail","6":"product_cat-etat-ottoman-et-sa-civilisation","8":"first","9":"instock","10":"shipping-taxable","11":"product-type-simple"},"acf":[],"aioseo_notices":[],"_links":{"self":[{"href":"https:\/\/www.ircica.org\/fr\/wp-json\/wp\/v2\/product\/23252","targetHints":{"allow":["GET"]}}],"collection":[{"href":"https:\/\/www.ircica.org\/fr\/wp-json\/wp\/v2\/product"}],"about":[{"href":"https:\/\/www.ircica.org\/fr\/wp-json\/wp\/v2\/types\/product"}],"wp:featuredmedia":[{"embeddable":true,"href":"https:\/\/www.ircica.org\/fr\/wp-json\/wp\/v2\/media\/23242"}],"wp:attachment":[{"href":"https:\/\/www.ircica.org\/fr\/wp-json\/wp\/v2\/media?parent=23252"}],"wp:term":[{"taxonomy":"product_cat","embeddable":true,"href":"https:\/\/www.ircica.org\/fr\/wp-json\/wp\/v2\/product_cat?post=23252"},{"taxonomy":"product_tag","embeddable":true,"href":"https:\/\/www.ircica.org\/fr\/wp-json\/wp\/v2\/product_tag?post=23252"}],"curies":[{"name":"wp","href":"https:\/\/api.w.org\/{rel}","templated":true}]}}