{"id":23289,"date":"2015-12-22T00:00:00","date_gmt":"2015-12-21T22:00:00","guid":{"rendered":"https:\/\/www.ircica.org\/publications\/non%20class\u00e9\/gunumuze-ulasan-mesahif-i-kadime-ilk-mushaflar-uzerine-bir-inceleme-old-copies-of-the-quran-that-reached-our-time-a-study-on-the-earliest-copies"},"modified":"2024-04-26T14:52:53","modified_gmt":"2024-04-26T11:52:53","slug":"gunumuze-ulasan-mesahif-i-kadime-ilk-mushaflar-uzerine-bir-inceleme-old-copies-of-the-quran-that-reached-our-time-a-study-on-the-earliest-copies","status":"publish","type":"product","link":"https:\/\/www.ircica.org\/fr\/publications\/etudes-sur-le-saint-coran\/anciennes-copies-du-saint-coran-ayant-atteint-notre-temps-une-etude-des-premieres-copies","title":{"rendered":"Anciennes copies du Saint Coran ayant atteint notre temps. Une \u00e9tude des premi\u00e8res copies"},"content":{"rendered":"<p>Le programme de recherche et les publications de l&rsquo;IRCICA sur les anciens exemplaires du Saint Coran qui se trouvent dans diverses biblioth\u00e8ques du monde entier visent \u00e0 retracer le processus de transmission du Coran \u00e0 partir des premiers manuscrits et \u00e0 examiner les d\u00e9veloppements li\u00e9s \u00e0 des aspects tels que l&rsquo;\u00e9criture, l&rsquo;orthographe, la composition physique, entre autres, avec des r\u00e9f\u00e9rence aux p\u00e9riodes historiques et aux lieux g\u00e9ographiques. Le pr\u00e9sent livre repr\u00e9sente le point culminant des observations et exp\u00e9riences accumul\u00e9es tout au long de ce travail ci-dessus. Il synth\u00e9tise les comparaisons faites lors de l&rsquo;\u00e9tude des premi\u00e8res copies du Coran et les pr\u00e9sente dans un format concis et instructif, comme l&rsquo;indiquent les titres des sections du livre\u00a0: l&rsquo;introduction souligne l&rsquo;importance du domaine de recherche global li\u00e9 aux copies du Coran et \u00e9voque les efforts r\u00e9alis\u00e9s dans ce domaine dans le monde musulman et en Europe. La section 1 porte sur les origines et l&rsquo;histoire du d\u00e9veloppement de la langue arabe et de l&rsquo;\u00e9criture arabe. La section 2 est une histoire compl\u00e8te des premi\u00e8res copies, y compris les processus de compilation du Coran sous forme de livre entre deux couvertures, le \u00ab Rasm al-Uthmani \u00bb, c&rsquo;est-\u00e0-dire l&rsquo;\u00e9criture et l&rsquo;orthographe des copies r\u00e9alis\u00e9es sous la supervision du calife Uthman bin Affan et les diff\u00e9rentes opinions des savants sur la n\u00e9cessit\u00e9 de s&rsquo;y conformer, l&rsquo;affectation des signes de voyelles, des signes de lecture et des signes de ponctuation au texte coranique et bien d&rsquo;autres sujets. La section 3 pr\u00e9sente les travaux et les contributions des orientalistes dans les \u00e9tudes coraniques et la collection de copies du Coran. La section 4 examine les copies attribu\u00e9es \u00e0 la p\u00e9riode d&rsquo;Uthman bin Affan et la section 5, celles attribu\u00e9es \u00e0 la p\u00e9riode d&rsquo;Ali bin Abi Talib. La section 6 pr\u00e9sente les r\u00e9sultats des \u00e9tudes d\u00e9taill\u00e9es men\u00e9es dans le cadre du projet de l\u2019IRCICA sur les exemplaires situ\u00e9s \u00e0 la Biblioth\u00e8que nationale de France, au Mus\u00e9e des arts islamiques du Caire et \u00e0 la biblioth\u00e8que de l\u2019Universit\u00e9 de T\u00fcbingen, en Allemagne. Le livre a \u00e9t\u00e9 r\u00e9dig\u00e9 par le Dr Tayyar Alt\u0131kula\u00e7, sp\u00e9cialiste des \u00e9tudes coraniques et ancien pr\u00e9sident des Affaires religieuses de Turquie.<\/p>\n","protected":false},"excerpt":{"rendered":"<p>pr\u00e9par\u00e9 pour publication par Dr. Tayyar Alt\u0131kula\u00e7<br \/>\npubli\u00e9 par l\u2019IRCICA, Istanbul, 2015<br \/>\n375 p. (en turc)<\/p>\n","protected":false},"featured_media":23271,"template":"","meta":{"_acf_changed":false,"_mi_skip_tracking":false},"product_cat":[117],"product_tag":[],"class_list":{"0":"post-23289","1":"product","2":"type-product","3":"status-publish","4":"has-post-thumbnail","6":"product_cat-etudes-sur-le-saint-coran","8":"first","9":"outofstock","10":"shipping-taxable","11":"purchasable","12":"product-type-simple"},"acf":[],"aioseo_notices":[],"_links":{"self":[{"href":"https:\/\/www.ircica.org\/fr\/wp-json\/wp\/v2\/product\/23289","targetHints":{"allow":["GET"]}}],"collection":[{"href":"https:\/\/www.ircica.org\/fr\/wp-json\/wp\/v2\/product"}],"about":[{"href":"https:\/\/www.ircica.org\/fr\/wp-json\/wp\/v2\/types\/product"}],"wp:featuredmedia":[{"embeddable":true,"href":"https:\/\/www.ircica.org\/fr\/wp-json\/wp\/v2\/media\/23271"}],"wp:attachment":[{"href":"https:\/\/www.ircica.org\/fr\/wp-json\/wp\/v2\/media?parent=23289"}],"wp:term":[{"taxonomy":"product_cat","embeddable":true,"href":"https:\/\/www.ircica.org\/fr\/wp-json\/wp\/v2\/product_cat?post=23289"},{"taxonomy":"product_tag","embeddable":true,"href":"https:\/\/www.ircica.org\/fr\/wp-json\/wp\/v2\/product_tag?post=23289"}],"curies":[{"name":"wp","href":"https:\/\/api.w.org\/{rel}","templated":true}]}}