{"id":23351,"date":"2015-12-22T00:00:00","date_gmt":"2015-12-21T22:00:00","guid":{"rendered":"https:\/\/www.ircica.org\/publications\/non%20class\u00e9\/proceedings-of-the-fourth-international-congress-on-islamic-civilisation-in-the-balkans"},"modified":"2024-04-30T11:55:17","modified_gmt":"2024-04-30T08:55:17","slug":"proceedings-of-the-fourth-international-congress-on-islamic-civilisation-in-the-balkans","status":"publish","type":"product","link":"https:\/\/www.ircica.org\/fr\/publications\/histoire-de-la-civilisation-islamique\/europe-de-lest-et-balkans\/les-actes-du-quatrieme-congres-international-sur-la-civilisation-islamique-dans-les-balkans","title":{"rendered":"Les actes du quatri\u00e8me Congr\u00e8s international sur la civilisation islamique dans les Balkans"},"content":{"rendered":"<p>Cette publication est une collection des expos\u00e9s pr\u00e9sent\u00e9s lors du congr\u00e8s international sur \u00ab la civilisation islamique dans les Balkans \u00bb organis\u00e9 dans la capitale mac\u00e9donienne Skopje en octobre 2010. Le congr\u00e8s, organis\u00e9 sous le haut patronage de son excellence Gjorge Ivanov, pr\u00e9sident de la R\u00e9publique de Mac\u00e9doine, et en coop\u00e9ration avec l\u2019Acad\u00e9mie mac\u00e9donienne des sciences et des arts (MANU), fut le quatri\u00e8me dans la s\u00e9rie des congr\u00e8s de l\u2019IRCICA qui mettent en exergue l\u2019histoire et les cultures de la r\u00e9gion des Balkans. Le pr\u00e9sident Ivanov a ouvert le congr\u00e8s et fait une communication en sa qualit\u00e9 d\u2019acad\u00e9micien. Ce soutien et cette contribution de la part de l\u2019\u00c9tat au congr\u00e8s a soulign\u00e9 l\u2019importance attach\u00e9e \u00e0 ses objectifs. Le premier volume contient les expos\u00e9s pr\u00e9sent\u00e9s en anglais ou en turc (39 expos\u00e9s) et le second, ceux pr\u00e9sent\u00e9s en mac\u00e9donien, albanais ou en serbe (44 expos\u00e9s).<\/p>\n<p>Situ\u00e9s entre l\u2019Europe et l\u2019Asie occidentale, les peuples des Balkans ont \u00e9t\u00e9 en contact avec le monde musulman depuis au moins le 8<sup>e<\/sup> si\u00e8cle. Divers facteurs, y compris la longue exp\u00e9rience dans le commerce entre les deux r\u00e9gions, ont contribu\u00e9 \u00e0 acc\u00e9l\u00e9rer le processus d\u2019expansion de l\u2019islam dans les Balkans et \u00e0 renforcer son r\u00f4le culturel notable. Les relations entre le monde musulman et les Balkans ne reposaient pas seulement sur les rencontres et les \u00e9changes, mais \u00e9galement sur la coexistence. Les expos\u00e9s pr\u00e9sent\u00e9s au congr\u00e8s ont trait\u00e9 d\u2019une multitude de sujets mettant en \u00e9vidence les relations multiculturelles sp\u00e9cifiques \u00e0 la r\u00e9gion des Balkans.<\/p>\n<p>L\u2019engagement de l\u2019IRCICA dans des \u00e9tudes sur la r\u00e9gion en rapport avec l\u2019histoire de la civilisation islamique s\u2019inspire des aspects ci-dessus du th\u00e8me et prend \u00e9galement en compte que deux pays des Balkans sont membres de l\u2019OCI et de l\u2019IRCICA : L\u2019Albanie est un \u00c9tat membre \u00e0 part enti\u00e8re et la Bosnie-Herz\u00e9govine, un \u00c9tat observateur. Auparavant, trois congr\u00e8s avaient eu lieu sur le m\u00eame th\u00e8me, \u00e0 Sofia (2000), Tirana (2003) et Bucarest (2006). Un cinqui\u00e8me congr\u00e8s a \u00e9t\u00e9 organis\u00e9 en mai 2015. Outre les pays des Balkans eux-m\u00eames, ce programme, consacr\u00e9 \u00e0 l\u2019histoire de la civilisation islamique dans les Balkans, a r\u00e9ussi \u00e0 attirer l\u2019int\u00e9r\u00eat et la participation de toutes les r\u00e9gions du monde, et g\u00e9n\u00e9r\u00e9 une multitude d\u2019\u00e9tudes, comme en t\u00e9moigne le contenu de cette publication.<\/p>\n","protected":false},"excerpt":{"rendered":"<p>13-17 Octobre 2010, Skopje, Mac\u00e9doine<br \/>\nVol. 1: 752 p. (anglais et turc), Vol. 2: 730 p. (mac\u00e9donien, albanais et serbe)<br \/>\nS\u00e9rie des sources et des \u00e9tudes sur l\u2019histoire de la civilisation islamique n\u00b0 32<br \/>\nIRCICA, Istanbul, 2015<\/p>\n","protected":false},"featured_media":23331,"template":"","meta":{"_acf_changed":false,"_mi_skip_tracking":false},"product_cat":[364,164],"product_tag":[],"class_list":{"0":"post-23351","1":"product","2":"type-product","3":"status-publish","4":"has-post-thumbnail","6":"product_cat-europe-de-lest-et-balkans","7":"product_cat-histoire-de-la-civilisation-islamique","9":"first","10":"instock","11":"shipping-taxable","12":"product-type-simple"},"acf":[],"aioseo_notices":[],"_links":{"self":[{"href":"https:\/\/www.ircica.org\/fr\/wp-json\/wp\/v2\/product\/23351","targetHints":{"allow":["GET"]}}],"collection":[{"href":"https:\/\/www.ircica.org\/fr\/wp-json\/wp\/v2\/product"}],"about":[{"href":"https:\/\/www.ircica.org\/fr\/wp-json\/wp\/v2\/types\/product"}],"wp:featuredmedia":[{"embeddable":true,"href":"https:\/\/www.ircica.org\/fr\/wp-json\/wp\/v2\/media\/23331"}],"wp:attachment":[{"href":"https:\/\/www.ircica.org\/fr\/wp-json\/wp\/v2\/media?parent=23351"}],"wp:term":[{"taxonomy":"product_cat","embeddable":true,"href":"https:\/\/www.ircica.org\/fr\/wp-json\/wp\/v2\/product_cat?post=23351"},{"taxonomy":"product_tag","embeddable":true,"href":"https:\/\/www.ircica.org\/fr\/wp-json\/wp\/v2\/product_tag?post=23351"}],"curies":[{"name":"wp","href":"https:\/\/api.w.org\/{rel}","templated":true}]}}