{"id":23424,"date":"2014-12-06T00:00:00","date_gmt":"2014-12-05T22:00:00","guid":{"rendered":"https:\/\/www.ircica.org\/publications\/non%20class\u00e9\/features-characteristics-and-cultural-and-economic-contribution-of-arts-and-handicrafts"},"modified":"2024-04-30T13:56:05","modified_gmt":"2024-04-30T10:56:05","slug":"features-characteristics-and-cultural-and-economic-contribution-of-arts-and-handicrafts","status":"publish","type":"product","link":"https:\/\/www.ircica.org\/fr\/publications\/arts-artisanats\/les-caracteristiques-et-les-contributions-culturelles-et-economiques-des-arts-et-de-lartisanat","title":{"rendered":"Les Caract\u00e9ristiques et les Contributions Culturelles et Economiques des Arts et de l\u2019Artisanat"},"content":{"rendered":"<p>L\u2019IRCICA a publi\u00e9 un livre de luxe et richement illustr\u00e9 intitul\u00e9 <em>Les Caract\u00e9ristiques et les Contributions Culturelles et Economiques des Arts et de l\u2019Artisanat<\/em> d\u00e9crivant les merveilles des arts et de l\u2019artisanat dans le monde musulman.<\/p>\n<p>Le livre pr\u00e9sente de beaux exemples de produits d\u2019artisanat dans les domaines de l&rsquo;architecture, du tissage des tapis, du Sadou et des kilims, de la dorure, de l&rsquo;ornementation, des motifs g\u00e9om\u00e9triques, de la fabrication artisanale du papier, de la reliure, des miniatures, de la d\u00e9coration, de la poterie, de la c\u00e9ramique, de la gravure sur bois et dans d\u2019autres m\u00e9tiers artisanaux qui mettent en \u00e9vidence le savoir-faire et la grande habilet\u00e9 que les artisans de ces chefs-d\u2019\u0153uvre ont acquis. Il refl\u00e8te l&rsquo;exp\u00e9rience de certains pays et certains artisans excellents qui ont fait leurs preuves en termes de cr\u00e9ativit\u00e9 dans les arts et l&rsquo;artisanat islamiques. Ce faisant, il communique cette exp\u00e9rience \u00e0 d&rsquo;autres artisans et cr\u00e9e entre eux une sorte d&rsquo;\u00e9change en mati\u00e8re de conception, de formation, de techniques et de mati\u00e8res premi\u00e8res utilis\u00e9es.<\/p>\n<p>Le livre constitue en m\u00eame temps une documentation bas\u00e9e sur des \u00e9tudes sur le terrain portant sur divers aspects des arts et de l&rsquo;artisanat dans le monde musulman \u00e0 travers des \u0153uvres d&rsquo;un groupe de sp\u00e9cialistes professionnels. De la sorte, il contribuera \u00e0 faire avancer la recherche dans ce domaine en aidant les chercheurs. Il permettra aussi aux lecteurs d\u2019\u00eatre plus au fait de la r\u00e9alit\u00e9 du secteur et des difficult\u00e9s qu\u2019il connait, et des plans formul\u00e9s pour son d\u00e9veloppement. Il permettra \u00e9galement aux artisans et aux sp\u00e9cialistes de faire des comparaisons et d&rsquo;\u00e9valuer les exp\u00e9riences acquises dans diff\u00e9rents pays, ce qui permettra de mettre au point des politiques et de prendre des mesures par rapport au d\u00e9veloppement des aspects de desgin, \u00e0 la s\u00e9l\u00e9ction de mati\u00e8res premi\u00e8res convenables, aux techniques utilis\u00e9es, et \u00e0 l&rsquo;exploration davantage d&rsquo;opportunit\u00e9s pour les artisans dans les \u00e9tablissements scolaires et de formation. En outre, il encouragera les expositions tant r\u00e9gionales qu&rsquo;internationales, ce qui impliquera n\u00e9cessairement une plus grande participation de la part des artisans.<\/p>\n<p>Le livre repr\u00e9sente aussi une nouvelle contribution \u00e0 la recherche scientifique dans le domaine des arts et des industries traditionnelles. Il fournit une premi\u00e8re \u00e9valuation des perspectives de d\u00e9veloppement \u00e9conomique, social et culturel des arts et de l&rsquo;artisanat islamiques dans diff\u00e9rentes r\u00e9gions.<\/p>\n","protected":false},"excerpt":{"rendered":"<p>Les Actes du Congr\u00e8s International de T\u00e9h\u00e9ran et de Tabriz sur les Caract\u00e9ristiques et les Contributions Culturelles et Economiques des Arts et de l\u2019Artisanat<br \/>\nT\u00e9h\u00e9ran et Tabriz<br \/>\n5-9 mai 2013<br \/>\npr\u00e9par\u00e9 pour publication par Nazeih Taleb Maarouf<br \/>\nIRCICA, 2014<\/p>\n","protected":false},"featured_media":23381,"template":"","meta":{"_acf_changed":false,"_mi_skip_tracking":false},"product_cat":[189],"product_tag":[],"class_list":{"0":"post-23424","1":"product","2":"type-product","3":"status-publish","4":"has-post-thumbnail","6":"product_cat-arts-artisanats","8":"first","9":"instock","10":"shipping-taxable","11":"product-type-simple"},"acf":[],"aioseo_notices":[],"_links":{"self":[{"href":"https:\/\/www.ircica.org\/fr\/wp-json\/wp\/v2\/product\/23424","targetHints":{"allow":["GET"]}}],"collection":[{"href":"https:\/\/www.ircica.org\/fr\/wp-json\/wp\/v2\/product"}],"about":[{"href":"https:\/\/www.ircica.org\/fr\/wp-json\/wp\/v2\/types\/product"}],"wp:featuredmedia":[{"embeddable":true,"href":"https:\/\/www.ircica.org\/fr\/wp-json\/wp\/v2\/media\/23381"}],"wp:attachment":[{"href":"https:\/\/www.ircica.org\/fr\/wp-json\/wp\/v2\/media?parent=23424"}],"wp:term":[{"taxonomy":"product_cat","embeddable":true,"href":"https:\/\/www.ircica.org\/fr\/wp-json\/wp\/v2\/product_cat?post=23424"},{"taxonomy":"product_tag","embeddable":true,"href":"https:\/\/www.ircica.org\/fr\/wp-json\/wp\/v2\/product_tag?post=23424"}],"curies":[{"name":"wp","href":"https:\/\/api.w.org\/{rel}","templated":true}]}}