{"id":23482,"date":"2006-12-31T00:00:00","date_gmt":"2006-12-30T22:00:00","guid":{"rendered":"https:\/\/www.ircica.org\/publications\/non%20class\u00e9\/proceedings-of-the-international-symposium-on-islamic-civilisation-in-eastern-africa-15-17-december-2003-kampala-uganda"},"modified":"2024-05-06T13:49:35","modified_gmt":"2024-05-06T10:49:35","slug":"proceedings-of-the-international-symposium-on-islamic-civilisation-in-eastern-africa-15-17-december-2003-kampala-uganda","status":"publish","type":"product","link":"https:\/\/www.ircica.org\/fr\/publications\/histoire-de-la-civilisation-islamique\/afrique\/actes-du-symposium-international-sur-la-civilisation-islamique-en-afrique-de-lest","title":{"rendered":"Actes du Symposium international sur \u00ab\u00a0La civilisation islamique en Afrique de l&rsquo;Est\u00a0\u00bb"},"content":{"rendered":"<p>Cet ouvrage comprend les actes du Symposium international sur \u00ab La civilisation islamique en Afrique de l&rsquo;Est \u00bb, tenu \u00e0 Kampala, en Ouganda, du 15 au 17 d\u00e9cembre 2003. Le symposium, organis\u00e9 conjointement par l&rsquo;IRCICA et l&rsquo;Universit\u00e9 islamique d&rsquo;Ouganda (IUIU), a r\u00e9uni un grand nombre d&rsquo;universitaires et de chercheurs \u00e9minents provenant des universit\u00e9s, d&rsquo;organisations internationales et institutions culturelles et \u00e9ducationnelles de divers pays. Les expos\u00e9s choisis pour ce volume sont regroup\u00e9s suivant les th\u00e8mes majeurs qui ont \u00e9t\u00e9 abord\u00e9s et analys\u00e9s lors du symposium, \u00e0 savoir la p\u00e9n\u00e9tration de l&rsquo;Islam en Afrique de l&rsquo;Est ; L\u2019Islam et le commerce en Afrique de l\u2019Est ; Kiswahili et litt\u00e9rature islamique ; \u00c9ducation islamique et d\u00e9veloppement intellectuel en Afrique de l&rsquo;Est\u00a0; Les puissances coloniales europ\u00e9ennes et l\u2019Islam ; L&rsquo;Islam et la p\u00e9riode contemporaine.<\/p>\n<p>Un deuxi\u00e8me symposium sur le m\u00eame th\u00e8me a \u00e9t\u00e9 organis\u00e9 par l&rsquo;IRCICA en 2013, conjointement avec l&rsquo;Autorit\u00e9 nationale des registres et des archives d&rsquo;Oman et l&rsquo;Universit\u00e9 d&rsquo;\u00c9tat de Zanzibar, \u00e0 Zanzibar City, au Zanzibar, en Tanzanie. Ses actes ont \u00e9galement \u00e9t\u00e9 publi\u00e9s.<\/p>\n","protected":false},"excerpt":{"rendered":"<p>Edit\u00e9 par Abdu. B. K. Kasozi et Sad\u0131k \u00dcnay<br \/>\nIstanbul, 2006<br \/>\n(en anglais)<\/p>\n","protected":false},"featured_media":2982,"template":"","meta":{"_acf_changed":false,"_mi_skip_tracking":false},"product_cat":[180,164],"product_tag":[],"class_list":{"0":"post-23482","1":"product","2":"type-product","3":"status-publish","4":"has-post-thumbnail","6":"product_cat-afrique","7":"product_cat-histoire-de-la-civilisation-islamique","9":"first","10":"instock","11":"shipping-taxable","12":"product-type-simple"},"acf":[],"aioseo_notices":[],"_links":{"self":[{"href":"https:\/\/www.ircica.org\/fr\/wp-json\/wp\/v2\/product\/23482","targetHints":{"allow":["GET"]}}],"collection":[{"href":"https:\/\/www.ircica.org\/fr\/wp-json\/wp\/v2\/product"}],"about":[{"href":"https:\/\/www.ircica.org\/fr\/wp-json\/wp\/v2\/types\/product"}],"wp:featuredmedia":[{"embeddable":true,"href":"https:\/\/www.ircica.org\/fr\/wp-json\/wp\/v2\/media\/2982"}],"wp:attachment":[{"href":"https:\/\/www.ircica.org\/fr\/wp-json\/wp\/v2\/media?parent=23482"}],"wp:term":[{"taxonomy":"product_cat","embeddable":true,"href":"https:\/\/www.ircica.org\/fr\/wp-json\/wp\/v2\/product_cat?post=23482"},{"taxonomy":"product_tag","embeddable":true,"href":"https:\/\/www.ircica.org\/fr\/wp-json\/wp\/v2\/product_tag?post=23482"}],"curies":[{"name":"wp","href":"https:\/\/api.w.org\/{rel}","templated":true}]}}