{"id":23507,"date":"2014-12-06T00:00:00","date_gmt":"2014-12-05T22:00:00","guid":{"rendered":"https:\/\/www.ircica.org\/publications\/non%20class\u00e9\/handmade-prayer-carpet-through-history"},"modified":"2024-05-07T09:40:44","modified_gmt":"2024-05-07T06:40:44","slug":"handmade-prayer-carpet-through-history","status":"publish","type":"product","link":"https:\/\/www.ircica.org\/fr\/publications\/arts-artisanats\/le-tapis-de-priere-fait-a-la-main-a-travers-lhistoire","title":{"rendered":"Le tapis de pri\u00e8re fait \u00e0 la main \u00e0 travers l&rsquo;histoire"},"content":{"rendered":"<p>Le livre-album illustr\u00e9 de l&rsquo;IRCICA intitul\u00e9 Le tapis de pri\u00e8re fait \u00e0 la main \u00e0 travers l&rsquo;histoire comprend les photographies des tapis de pri\u00e8re en soie, laine et coton ayant fait partie de l&rsquo;exposition internationale organis\u00e9e par le Centre kowe\u00eftien des arts islamiques du Minist\u00e8re des Awqaf et des Affaires islamiques du Kowe\u00eft et l&rsquo;IRCICA du 29 d\u00e9cembre 2013 au 9 janvier 2014. Des ma\u00eetres artisans de 12 pays ont particip\u00e9 \u00e0 l&rsquo;\u00e9v\u00e9nement, \u00e0 savoir l&rsquo;Alg\u00e9rie, l&rsquo;Azerba\u00efdjan, l&rsquo;\u00c9gypte, l&rsquo;Iran, le Kirghizistan, la Mauritanie, le Maroc, l&rsquo;Ouzb\u00e9kistan, la Tunisie, la Turquie, le Turkm\u00e9nistan et, avec son tissage Sadou, le pays h\u00f4te, le Kowe\u00eft. L&rsquo;exposition s&rsquo;est tenue \u00e0 Kowe\u00eft City et a suscit\u00e9 un grand int\u00e9r\u00eat.<\/p>\n<p>L&rsquo;introduction revient sur l&rsquo;histoire du tissage des tapis de pri\u00e8re dans le monde musulman. Il pr\u00e9sente bri\u00e8vement les mat\u00e9riaux, les teintures naturelles, les types de n\u0153uds et les formes de m\u00e9tiers \u00e0 tisser utilis\u00e9s dans diff\u00e9rentes r\u00e9gions. Les photographies des tapis sont \u00e9galement accompagn\u00e9es d&rsquo;indications sur les caract\u00e9ristiques de chaque tapis.<\/p>\n","protected":false},"excerpt":{"rendered":"<p>Pr\u00e9par\u00e9 pour la publication par Nazeih Taleb Maarouf<br \/>\n395 p. (221 en anglais, 174 en arabe)<br \/>\nIRCICA, Istanbul, 2014<\/p>\n","protected":false},"featured_media":23501,"template":"","meta":{"_acf_changed":false,"_mi_skip_tracking":false},"product_cat":[189],"product_tag":[],"class_list":{"0":"post-23507","1":"product","2":"type-product","3":"status-publish","4":"has-post-thumbnail","6":"product_cat-arts-artisanats","8":"first","9":"instock","10":"shipping-taxable","11":"product-type-simple"},"acf":[],"aioseo_notices":[],"_links":{"self":[{"href":"https:\/\/www.ircica.org\/fr\/wp-json\/wp\/v2\/product\/23507","targetHints":{"allow":["GET"]}}],"collection":[{"href":"https:\/\/www.ircica.org\/fr\/wp-json\/wp\/v2\/product"}],"about":[{"href":"https:\/\/www.ircica.org\/fr\/wp-json\/wp\/v2\/types\/product"}],"wp:featuredmedia":[{"embeddable":true,"href":"https:\/\/www.ircica.org\/fr\/wp-json\/wp\/v2\/media\/23501"}],"wp:attachment":[{"href":"https:\/\/www.ircica.org\/fr\/wp-json\/wp\/v2\/media?parent=23507"}],"wp:term":[{"taxonomy":"product_cat","embeddable":true,"href":"https:\/\/www.ircica.org\/fr\/wp-json\/wp\/v2\/product_cat?post=23507"},{"taxonomy":"product_tag","embeddable":true,"href":"https:\/\/www.ircica.org\/fr\/wp-json\/wp\/v2\/product_tag?post=23507"}],"curies":[{"name":"wp","href":"https:\/\/api.w.org\/{rel}","templated":true}]}}