{"id":23538,"date":"2013-12-01T00:00:00","date_gmt":"2013-11-30T22:00:00","guid":{"rendered":"https:\/\/www.ircica.org\/publications\/non%20class\u00e9\/%d8%a8%d8%ad%d9%88%d8%ab-%d8%a7%d9%84%d9%85%d8%a4%d8%aa%d9%85%d8%b1-%d8%a7%d9%84%d8%af%d9%88%d9%84%d9%8a-%d8%ad%d9%88%d9%84-%d8%a7%d9%84%d8%ad%d8%b6%d8%a7%d8%b1%d8%a9-%d8%a7%d9%84%d8%a5%d8%b3%d9%84"},"modified":"2024-05-08T11:18:02","modified_gmt":"2024-05-08T08:18:02","slug":"%d8%a8%d8%ad%d9%88%d8%ab-%d8%a7%d9%84%d9%85%d8%a4%d8%aa%d9%85%d8%b1-%d8%a7%d9%84%d8%af%d9%88%d9%84%d9%8a-%d8%ad%d9%88%d9%84-%d8%a7%d9%84%d8%ad%d8%b6%d8%a7%d8%b1%d8%a9-%d8%a7%d9%84%d8%a5%d8%b3%d9%84","status":"publish","type":"product","link":"https:\/\/www.ircica.org\/fr\/publications\/histoire-de-la-civilisation-islamique\/asie\/moyen-orient-et-mediterranee\/actes-du-congres-international-sur-la-civilisation-islamique-en-mediterranee","title":{"rendered":"Actes du Congr\u00e8s international sur la civilisation islamique en M\u00e9diterran\u00e9e"},"content":{"rendered":"<p>Un congr\u00e8s a \u00e9t\u00e9 organis\u00e9 conjointement par l&rsquo;IRCICA et l&rsquo;Universit\u00e9 du Proche-Orient, Nicosie (Chypre du Nord), sur le th\u00e8me \u00ab La civilisation islamique en M\u00e9diterran\u00e9e \u00bb, en d\u00e9cembre 2010. Des communications r\u00e9dig\u00e9es par des universitaires et des chercheurs de tous les continents autour de la M\u00e9diterran\u00e9e ont trait\u00e9 de divers aspects de la la vie dans la r\u00e9gion \u00e0 diff\u00e9rentes p\u00e9riodes, avec un accent particulier sur la pr\u00e9sence et la participation des musulmans dans les diff\u00e9rents processus, notamment le d\u00e9veloppement des villes, l&rsquo;art et l&rsquo;architecture, la science et l&rsquo;\u00e9ducation, ainsi que les pratiques administratives. L\u2019Islam, contrairement au christianisme et au juda\u00efsme, n\u2019est pas n\u00e9 \u00e0 proximit\u00e9 de la M\u00e9diterran\u00e9e mais y est parvenu au milieu du VIIe si\u00e8cle. Puis, au cours de son premier si\u00e8cle, l\u2019Islam s\u2019est r\u00e9pandu sur les rives sud, est et ouest de la mer M\u00e9diterran\u00e9e. Au cours des si\u00e8cles suivants, les \u00e9changes commerciaux et culturels entre musulmans d\u2019une part et europ\u00e9ens d\u2019autre part se sont d\u00e9velopp\u00e9s de mani\u00e8re ininterrompue, en p\u00e9riodes de conflit (comme les Croisades) aussi bien qu\u2019en p\u00e9riode de paix. Cela a contribu\u00e9 \u00e0 la riche diversit\u00e9 culturelle des civilisations qui ont \u00e9volu\u00e9 autour de la M\u00e9diterran\u00e9e. Les \u00e9tudes scientifiques contenues dans le livre refl\u00e8tent la port\u00e9e et la profondeur de cet h\u00e9ritage multiculturel et de sa composante islamique diffus\u00e9e dans toute la r\u00e9gion.<\/p>\n","protected":false},"excerpt":{"rendered":"<p>Pr\u00e9par\u00e9 pour publication par: Zeynep Durukal, Salih Sadawi, Cengiz Tomar<br \/>\nIstanbul,2013<br \/>\n(en anglais, arabe et turc)<\/p>\n","protected":false},"featured_media":23524,"template":"","meta":{"_acf_changed":false,"_mi_skip_tracking":false},"product_cat":[164,362],"product_tag":[],"class_list":{"0":"post-23538","1":"product","2":"type-product","3":"status-publish","4":"has-post-thumbnail","6":"product_cat-histoire-de-la-civilisation-islamique","7":"product_cat-moyen-orient-et-mediterranee","9":"first","10":"instock","11":"shipping-taxable","12":"product-type-simple"},"acf":[],"aioseo_notices":[],"_links":{"self":[{"href":"https:\/\/www.ircica.org\/fr\/wp-json\/wp\/v2\/product\/23538","targetHints":{"allow":["GET"]}}],"collection":[{"href":"https:\/\/www.ircica.org\/fr\/wp-json\/wp\/v2\/product"}],"about":[{"href":"https:\/\/www.ircica.org\/fr\/wp-json\/wp\/v2\/types\/product"}],"wp:featuredmedia":[{"embeddable":true,"href":"https:\/\/www.ircica.org\/fr\/wp-json\/wp\/v2\/media\/23524"}],"wp:attachment":[{"href":"https:\/\/www.ircica.org\/fr\/wp-json\/wp\/v2\/media?parent=23538"}],"wp:term":[{"taxonomy":"product_cat","embeddable":true,"href":"https:\/\/www.ircica.org\/fr\/wp-json\/wp\/v2\/product_cat?post=23538"},{"taxonomy":"product_tag","embeddable":true,"href":"https:\/\/www.ircica.org\/fr\/wp-json\/wp\/v2\/product_tag?post=23538"}],"curies":[{"name":"wp","href":"https:\/\/api.w.org\/{rel}","templated":true}]}}