{"id":23603,"date":"2001-08-24T00:00:00","date_gmt":"2001-08-23T21:00:00","guid":{"rendered":"https:\/\/www.ircica.org\/publications\/non%20class\u00e9\/catalogue-of-winners-plates-in-the-fourth-international-calligraphy-competition-in-the-name-of-sheikh-hamdullah"},"modified":"2024-05-13T11:25:04","modified_gmt":"2024-05-13T08:25:04","slug":"catalogue-of-winners-plates-in-the-fourth-international-calligraphy-competition-in-the-name-of-sheikh-hamdullah","status":"publish","type":"product","link":"https:\/\/www.ircica.org\/fr\/publications\/arts-artisanats\/catalogue-des-oeuvres-primees-au-quatrieme-concours-international-de-calligraphie-de-lircica-au-nom-de-cheikh-hamdullah","title":{"rendered":"Catalogue des \u0153uvres prim\u00e9es au quatri\u00e8me concours international de calligraphie de l&rsquo;IRCICA au nom de Cheikh Hamdullah"},"content":{"rendered":"<p>840 calligraphes de 38 pays ont particip\u00e9 au Quatri\u00e8me concours international de calligraphie de l&rsquo;IRCICA d\u00e9di\u00e9 \u00e0 Cheikh Hamdullah organis\u00e9 en 2000. 1862 \u0153uvres ont \u00e9t\u00e9 soumises au concours dans 14 styles calligraphiques. 110 participants de 29 pays ont re\u00e7u des prix et des mentions. Ce catalogue comprend les images de 93 oeuvres prim\u00e9es. Le catalogue donne la liste des laur\u00e9ats des prix d&rsquo;incitation et d&rsquo;encouragement, ainsi que les adresses des gagnants, afin de favoriser les communications entre les calligraphes.<\/p>\n","protected":false},"excerpt":{"rendered":"<p>Pr\u00e9par\u00e9 par Mohammed Tamimi<br \/>\nIstanbul, 2001 (en arabe, anglais et turc)<\/p>\n","protected":false},"featured_media":23589,"template":"","meta":{"_acf_changed":false,"_mi_skip_tracking":false},"product_cat":[189],"product_tag":[],"class_list":{"0":"post-23603","1":"product","2":"type-product","3":"status-publish","4":"has-post-thumbnail","6":"product_cat-arts-artisanats","8":"first","9":"instock","10":"shipping-taxable","11":"product-type-simple"},"acf":[],"aioseo_notices":[],"_links":{"self":[{"href":"https:\/\/www.ircica.org\/fr\/wp-json\/wp\/v2\/product\/23603","targetHints":{"allow":["GET"]}}],"collection":[{"href":"https:\/\/www.ircica.org\/fr\/wp-json\/wp\/v2\/product"}],"about":[{"href":"https:\/\/www.ircica.org\/fr\/wp-json\/wp\/v2\/types\/product"}],"wp:featuredmedia":[{"embeddable":true,"href":"https:\/\/www.ircica.org\/fr\/wp-json\/wp\/v2\/media\/23589"}],"wp:attachment":[{"href":"https:\/\/www.ircica.org\/fr\/wp-json\/wp\/v2\/media?parent=23603"}],"wp:term":[{"taxonomy":"product_cat","embeddable":true,"href":"https:\/\/www.ircica.org\/fr\/wp-json\/wp\/v2\/product_cat?post=23603"},{"taxonomy":"product_tag","embeddable":true,"href":"https:\/\/www.ircica.org\/fr\/wp-json\/wp\/v2\/product_tag?post=23603"}],"curies":[{"name":"wp","href":"https:\/\/api.w.org\/{rel}","templated":true}]}}