{"id":23651,"date":"2013-12-23T00:00:00","date_gmt":"2013-12-22T22:00:00","guid":{"rendered":"https:\/\/www.ircica.org\/publications\/non%20class\u00e9\/%d8%a8%d8%ad%d9%88%d8%ab-%d8%a7%d9%84%d9%86%d8%af%d9%88%d8%a9-%d8%a7%d9%84%d8%af%d9%88%d9%84%d9%8a%d8%a9-%d8%ad%d9%88%d9%84-%d8%a7%d9%84%d9%85%d8%ba%d8%a7%d8%b1%d8%a8-%d9%88%d8%a7%d9%84%d8%a8%d8%ad"},"modified":"2024-05-17T09:53:29","modified_gmt":"2024-05-17T06:53:29","slug":"%d8%a8%d8%ad%d9%88%d8%ab-%d8%a7%d9%84%d9%86%d8%af%d9%88%d8%a9-%d8%a7%d9%84%d8%af%d9%88%d9%84%d9%8a%d8%a9-%d8%ad%d9%88%d9%84-%d8%a7%d9%84%d9%85%d8%ba%d8%a7%d8%b1%d8%a8-%d9%88%d8%a7%d9%84%d8%a8%d8%ad","status":"publish","type":"product","link":"https:\/\/www.ircica.org\/fr\/publications\/histoire-de-la-civilisation-islamique\/asie\/moyen-orient-et-mediterranee\/actes-du-congres-international-sur-le-maghreb-et-la-mediterranee-occidentale-a-lepoque-ottomane","title":{"rendered":"Actes du Congr\u00e8s international sur le Maghreb et la M\u00e9diterran\u00e9e occidentale \u00e0 l&rsquo;\u00e9poque ottomane"},"content":{"rendered":"<p>Cet ouvrage est issu du congr\u00e8s organis\u00e9 conjointement par l&rsquo;Institut Royal pour la recherche sur l&rsquo;Histoire du Maroc (Rabat) et l&rsquo;IRCICA, avec la collaboration de la Facult\u00e9 des Lettres et Sciences Humaines de l&rsquo;Universit\u00e9 Mohammed V, sur le th\u00e8me \u00ab\u00a0Le Maghreb et la M\u00e9diterran\u00e9e occidentale \u00e0 l&rsquo;\u00e9poque ottomane\u00a0\u00bb. Centr\u00e9 g\u00e9ographiquement sur le Maghreb et la M\u00e9diterran\u00e9e occidentale et faisant r\u00e9f\u00e9rence \u00e0 la p\u00e9riode ottomane, il a compris dans son champ de multiples questions portant sur les relations internationales maritimes et terrestres, les voyages et de commerce, la concurrence \u00e9conomique, les dynasties et de syst\u00e8mes juridiques. Les relations entre les \u00c9tats et les soci\u00e9t\u00e9s autour de la M\u00e9diterran\u00e9e, le d\u00e9veloppement de la technologie, des arts et de la culture, ainsi que les facteurs externes et internes toujours en jeu dans cette zone de passage, sont tous entr\u00e9s en ligne de compte. Le th\u00e8me \u00ab \u00c0 la d\u00e9couverte de l&rsquo;autre \u00bb a \u00e9t\u00e9 abord\u00e9 avec des \u00e9tudes sur des g\u00e9ographes et des voyageurs du point de vue de la fa\u00e7on dont les peuples du Maghreb et du monde ottoman se sont connus \u00e0 travers les sources. Parmi les textes \u00e9tudi\u00e9s figuraient les \u00e9crits d&rsquo;illustres savants -g\u00e9ographes ottomans tels que Piri Reis et \u00c7elebi sur le Maroc Katip et les r\u00e9cits de voyage issus des missions des ambassadeurs marocains et des voyageurs marocains en terres ottomanes. Le th\u00e8me \u00ab Les Maghr\u00e9bins et les Ottomans \u00bb a couvert un large \u00e9ventail de cas d&rsquo;unit\u00e9 et de conflit, de coop\u00e9ration et de comp\u00e9tition, de perception et de traitement. Une autre session a \u00e9t\u00e9 consacr\u00e9e au th\u00e8me de l&rsquo;\u00e9conomie et de l&rsquo;architecture, avec des r\u00e9f\u00e9rences au commerce europ\u00e9en dans la r\u00e9gion, \u00e0 la l\u00e9gislation ottomane sur le commerce, aux d\u00e9veloppements infrastructurels et aux influences mutuelles entre les styles et \u00e9l\u00e9ments architecturaux ottomans et maghr\u00e9bins. Le titre \u00ab La M\u00e9diterran\u00e9e occidentale entre confrontation et communication \u00bb couvre plusieurs sujets sp\u00e9cifiques tels que les marines, l&rsquo;esclavage et les routes de p\u00e8lerinage, tandis que sous les titre \u00ab Entre localisme et centralisme \u00bb divers sujets ont \u00e9t\u00e9 abord\u00e9s dans le contexte des relations entre le Maghreb d\u2019une part, et de l\u2019autre, les diverses r\u00e9gions de l&rsquo;Empire ottoman. Quant au th\u00e8me \u00ab Le Maghreb dans l&rsquo;histoire mondiale \u00bb, il a couvert les relations diplomatiques au sein de la r\u00e9gion en les \u00e9valuant dans le contexte de l&rsquo;environnement mondial. Les articles sont pr\u00e9sent\u00e9s dans ce volume dans leur langue originale\u00a0: en anglais, arabe, fran\u00e7ais ou turc.<\/p>\n","protected":false},"excerpt":{"rendered":"<p>Maroc, 12-14 novembre 2009<br \/>\n(en anglais, arabe, fran\u00e7ais et turc)<br \/>\nIstanbul, 2013<\/p>\n","protected":false},"featured_media":23633,"template":"","meta":{"_acf_changed":false,"_mi_skip_tracking":false},"product_cat":[164,362],"product_tag":[],"class_list":{"0":"post-23651","1":"product","2":"type-product","3":"status-publish","4":"has-post-thumbnail","6":"product_cat-histoire-de-la-civilisation-islamique","7":"product_cat-moyen-orient-et-mediterranee","9":"first","10":"instock","11":"shipping-taxable","12":"product-type-simple"},"acf":[],"aioseo_notices":[],"_links":{"self":[{"href":"https:\/\/www.ircica.org\/fr\/wp-json\/wp\/v2\/product\/23651","targetHints":{"allow":["GET"]}}],"collection":[{"href":"https:\/\/www.ircica.org\/fr\/wp-json\/wp\/v2\/product"}],"about":[{"href":"https:\/\/www.ircica.org\/fr\/wp-json\/wp\/v2\/types\/product"}],"wp:featuredmedia":[{"embeddable":true,"href":"https:\/\/www.ircica.org\/fr\/wp-json\/wp\/v2\/media\/23633"}],"wp:attachment":[{"href":"https:\/\/www.ircica.org\/fr\/wp-json\/wp\/v2\/media?parent=23651"}],"wp:term":[{"taxonomy":"product_cat","embeddable":true,"href":"https:\/\/www.ircica.org\/fr\/wp-json\/wp\/v2\/product_cat?post=23651"},{"taxonomy":"product_tag","embeddable":true,"href":"https:\/\/www.ircica.org\/fr\/wp-json\/wp\/v2\/product_tag?post=23651"}],"curies":[{"name":"wp","href":"https:\/\/api.w.org\/{rel}","templated":true}]}}