{"id":23670,"date":"2014-06-15T00:00:00","date_gmt":"2014-06-14T21:00:00","guid":{"rendered":"https:\/\/www.ircica.org\/publications\/non%20class\u00e9\/takvim-i-vekayi-the-ottoman-official-gazette"},"modified":"2024-05-17T12:24:07","modified_gmt":"2024-05-17T09:24:07","slug":"takvim-i-vekayi-the-ottoman-official-gazette","status":"publish","type":"product","link":"https:\/\/www.ircica.org\/fr\/publications\/etat-ottoman-et-sa-civilisation\/takvim-i-vekayi-la-gazette-officielle-de-letat-ottoman","title":{"rendered":"Takvim-i Vekayi (la Gazette officielle de l&rsquo;\u00c9tat ottoman)"},"content":{"rendered":"<p>Takvim-i Vekayi \u00e9tait la Gazette officielle de l&rsquo;\u00c9tat ottoman et le premier journal turc \u00e0 \u00eatre publi\u00e9 \u00e0 Istanbul. L&rsquo;IRCICA l\u2019a rendu disponible sous forme de 11 DVD et d&rsquo;un CD. C&rsquo;est une source d&rsquo;informations pr\u00e9cieuse pour les chercheurs s\u2019int\u00e9ressant \u00e0\u00a0 l\u2019histoire ottomane pendant la seconde moiti\u00e9 du XIXe si\u00e8cle et le d\u00e9but du XXe.. La gazette a \u00e9t\u00e9 publi\u00e9e entre les ann\u00e9es 1831 et 1922, \u00e0 intervalles, sur trois p\u00e9riodes : du 1er novembre 1831 au 8-9 avril 1880, 2139 num\u00e9ros ; du 26 mars 1891 jusqu\u2019au 14 mai 1892, 283 num\u00e9ros\u00a0; eu 28 septembre 1908 au\u00a0 4 novembre 1922, 4608 num\u00e9ros. Ainsi, les copies fournies par l\u2019IRCICA contiennent 7030 num\u00e9ros au total. La Gazette annon\u00e7ait non seulement les d\u00e9crets de l&rsquo;\u00c9tat, mais \u00e9tait \u00e9galement un moyen d&rsquo;informations sur les actualit\u00e9s, portant sur les affaires de d\u00e9fense militaire, les d\u00e9veloppements int\u00e9rieurs, les affaires \u00e9trang\u00e8res, les ordres et d\u00e9crets du sultan, les lois et r\u00e8glements ; les affaires budg\u00e9taires et financi\u00e8res ; les dipl\u00f4mes et m\u00e9dailles ; l\u2019\u00e9conomie et la sant\u00e9 publique ; les d\u00e9veloppements scientifiques, commerciaux et industriels; les \u00e9v\u00e9nements bizarres ; les avis publics. Il a \u00e9t\u00e9 publi\u00e9 en turc et parfois aussi dans les langues suivantes, quoique irr\u00e9guli\u00e8rement et pendant de courtes p\u00e9riodes : arabe, persan, grec, arm\u00e9nien et fran\u00e7ais. Takvim-i Vekayi est une source pr\u00e9cieuse sur la derni\u00e8re p\u00e9riode de l\u2019histoire ottomane.<\/p>\n","protected":false},"excerpt":{"rendered":"<p>Takvim-i Vekayi \u00e9tait la Gazette officielle de l&rsquo;\u00c9tat ottoman et le premier journal turc \u00e0 \u00eatre publi\u00e9 \u00e0 Istanbul. L&rsquo;IRCICA l\u2019a rendu disponible sous forme de 11 DVD et d&rsquo;un&hellip;<\/p>\n","protected":false},"featured_media":23659,"template":"","meta":{"_acf_changed":false,"_mi_skip_tracking":false},"product_cat":[367],"product_tag":[],"class_list":{"0":"post-23670","1":"product","2":"type-product","3":"status-publish","4":"has-post-thumbnail","6":"product_cat-etat-ottoman-et-sa-civilisation","8":"first","9":"outofstock","10":"shipping-taxable","11":"purchasable","12":"product-type-simple"},"acf":[],"aioseo_notices":[],"_links":{"self":[{"href":"https:\/\/www.ircica.org\/fr\/wp-json\/wp\/v2\/product\/23670","targetHints":{"allow":["GET"]}}],"collection":[{"href":"https:\/\/www.ircica.org\/fr\/wp-json\/wp\/v2\/product"}],"about":[{"href":"https:\/\/www.ircica.org\/fr\/wp-json\/wp\/v2\/types\/product"}],"wp:featuredmedia":[{"embeddable":true,"href":"https:\/\/www.ircica.org\/fr\/wp-json\/wp\/v2\/media\/23659"}],"wp:attachment":[{"href":"https:\/\/www.ircica.org\/fr\/wp-json\/wp\/v2\/media?parent=23670"}],"wp:term":[{"taxonomy":"product_cat","embeddable":true,"href":"https:\/\/www.ircica.org\/fr\/wp-json\/wp\/v2\/product_cat?post=23670"},{"taxonomy":"product_tag","embeddable":true,"href":"https:\/\/www.ircica.org\/fr\/wp-json\/wp\/v2\/product_tag?post=23670"}],"curies":[{"name":"wp","href":"https:\/\/api.w.org\/{rel}","templated":true}]}}