{"id":23692,"date":"1996-12-24T00:00:00","date_gmt":"1996-12-23T22:00:00","guid":{"rendered":"https:\/\/www.ircica.org\/publications\/non%20class\u00e9\/catalogue-of-winners-plates-in-the-third-international-calligraphy-competition-ml-71996-in-the-name-of-ibn-al-bawwab"},"modified":"2024-05-17T14:42:40","modified_gmt":"2024-05-17T11:42:40","slug":"catalogue-of-winners-plates-in-the-third-international-calligraphy-competition-ml-71996-in-the-name-of-ibn-al-bawwab","status":"publish","type":"product","link":"https:\/\/www.ircica.org\/fr\/publications\/arts-artisanats\/catalogue-des-oeuvres-primees-au-troisieme-concours-international-de-calligraphie-de-lircica-au-nom-dibn-al-bawwab","title":{"rendered":"Catalogue des \u0153uvres prim\u00e9es au troisi\u00e8me concours international de calligraphie de l\u2019IRCICA au nom d&rsquo;Ibn al-Bawwab"},"content":{"rendered":"<p>550 callligraphes en provenance de 35 pays ont particip\u00e9 au 3<sup>e<\/sup> concours international de calligraphie organis\u00e9 par l\u2019IRCICA en 1996, avec 1200 \u0153uvres pr\u00e9sent\u00e9es dans 14cat\u00e9gories de styles calligraphiques. 97 participants de 26 pays ont re\u00e7u des prix et des mentions. Le catalogue comprend les images de 76 oeuvres prim\u00e9es. Le catalogue r\u00e9pertorie \u00e9galement les noms et coordonn\u00e9es des laur\u00e9ats, y compris ceux des prix d&rsquo;encouragement, afin de faciliter les communications entre les calligraphes.<\/p>\n","protected":false},"excerpt":{"rendered":"<p>Pr\u00e9par\u00e9 par Mohammed Tamimi<br \/>\nIstanbul, 1996<br \/>\n(en arabe, anglais et turc)<\/p>\n","protected":false},"featured_media":23677,"template":"","meta":{"_acf_changed":false,"_mi_skip_tracking":false},"product_cat":[189],"product_tag":[],"class_list":{"0":"post-23692","1":"product","2":"type-product","3":"status-publish","4":"has-post-thumbnail","6":"product_cat-arts-artisanats","8":"first","9":"instock","10":"shipping-taxable","11":"product-type-simple"},"acf":[],"aioseo_notices":[],"_links":{"self":[{"href":"https:\/\/www.ircica.org\/fr\/wp-json\/wp\/v2\/product\/23692","targetHints":{"allow":["GET"]}}],"collection":[{"href":"https:\/\/www.ircica.org\/fr\/wp-json\/wp\/v2\/product"}],"about":[{"href":"https:\/\/www.ircica.org\/fr\/wp-json\/wp\/v2\/types\/product"}],"wp:featuredmedia":[{"embeddable":true,"href":"https:\/\/www.ircica.org\/fr\/wp-json\/wp\/v2\/media\/23677"}],"wp:attachment":[{"href":"https:\/\/www.ircica.org\/fr\/wp-json\/wp\/v2\/media?parent=23692"}],"wp:term":[{"taxonomy":"product_cat","embeddable":true,"href":"https:\/\/www.ircica.org\/fr\/wp-json\/wp\/v2\/product_cat?post=23692"},{"taxonomy":"product_tag","embeddable":true,"href":"https:\/\/www.ircica.org\/fr\/wp-json\/wp\/v2\/product_tag?post=23692"}],"curies":[{"name":"wp","href":"https:\/\/api.w.org\/{rel}","templated":true}]}}