{"id":23736,"date":"2007-12-31T00:00:00","date_gmt":"2007-12-30T22:00:00","guid":{"rendered":"https:\/\/www.ircica.org\/publications\/non%20class\u00e9\/%d8%a7%d9%84%d8%b3%d9%88%d8%af%d8%a7%d9%86-%d9%81%d9%8a-%d8%a7%d9%84%d8%b9%d9%87%d8%af-%d8%a7%d9%84%d8%b9%d8%ab%d9%85%d8%a7%d9%86%d9%8a-%d9%85%d9%86-%d8%ae%d9%84%d8%a7%d9%84-%d8%a7%d9%84%d9%88%d8%ab"},"modified":"2024-05-20T16:48:19","modified_gmt":"2024-05-20T13:48:19","slug":"%d8%a7%d9%84%d8%b3%d9%88%d8%af%d8%a7%d9%86-%d9%81%d9%8a-%d8%a7%d9%84%d8%b9%d9%87%d8%af-%d8%a7%d9%84%d8%b9%d8%ab%d9%85%d8%a7%d9%86%d9%8a-%d9%85%d9%86-%d8%ae%d9%84%d8%a7%d9%84-%d8%a7%d9%84%d9%88%d8%ab","status":"publish","type":"product","link":"https:\/\/www.ircica.org\/fr\/publications\/histoire-de-la-civilisation-islamique\/afrique\/le-soudan-a-lepoque-ottomane-tel-que-dans-les-archives-ottomanes","title":{"rendered":"Le Soudan \u00e0 l\u2019\u00e9poque ottomane tel que dans les Archives ottomanes"},"content":{"rendered":"<p>Ce livre contient les traductions en arabe d&rsquo;un ensemble de documents officiels de l&rsquo;\u00c9tat ottoman qui ont \u00e9t\u00e9 s\u00e9lectionn\u00e9s dans les archives ottomanes d&rsquo;Istanbul pour servir de sources au sujet de l&rsquo;histoire du Soudan \u00e0 l\u2019\u00e9poque ottomane. Le livre a \u00e9t\u00e9 pr\u00e9par\u00e9 avec la coop\u00e9ration du D\u00e9partement des archives ottomanes rattach\u00e9 \u00e0 la Pr\u00e9sidence de Turquie. Suite \u00e0 sa publication, un lancement du livre a eu lieu \u00e0 la Maison nationale soudanaise des archives (National Records House) \u00e0 Khartoum en f\u00e9vrier 2009 pour le pr\u00e9senter aux chercheurs int\u00e9ress\u00e9s au Soudan.<\/p>\n","protected":false},"excerpt":{"rendered":"<p>Istanbul, 2007<br \/>\n(en arabe)<\/p>\n","protected":false},"featured_media":23733,"template":"","meta":{"_acf_changed":false,"_mi_skip_tracking":false},"product_cat":[180,164],"product_tag":[],"class_list":{"0":"post-23736","1":"product","2":"type-product","3":"status-publish","4":"has-post-thumbnail","6":"product_cat-afrique","7":"product_cat-histoire-de-la-civilisation-islamique","9":"first","10":"instock","11":"shipping-taxable","12":"product-type-simple"},"acf":[],"aioseo_notices":[],"_links":{"self":[{"href":"https:\/\/www.ircica.org\/fr\/wp-json\/wp\/v2\/product\/23736","targetHints":{"allow":["GET"]}}],"collection":[{"href":"https:\/\/www.ircica.org\/fr\/wp-json\/wp\/v2\/product"}],"about":[{"href":"https:\/\/www.ircica.org\/fr\/wp-json\/wp\/v2\/types\/product"}],"wp:featuredmedia":[{"embeddable":true,"href":"https:\/\/www.ircica.org\/fr\/wp-json\/wp\/v2\/media\/23733"}],"wp:attachment":[{"href":"https:\/\/www.ircica.org\/fr\/wp-json\/wp\/v2\/media?parent=23736"}],"wp:term":[{"taxonomy":"product_cat","embeddable":true,"href":"https:\/\/www.ircica.org\/fr\/wp-json\/wp\/v2\/product_cat?post=23736"},{"taxonomy":"product_tag","embeddable":true,"href":"https:\/\/www.ircica.org\/fr\/wp-json\/wp\/v2\/product_tag?post=23736"}],"curies":[{"name":"wp","href":"https:\/\/api.w.org\/{rel}","templated":true}]}}