{"id":23743,"date":"2002-12-15T00:00:00","date_gmt":"2002-12-14T22:00:00","guid":{"rendered":"https:\/\/www.ircica.org\/publications\/non%20class\u00e9\/proceedings-of-the-international-symposium-on-islamic-civilisation-in-the-balkans-sofia-bulgaria-21-23-april-2000"},"modified":"2024-05-21T16:28:45","modified_gmt":"2024-05-21T13:28:45","slug":"proceedings-of-the-international-symposium-on-islamic-civilisation-in-the-balkans-sofia-bulgaria-21-23-april-2000","status":"publish","type":"product","link":"https:\/\/www.ircica.org\/fr\/publications\/histoire-de-la-civilisation-islamique\/europe-de-lest-et-balkans\/actes-du-symposium-international-sur-la-civilisation-islamique-dans-les-balkans","title":{"rendered":"Actes du symposium international sur la Civilisation islamique dans les Balkans"},"content":{"rendered":"<p>Le Symposium international sur la civilisation islamique dans les Balkans a \u00e9t\u00e9 organis\u00e9 par l&rsquo;IRCICA en coop\u00e9ration avec l&rsquo;Institut des hautes \u00e9tudes islamiques, l&rsquo;Institut d&rsquo;\u00e9tudes balkaniques de l\u2019Acad\u00e9mie bulgare des sciences (Sofia), le Centre des langues et cultures orientales de l\u2019Universit\u00e9 de Sofia, et le Centre international d&rsquo;\u00e9tudes sur les minorit\u00e9s et les relations interculturelles (IMIR), tous bas\u00e9s \u00e0 Sofia. 86 communications avaient \u00e9t\u00e9 pr\u00e9sent\u00e9es lors du symposium. Les articles, par la suite r\u00e9vis\u00e9s par leur auteur, sont publi\u00e9s en deux volumes, l\u2019un pour ceux en turc et l\u2019autre pour ceux en anglais et en bulgare.<\/p>\n","protected":false},"excerpt":{"rendered":"<p>(Sofia, Bulgarie, 21-23 Avril 2000)<br \/>\n\u00c9d. Rama M.Z. Keilani (partie anglaise) et Svetlana Todorova (partie bulgare)<br \/>\nIstanbul 2002<br \/>\n(en anglais, bulgare et turc)<br \/>\nSet ISBN : 9290631104<\/p>\n","protected":false},"featured_media":23747,"template":"","meta":{"_acf_changed":false,"_mi_skip_tracking":false},"product_cat":[364,164],"product_tag":[],"class_list":{"0":"post-23743","1":"product","2":"type-product","3":"status-publish","4":"has-post-thumbnail","6":"product_cat-europe-de-lest-et-balkans","7":"product_cat-histoire-de-la-civilisation-islamique","9":"first","10":"instock","11":"shipping-taxable","12":"product-type-simple"},"acf":[],"aioseo_notices":[],"_links":{"self":[{"href":"https:\/\/www.ircica.org\/fr\/wp-json\/wp\/v2\/product\/23743","targetHints":{"allow":["GET"]}}],"collection":[{"href":"https:\/\/www.ircica.org\/fr\/wp-json\/wp\/v2\/product"}],"about":[{"href":"https:\/\/www.ircica.org\/fr\/wp-json\/wp\/v2\/types\/product"}],"wp:featuredmedia":[{"embeddable":true,"href":"https:\/\/www.ircica.org\/fr\/wp-json\/wp\/v2\/media\/23747"}],"wp:attachment":[{"href":"https:\/\/www.ircica.org\/fr\/wp-json\/wp\/v2\/media?parent=23743"}],"wp:term":[{"taxonomy":"product_cat","embeddable":true,"href":"https:\/\/www.ircica.org\/fr\/wp-json\/wp\/v2\/product_cat?post=23743"},{"taxonomy":"product_tag","embeddable":true,"href":"https:\/\/www.ircica.org\/fr\/wp-json\/wp\/v2\/product_tag?post=23743"}],"curies":[{"name":"wp","href":"https:\/\/api.w.org\/{rel}","templated":true}]}}