{"id":23810,"date":"2018-04-23T13:19:27","date_gmt":"2018-04-23T10:19:27","guid":{"rendered":"https:\/\/www.ircica.org\/publications\/non%20class\u00e9\/proceedings-of-the-international-symposium-on-konya-in-islamic-civilisation"},"modified":"2024-05-23T13:41:56","modified_gmt":"2024-05-23T10:41:56","slug":"proceedings-of-the-international-symposium-on-konya-in-islamic-civilisation","status":"publish","type":"product","link":"https:\/\/www.ircica.org\/fr\/publications\/histoire-de-la-civilisation-islamique\/asie\/moyen-orient-et-mediterranee\/actes-du-symposium-international-sur-konya-dans-la-civilisation-islamique","title":{"rendered":"Actes du symposium international sur Konya dans la civilisation islamique"},"content":{"rendered":"<p>Le symposium international sur \u201cKonya dans la civilisation islamique\u201d a \u00e9t\u00e9 organis\u00e9 par l\u2019IRCICA, la Chambre de commerce de l\u2019Universit\u00e9 Karatay de Konya et la municipalit\u00e9 m\u00e9tropolitaine de Konya \u00e0 l\u2019occasion du programme \u201cKonya, capitale du tourisme islamique 2016\u201d. Le symposium s\u2019est d\u00e9roul\u00e9 du 17 au 19 d\u00e9cembre 2018, co\u00efncidant avec les c\u00e9l\u00e9brations \u201cSheb-i Arus\u201d li\u00e9es au c\u00e9l\u00e8bre savant soufi Mawlana Jalal al-Din al-Rumi. La d\u00e9cision des \u00c9tats membres de l\u2019OCI de choisir Konya comme capitale du tourisme islamique 2016 a \u00e9t\u00e9 prise lors de la 4e r\u00e9union du Comit\u00e9 de coordination sur le tourisme (Jakarta, Indon\u00e9sie, 2014) du Comit\u00e9 permanent de la coop\u00e9ration \u00e9conomique et commerciale de l\u2019OCI (COMCEC) conform\u00e9ment aux crit\u00e8res de s\u00e9lection d\u00e9finis par la Conf\u00e9rence Islamique des ministres du Tourisme lors de sa 8e session (Banjul, Gambie, 2013). Konya est un centre important de la culture et de la civilisation et connue comme la capitale de l\u2019\u00c9tat Seljukide et le berceau de personnalit\u00e9s \u00e9minentes telles que Mawlana Jalal al-Din al- Rumi, Sadr al-Din al-Qunawi, Shams Tabrizi, Sahib Ata, Jalal al-Din Karatay, Hac\u0131veyiszade Mustafa Sabri Efendi, ainsi que de diverses madrasas et organisations religieuses et de savoir.<\/p>\n<p>Le symposium a r\u00e9uni des chercheurs et des intellectuels de dix pays : l\u2019Albanie, l\u2019Azerba\u00efdjan, l\u2019Inde, l\u2019Iran, la Jordanie, Oman, la Russie, le Tadjikistan, la Turquie et les \u00c9mirats arabes unis. Divers aspects de Konya en tant que centre du tourisme culturel ont \u00e9t\u00e9 \u00e9tudi\u00e9s et mis en \u00e9vidence au cours des s\u00e9ances, soulignant sp\u00e9cifiquement le r\u00f4le, l\u2019apport et l\u2019importance de Konya dans l\u2019histoire islamique. Les expos\u00e9s ont trait\u00e9 des sujets relatifs aux d\u00e9veloppements de la culture et de la connaissance \u00e0 Konya au cours de son histoire islamique pendant les p\u00e9riodes Seljukide, Ottomane et aujourd\u2019hui ; ses grands \u00e9rudits religieux, ses institutions \u00e9ducatives, ses d\u00e9veloppements sociaux, artistiques et litt\u00e9raires; son patrimoine urbain et architectural et l\u2019esprit de tol\u00e9rance qui \u00e9manait de l\u2019atmosph\u00e8re intellectuelle et mystique de Konya faisant de celle-ci une ville mondiale symbole de la tol\u00e9rance et de la compassion. Le livre comprend vingt articles.<\/p>\n","protected":false},"excerpt":{"rendered":"<p>D\u00e9cembre 2016, Konya<br \/>\n441 + 57 p.<br \/>\nIRCICA, Istanbul, 2018<\/p>\n","protected":false},"featured_media":23794,"template":"","meta":{"_acf_changed":false,"_mi_skip_tracking":false},"product_cat":[164,362],"product_tag":[],"class_list":{"0":"post-23810","1":"product","2":"type-product","3":"status-publish","4":"has-post-thumbnail","6":"product_cat-histoire-de-la-civilisation-islamique","7":"product_cat-moyen-orient-et-mediterranee","9":"first","10":"instock","11":"shipping-taxable","12":"product-type-simple"},"acf":[],"aioseo_notices":[],"_links":{"self":[{"href":"https:\/\/www.ircica.org\/fr\/wp-json\/wp\/v2\/product\/23810","targetHints":{"allow":["GET"]}}],"collection":[{"href":"https:\/\/www.ircica.org\/fr\/wp-json\/wp\/v2\/product"}],"about":[{"href":"https:\/\/www.ircica.org\/fr\/wp-json\/wp\/v2\/types\/product"}],"wp:featuredmedia":[{"embeddable":true,"href":"https:\/\/www.ircica.org\/fr\/wp-json\/wp\/v2\/media\/23794"}],"wp:attachment":[{"href":"https:\/\/www.ircica.org\/fr\/wp-json\/wp\/v2\/media?parent=23810"}],"wp:term":[{"taxonomy":"product_cat","embeddable":true,"href":"https:\/\/www.ircica.org\/fr\/wp-json\/wp\/v2\/product_cat?post=23810"},{"taxonomy":"product_tag","embeddable":true,"href":"https:\/\/www.ircica.org\/fr\/wp-json\/wp\/v2\/product_tag?post=23810"}],"curies":[{"name":"wp","href":"https:\/\/api.w.org\/{rel}","templated":true}]}}