{"id":23869,"date":"1991-12-24T00:00:00","date_gmt":"1991-12-23T22:00:00","guid":{"rendered":"https:\/\/www.ircica.org\/publications\/non%20class\u00e9\/catalogue-of-winners-plates-in-the-second-international-calligraphy-competition-in-the-name-of-yaqut-el-mustasimi"},"modified":"2024-05-24T10:42:28","modified_gmt":"2024-05-24T07:42:28","slug":"catalogue-of-winners-plates-in-the-second-international-calligraphy-competition-in-the-name-of-yaqut-el-mustasimi","status":"publish","type":"product","link":"https:\/\/www.ircica.org\/fr\/publications\/arts-artisanats\/catalogue-des-oeuvres-gagnantes-du-deuxieme-concours-international-de-calligraphie-au-nom-de-yakut-al-mustasimi","title":{"rendered":"Catalogue des oeuvres gagnantes du Deuxi\u00e8me concours international de calligraphie au nom de Yakut al-Mustasimi"},"content":{"rendered":"<p>Ce catalogue contient les images de 50 \u0153uvres de 31 calligraphes de 11 pays ayant \u00e9t\u00e9 prim\u00e9es au deuxi\u00e8me concours international de calligraphie que l\u2019IRCICA avait organis\u00e9 en 1991 en sa qualit\u00e9 de Secr\u00e9tariat et organe ex\u00e9cutif de la Commission internationale pour la pr\u00e9servation du patrimoine culturel islamique (ICPICH).\u00a0 Suite \u00e0 la fusion de l\u2019ICPICH avec l\u2019IRCICA en 2000, la s\u00e9rie de concours est r\u00e9alis\u00e9e dans le cadre des programmes de travail de l\u2019IRCICA. Les \u0153uvres sont \u00e9crites dans les styles d&rsquo;\u00e9criture suivants\u00a0: jaly thuluth, thuluth, naskh, jaly taliq, taliq, jaly diwani, diwani, kufi, muhaqqaq, reyhani, ijaza, riq&rsquo;a, maghribi et shiqeste.<\/p>\n","protected":false},"excerpt":{"rendered":"<p>Pr\u00e9par\u00e9 par Mohammed Tamimi<br \/>\nCommission internationale pour la pr\u00e9servation du patrimoine culturel islamique (ICPICH)<br \/>\nIstanbul, 1991<br \/>\n(en arabe, anglais et turc)<\/p>\n","protected":false},"featured_media":23855,"template":"","meta":{"_acf_changed":false,"_mi_skip_tracking":false},"product_cat":[189],"product_tag":[],"class_list":{"0":"post-23869","1":"product","2":"type-product","3":"status-publish","4":"has-post-thumbnail","6":"product_cat-arts-artisanats","8":"first","9":"instock","10":"shipping-taxable","11":"product-type-simple"},"acf":[],"aioseo_notices":[],"_links":{"self":[{"href":"https:\/\/www.ircica.org\/fr\/wp-json\/wp\/v2\/product\/23869","targetHints":{"allow":["GET"]}}],"collection":[{"href":"https:\/\/www.ircica.org\/fr\/wp-json\/wp\/v2\/product"}],"about":[{"href":"https:\/\/www.ircica.org\/fr\/wp-json\/wp\/v2\/types\/product"}],"wp:featuredmedia":[{"embeddable":true,"href":"https:\/\/www.ircica.org\/fr\/wp-json\/wp\/v2\/media\/23855"}],"wp:attachment":[{"href":"https:\/\/www.ircica.org\/fr\/wp-json\/wp\/v2\/media?parent=23869"}],"wp:term":[{"taxonomy":"product_cat","embeddable":true,"href":"https:\/\/www.ircica.org\/fr\/wp-json\/wp\/v2\/product_cat?post=23869"},{"taxonomy":"product_tag","embeddable":true,"href":"https:\/\/www.ircica.org\/fr\/wp-json\/wp\/v2\/product_tag?post=23869"}],"curies":[{"name":"wp","href":"https:\/\/api.w.org\/{rel}","templated":true}]}}