{"id":23892,"date":"2018-04-27T09:31:12","date_gmt":"2018-04-27T06:31:12","guid":{"rendered":"https:\/\/www.ircica.org\/publications\/non%20class\u00e9\/urban-heritage-at-bilad-al-sham"},"modified":"2024-05-27T10:01:56","modified_gmt":"2024-05-27T07:01:56","slug":"urban-heritage-at-bilad-al-sham","status":"publish","type":"product","link":"https:\/\/www.ircica.org\/fr\/publications\/patrimoine-culturel-et-architectural\/le-patrimoine-urbain-a-bilad-al-cham","title":{"rendered":"Le Patrimoine Urbain \u00e0 Bilad al-Cham"},"content":{"rendered":"<p>Ce livre comprend les actes du symposium organis\u00e9 par l\u2019IRCICA sous le patronage du Minist\u00e8re de la Culture du Royaume hach\u00e9mite de Jordanie sous le titre de \u00ab\u00a0Le Patrimoine Urbain Ottoman \u00e0 Bilad al-Cham\u00a0\u00bb et qui s\u2019est tenu \u00e0 Universit\u00e9 mondiale des sciences et de l&rsquo;\u00e9ducation islamiques, \u00e0 Amman, du 3 au 5 mars 2014, avec la participation d\u2019\u00e9minents chercheurs et experts de Turquie, de Jordanie, de Palestine, de Syrie, d\u2019Egypte, d\u2019Irak, d\u2019Arabie Saoudite, du Liban, de la Bosnie-Herz\u00e9govine, de la Su\u00e8de et de l\u2019Italie.<\/p>\n<p>Bilad al-Cham a connu un mouvement urbain de grande envergure \u00e0 l\u2019\u00e9poque ottomane qui a dur\u00e9 tout au long du r\u00e8gne ottoman dans cette r\u00e9gion. En t\u00e9moignent les \u00e9difices de patrimoine qui se sont r\u00e9pandus dans les diff\u00e9rentes villes du Cham. Cette propagation est due \u00e0 divers facteurs qui ont jou\u00e9 un grand r\u00f4le \u00e0 cet \u00e9gard, notamment les waqfs qui se sont r\u00e9pandus \u00e0 grande \u00e9chelle \u00e0 l\u2019\u00e8re ottomane et qui furent un facteur d\u00e9terminant dans le d\u00e9veloppement des travaux urbains car offrant \u00e0 ceux-ci une base l\u00e9gitime et les ressources financi\u00e8res n\u00e9cessaires. Les Sultans, les dirigeants et les hauts responsables ottomans ont tout aussi jou\u00e9 un r\u00f4le primordial dans la propagation des \u00e9difices de patrimoine qui furent \u00e9difi\u00e9s par de c\u00e9l\u00e8bres architectes de l\u2019\u00e9poque, notamment l\u2019architecte Sinan qui a \u00e9difi\u00e9 de somptueux \u00e9difices au sein de l\u2019\u00c9tat ottoman, dont ceux qui se sont r\u00e9pandus \u00e0 Bilad al-Cham. D\u2019ailleurs les monuments architecturaux ottomans se trouvant aujourd\u2019hui \u00e0 Bilad al-Cham t\u00e9moignent de la richesse et du d\u00e9veloppement de l\u2019architecture et de l\u2019urbanisme \u00e0 l\u2019\u00e9poque ottomane. Cependant, il est regrettable que ces monuments n\u2019aient pas fait l\u2019objet d\u2019\u00e9tude et de recherche et qu\u2019ils pr\u00e9sentent bien des aspects qui demeurent m\u00e9connus. Ainsi, afin de mettre la lumi\u00e8re sur ces aspects et qu\u2019ils ne sombrent pas dans l\u2019oubli ce symposium a \u00e9t\u00e9 organis\u00e9. Dix-sept expos\u00e9s, \u00e0 savoir quinze en arabe et deux en turc, ont \u00e9t\u00e9 pr\u00e9sent\u00e9s au cours du symposium dont voici quelques titres\u00a0: \u02baL\u2019architecture ottomane \u00e0 Bilad al-Cham \u00e0 travers les r\u00e9cits de voyage arabes\u02ba, \u02baLe r\u00f4le des facteurs politiques et sociaux dans le d\u00e9veloppement de l\u2019architecture ottomane \u00e0 Bilad al-Cham\u00a0: Alep et Damas comme \u00e9tude de cas\u00a0: \u00e9tude historique (1550-1800)\u02ba, \u02baLes \u00e9coles ottomanes \u00e0 Alep et leur impact sur la vie scientifique\u02ba, \u02baLes forteresses ottomanes dans le sud de la Jordanie : La forteresse (Khan) d\u2019al Hasa comme \u00e9tude de cas\u02ba, \u02baLes khans ottomans au Liban au 19<sup>e<\/sup> si\u00e8cle, d\u2019excellentes stations pour des contacts \u00e9conomiques et sociaux\u02ba, \u02baLes souks ottomans \u00e0 Bilad al-Cham\u00a0: la ville d\u2019Alep comme \u00e9tude de cas\u02ba&#8230;etc.<\/p>\n<p>Le Centre esp\u00e8re que ce livre, de par sa publication, servira de r\u00e9f\u00e9rence aux chercheurs et \u00e0 tous les concern\u00e9s par le patrimoine urbain \u00e0 Bilad al-Cham.<\/p>\n","protected":false},"excerpt":{"rendered":"<p>Actes du symposium sur le patrimoine urbain Ottoman \u00e0 Bilad al-Cham, Amman 2014<br \/>\nS\u00e9rie de l\u2019histoire des pays musulman\u00a0: n\u00b07\u00a0; 482 pp., 58 pp.<br \/>\nIstanbul, IRCICA, 2018<br \/>\nen langues arabe et turque<\/p>\n","protected":false},"featured_media":23877,"template":"","meta":{"_acf_changed":false,"_mi_skip_tracking":false},"product_cat":[173],"product_tag":[],"class_list":{"0":"post-23892","1":"product","2":"type-product","3":"status-publish","4":"has-post-thumbnail","6":"product_cat-patrimoine-culturel-et-architectural","8":"first","9":"instock","10":"shipping-taxable","11":"product-type-simple"},"acf":[],"aioseo_notices":[],"_links":{"self":[{"href":"https:\/\/www.ircica.org\/fr\/wp-json\/wp\/v2\/product\/23892","targetHints":{"allow":["GET"]}}],"collection":[{"href":"https:\/\/www.ircica.org\/fr\/wp-json\/wp\/v2\/product"}],"about":[{"href":"https:\/\/www.ircica.org\/fr\/wp-json\/wp\/v2\/types\/product"}],"wp:featuredmedia":[{"embeddable":true,"href":"https:\/\/www.ircica.org\/fr\/wp-json\/wp\/v2\/media\/23877"}],"wp:attachment":[{"href":"https:\/\/www.ircica.org\/fr\/wp-json\/wp\/v2\/media?parent=23892"}],"wp:term":[{"taxonomy":"product_cat","embeddable":true,"href":"https:\/\/www.ircica.org\/fr\/wp-json\/wp\/v2\/product_cat?post=23892"},{"taxonomy":"product_tag","embeddable":true,"href":"https:\/\/www.ircica.org\/fr\/wp-json\/wp\/v2\/product_tag?post=23892"}],"curies":[{"name":"wp","href":"https:\/\/api.w.org\/{rel}","templated":true}]}}