{"id":23997,"date":"2024-01-29T13:46:57","date_gmt":"2024-01-29T10:46:57","guid":{"rendered":"https:\/\/www.ircica.org\/publications\/non%20class\u00e9\/1876-1954-konya-fotograflari-kulliyati-photographic-compendium"},"modified":"2024-05-30T09:37:09","modified_gmt":"2024-05-30T06:37:09","slug":"1876-1954-konya-fotograflari-kulliyati-photographic-compendium","status":"publish","type":"product","link":"https:\/\/www.ircica.org\/fr\/publications\/photographies-historiques\/1876-1954-konya-fotograflari-kulliyati-photographic-compendium-recueil-photographique","title":{"rendered":"1876-1954 Konya Foto\u011fraflar\u0131 K\u00fclliyat\u0131. Photographic Compendium [Recueil photographique]"},"content":{"rendered":"<p>Ce riche album de photographies historiques de Konya (Turquie) est le r\u00e9sultat d\u2019un ambitieux projet commun de l\u2019IRCICA et de la municipalit\u00e9 m\u00e9tropolitaine de Konya visant \u00e0 compiler les photographies de Konya contenues dans les archives de l\u2019IRCICA et les collections de la municipalit\u00e9 dans un album complet qui servirait de r\u00e9f\u00e9rence pour les g\u00e9n\u00e9rations \u00e0 venir. Les photographies, datant g\u00e9n\u00e9ralement du dernier quart du XIXe et de la premi\u00e8re moiti\u00e9 du XXe si\u00e8cle, repr\u00e9sentent les structures de la ville, les monuments, les rues, la vie sociale et les activit\u00e9s \u00e9conomiques, en mettant l\u2019accent sur le patrimoine architectural des p\u00e9riodes historiques ant\u00e9rieures, en particulier les p\u00e9riodes seldjoukide et ottomane. Les annotations d\u00e9taill\u00e9es fournies pour chaque photographie contiennent des informations historiques d\u00e9taill\u00e9es. De plus, de nombreuses informations sont fournies sur l\u2019histoire de la photographie et des photographes \u00e0 Konya.<\/p>\n<p>Situ\u00e9e au centre de l\u2019Anatolie, Konya a \u00e9t\u00e9 tout au long de l\u2019histoire un centre administratif et culturel de premier plan dans sa r\u00e9gion. L\u2019une des p\u00e9riodes d\u2019apog\u00e9e de Konya a commenc\u00e9 lorsqu\u2019elle devint la capitale seldjoukide au XIe si\u00e8cle. Elle fut agr\u00e9ment\u00e9e de mosqu\u00e9es, de constructions institutionnelles et infrastructurelles ; les activit\u00e9s \u00e9conomiques y \u00e9taient florissantes ; la ville \u00e9tait devenue connue dans le monde comme un centre d\u2019\u00e9rudition, de soufisme en particulier avec Mevlana Jalaluddin Rum\u00ee et d\u2019autres illustres \u00e9rudits soufis associ\u00e9s \u00e0 Konya. Apr\u00e8s la dissolution de l\u2019\u00c9tat seldjoukide, Konya devint la capitale des Karamanides au XVe si\u00e8cle. La ville a continu\u00e9 \u00e0 prosp\u00e9rer pendant la p\u00e9riode ottomane, devenant un centre avanc\u00e9 de fabrication et de commerce. Elle fut \u00e9galement un centre de production, de commerce et de tourisme culturel et religieux sous la R\u00e9publique turque. Les activit\u00e9s de l\u2019IRCICA relatives \u00e0 Konya ont commenc\u00e9 avec l\u2019adoption de Konya comme Ville du Tourisme de l\u2019OCI 2016 par la Conf\u00e9rence Islamique des ministres du Tourisme de l\u2019OCI. Dans ce contexte, l\u2019IRCICA, conjointement avec l\u2019Universit\u00e9 de Karatay et la municipalit\u00e9 m\u00e9tropolitaine de Konya, a organis\u00e9 la m\u00eame ann\u00e9e le symposium international sur \u00ab Konya dans la civilisation islamique \u00bb et en a publi\u00e9 les actes.<\/p>\n<p>De nombreux photographes, voyageurs et\/ou arch\u00e9ologues ont visit\u00e9 Konya ou s\u2019y sont install\u00e9s d\u00e8s l\u2019av\u00e8nement de la photographie dans l\u2019\u00c9tat ottoman. L\u2019album contient plus de 600 photographies, avec des explications en anglais et en turc. L\u2019introduction est suivie d\u2019articles sur les albums photographiques du sultan Abd\u00fclhamid II et de Y\u0131ld\u0131z, le recueil et les collections de la municipalit\u00e9 m\u00e9tropolitaine de Konya, les photographes inclus dans l\u2019album. Les photographies et leurs explications sont regroup\u00e9es principalement comme suit : vues g\u00e9n\u00e9rales et panoramas ; Monuments et antiquit\u00e9s\u00a0; M\u00e9dersas ; Mosqu\u00e9es\u00a0; Loges de derviches\u00a0; Tombes et pierres tombales\u00a0; Khans\u00a0; Bains publics; Fontaines et puits\u00a0; Biblioth\u00e8ques\u00a0; B\u00e2timents publics ; \u00c9coles\u00a0; Mus\u00e9es et antiquit\u00e9s\u00a0; Chemins de fer et gares ferroviaires\u00a0; Commerce, Usines ; C\u00e9r\u00e9monies ; Vie sociale ; Neige et inondations\u00a0; V\u00eatements\u00a0; Belles demeures et maisons\u00a0; Parcs et jardins ; Photographies diverses\u00a0; Routes et ponts\u00a0; Villages\u00a0; Personnalit\u00e9s.<\/p>\n","protected":false},"excerpt":{"rendered":"<p>L\u2019IRCICA et la municipalit\u00e9 m\u00e9tropolitaine de Konya, Konya, 2024<br \/>\n2 volumes<br \/>\n(en anglais et turc)<\/p>\n","protected":false},"featured_media":23933,"template":"","meta":{"_acf_changed":false,"_mi_skip_tracking":false},"product_cat":[169],"product_tag":[],"class_list":{"0":"post-23997","1":"product","2":"type-product","3":"status-publish","4":"has-post-thumbnail","6":"product_cat-photographies-historiques","8":"first","9":"instock","10":"shipping-taxable","11":"product-type-simple"},"acf":[],"aioseo_notices":[],"_links":{"self":[{"href":"https:\/\/www.ircica.org\/fr\/wp-json\/wp\/v2\/product\/23997","targetHints":{"allow":["GET"]}}],"collection":[{"href":"https:\/\/www.ircica.org\/fr\/wp-json\/wp\/v2\/product"}],"about":[{"href":"https:\/\/www.ircica.org\/fr\/wp-json\/wp\/v2\/types\/product"}],"wp:featuredmedia":[{"embeddable":true,"href":"https:\/\/www.ircica.org\/fr\/wp-json\/wp\/v2\/media\/23933"}],"wp:attachment":[{"href":"https:\/\/www.ircica.org\/fr\/wp-json\/wp\/v2\/media?parent=23997"}],"wp:term":[{"taxonomy":"product_cat","embeddable":true,"href":"https:\/\/www.ircica.org\/fr\/wp-json\/wp\/v2\/product_cat?post=23997"},{"taxonomy":"product_tag","embeddable":true,"href":"https:\/\/www.ircica.org\/fr\/wp-json\/wp\/v2\/product_tag?post=23997"}],"curies":[{"name":"wp","href":"https:\/\/api.w.org\/{rel}","templated":true}]}}