{"id":24023,"date":"2024-05-30T09:49:45","date_gmt":"2024-05-30T06:49:45","guid":{"rendered":"https:\/\/www.ircica.org\/publications\/non%20class\u00e9\/islamic-civilization-in-southern-africa-history-contemporary-state-future-perspectives"},"modified":"2024-05-30T10:02:49","modified_gmt":"2024-05-30T07:02:49","slug":"islamic-civilization-in-southern-africa-history-contemporary-state-future-perspectives","status":"publish","type":"product","link":"https:\/\/www.ircica.org\/fr\/publications\/histoire-de-la-civilisation-islamique\/afrique\/la-civilisation-islamique-en-afrique-australe-histoire-situation-contemporaine-et-perspectives-davenir","title":{"rendered":"La civilisation islamique en Afrique australe : histoire, situation contemporaine et perspectives d\u2019avenir"},"content":{"rendered":"<p>Ce livre contient les articles du Troisi\u00e8me Congr\u00e8s international sur \u00ab La civilisation islamique en Afrique australe : histoire, situation contemporaine et perspectives d\u2019avenir \u00bb, organis\u00e9 par l\u2019IRCICA et le Secr\u00e9tariat g\u00e9n\u00e9ral de l\u2019OCI en partenariat avec la Fondation Awqaf d\u2019Afrique du Sud (Awqaf SA) et l\u2019Universit\u00e9 du Cap-Occidental, au Cap, en Afrique du Sud, du 16 au 18 septembre 2022. Le livre comprend 30 articles sous les titres de chapitres suivants : \u00ab Patrimoine historique et culturel \u00bb, \u00ab Communaut\u00e9s et groupes sociaux musulmans \u00bb, \u00ab Institutions \u00e9ducatives \u00bb, \u00ab \u00c9conomie et m\u00e9dias \u00bb. Les articles couvrent une vaste gamme de sujets \u00e9tudi\u00e9s sous des perspectives historiques et contemporaines g\u00e9n\u00e9rales et\/ou en mettant l\u2019accent sur des pays, notamment le Botswana, le Malawi, Maurice, le Mozambique, l\u2019Afrique du Sud et le Zimbabwe. Le livre sera une r\u00e9f\u00e9rence utile et instructive pour tous ceux qui s\u2019int\u00e9ressent \u00e0 l\u2019histoire et aux cultures de la r\u00e9gion.<\/p>\n","protected":false},"excerpt":{"rendered":"<p>Actes du 3e Congr\u00e8s international sur la civilisation islamique en Afrique australe<br \/>\nSeptembre 2022, Le Cap, Afrique du Sud<br \/>\nIRCICA, 2024. 511 p.<br \/>\n(en anglais)<\/p>\n","protected":false},"featured_media":24003,"template":"","meta":{"_acf_changed":false,"_mi_skip_tracking":false},"product_cat":[180,164],"product_tag":[],"class_list":{"0":"post-24023","1":"product","2":"type-product","3":"status-publish","4":"has-post-thumbnail","6":"product_cat-afrique","7":"product_cat-histoire-de-la-civilisation-islamique","9":"first","10":"instock","11":"shipping-taxable","12":"product-type-simple"},"acf":[],"aioseo_notices":[],"_links":{"self":[{"href":"https:\/\/www.ircica.org\/fr\/wp-json\/wp\/v2\/product\/24023","targetHints":{"allow":["GET"]}}],"collection":[{"href":"https:\/\/www.ircica.org\/fr\/wp-json\/wp\/v2\/product"}],"about":[{"href":"https:\/\/www.ircica.org\/fr\/wp-json\/wp\/v2\/types\/product"}],"wp:featuredmedia":[{"embeddable":true,"href":"https:\/\/www.ircica.org\/fr\/wp-json\/wp\/v2\/media\/24003"}],"wp:attachment":[{"href":"https:\/\/www.ircica.org\/fr\/wp-json\/wp\/v2\/media?parent=24023"}],"wp:term":[{"taxonomy":"product_cat","embeddable":true,"href":"https:\/\/www.ircica.org\/fr\/wp-json\/wp\/v2\/product_cat?post=24023"},{"taxonomy":"product_tag","embeddable":true,"href":"https:\/\/www.ircica.org\/fr\/wp-json\/wp\/v2\/product_tag?post=24023"}],"curies":[{"name":"wp","href":"https:\/\/api.w.org\/{rel}","templated":true}]}}