{"id":24133,"date":"1987-12-24T00:00:00","date_gmt":"1987-12-23T22:00:00","guid":{"rendered":"https:\/\/www.ircica.org\/publications\/non%20class\u00e9\/catalogue-of-winners-plates-in-the-first-international-calligraphy-competition-14071987-in-the-name-of-hamid-al-amidi"},"modified":"2024-06-03T11:18:45","modified_gmt":"2024-06-03T08:18:45","slug":"catalogue-of-winners-plates-in-the-first-international-calligraphy-competition-14071987-in-the-name-of-hamid-al-amidi","status":"publish","type":"product","link":"https:\/\/www.ircica.org\/fr\/publications\/arts-artisanats\/catalogue-des-oeuvres-gagnantes-au-premier-concours-international-de-calligraphie-au-nom-de-hamid-al-amidi-aytac","title":{"rendered":"Catalogue des \u0153uvres gagnantes au Premier concours international de calligraphie au nom de Hamid Al-Amidi (Ayta\u00e7)"},"content":{"rendered":"<p>Le premier concours international de calligraphie avait \u00e9t\u00e9 organis\u00e9 en 1986 par la Commission internationale pour la pr\u00e9servation du patrimoine culturel islamique (ICPICH) et dirig\u00e9 par l&rsquo;IRCICA en tant que secr\u00e9tariat et organe ex\u00e9cutif de l&rsquo;ICPICH. Le concours \u00e9tait d\u00e9di\u00e9 au c\u00e9l\u00e8bre calligraphe Hamid Al-Amidi (Ayta\u00e7) en sa m\u00e9moire et pour encourager les jeunes calligraphes \u00e0 suivre son exemple. Cela a ensuite \u00e9t\u00e9 adopt\u00e9 comme une tradition du programme de concours et ainsi chacun des concours suivants a port\u00e9 portait le nom d&rsquo;un illustre calligraphe. Ce premier concours a re\u00e7u 1 272 candidatures soumises par 352 participants de 32 pays. 62 \u0153uvres de 43 participants de 18 pays ont re\u00e7u des prix. Une c\u00e9r\u00e9monie de remise des prix a eu lieu \u00e0 l&rsquo;IRCICA le 16 mai 1987, co\u00efncidant avec le cinqui\u00e8me anniversaire de la mort de Hamid Ayta\u00e7.<\/p>\n","protected":false},"excerpt":{"rendered":"<p>Istanbul, 1987<br \/>\n(en anglais, arabe et turc)<\/p>\n","protected":false},"featured_media":24118,"template":"","meta":{"_acf_changed":false,"_mi_skip_tracking":false},"product_cat":[189],"product_tag":[],"class_list":{"0":"post-24133","1":"product","2":"type-product","3":"status-publish","4":"has-post-thumbnail","6":"product_cat-arts-artisanats","8":"first","9":"instock","10":"shipping-taxable","11":"product-type-simple"},"acf":[],"aioseo_notices":[],"_links":{"self":[{"href":"https:\/\/www.ircica.org\/fr\/wp-json\/wp\/v2\/product\/24133","targetHints":{"allow":["GET"]}}],"collection":[{"href":"https:\/\/www.ircica.org\/fr\/wp-json\/wp\/v2\/product"}],"about":[{"href":"https:\/\/www.ircica.org\/fr\/wp-json\/wp\/v2\/types\/product"}],"wp:featuredmedia":[{"embeddable":true,"href":"https:\/\/www.ircica.org\/fr\/wp-json\/wp\/v2\/media\/24118"}],"wp:attachment":[{"href":"https:\/\/www.ircica.org\/fr\/wp-json\/wp\/v2\/media?parent=24133"}],"wp:term":[{"taxonomy":"product_cat","embeddable":true,"href":"https:\/\/www.ircica.org\/fr\/wp-json\/wp\/v2\/product_cat?post=24133"},{"taxonomy":"product_tag","embeddable":true,"href":"https:\/\/www.ircica.org\/fr\/wp-json\/wp\/v2\/product_tag?post=24133"}],"curies":[{"name":"wp","href":"https:\/\/api.w.org\/{rel}","templated":true}]}}