{"id":24161,"date":"2016-12-03T14:14:34","date_gmt":"2016-12-03T11:14:34","guid":{"rendered":"https:\/\/www.ircica.org\/publications\/non%20class\u00e9\/proceedings-of-the-international-congress-on-oman-in-ottoman-documents"},"modified":"2024-06-03T14:50:52","modified_gmt":"2024-06-03T11:50:52","slug":"proceedings-of-the-international-congress-on-oman-in-ottoman-documents","status":"publish","type":"product","link":"https:\/\/www.ircica.org\/fr\/publications\/histoire-de-la-civilisation-islamique\/asie\/moyen-orient-et-mediterranee\/actes-du-congres-international-sur-oman-dans-les-documents-ottomans","title":{"rendered":"Actes du congr\u00e8s international sur Oman dans les documents ottomans"},"content":{"rendered":"<p>Ce livre comprend les actes du congr\u00e8s international organis\u00e9 conjointement par l\u2019IRCICA et l\u2019Instance Nationale des Documents et Archives d\u2019Oman les 5 et 6 octobre 2012. Les expos\u00e9s ont \u00e9t\u00e9 pr\u00e9sent\u00e9s en turc et en arabe par des experts en relations ottomano-omanaises. Ainsi, pour les expos\u00e9s en turc, le professeur \u0130dris Bostan, du D\u00e9partement d\u2019histoire de l\u2019Universit\u00e9 d\u2019Istanbul en Turquie, a contribu\u00e9 au livre avec un article intitul\u00e9 \u00ab Les guerres d\u2019Hormuz et de Mascate dans la mer d\u2019Oman comme un tournant d\u00e9cisif dans la rivalit\u00e9 ottomano-portugaise \u00bb. Le Directeur g\u00e9n\u00e9ral des Archives ottomanes, le Dr. \u00d6nder Bayir, a contribu\u00e9 avec un article intitul\u00e9 \u00ab L\u2019importance des archives ottomanes dans le domaine de la recherche sur l\u2019histoire d\u2019Oman \u00bb. La contribution du professeur Mustafa L\u00fctf\u00fc Bilge s\u2019intitula \u00ab\u00a0Les relations ottomano-omanaises au 19<sup>e<\/sup> si\u00e8cle\u00a0\u00bb. En ce qui concerne les expos\u00e9s en arabe, le Dr. Saied Bin Mohamed Al-Hashmi a contribu\u00e9 au livre avec un article intitul\u00e9 \u00ab\u00a0Les Ottomans \u00e0 Mascate : 1551-1581\u00a0\u00bb (avec des photographies historiques sur les relations omano-ottomanes). La contribution du Dr. Nahed Abdul-Karim s\u2019intitula \u00ab L\u2019importance strat\u00e9gique des relations omano-ottomanes : depuis l\u2019\u00e9tablissement de l\u2019\u00c9tat d\u2019Al-Bou Saied en 1744 jusqu\u2019\u00e0 la mort d\u2019Al-Sayed Saied Bin Sultan en 1856 \u00bb. Enfin, Turkeya Bint Hamad Bin Hamod Al-Farsi a contribu\u00e9 avec un article sur \u00ab Le r\u00f4le des archives ottomanes dans la r\u00e9v\u00e9lation des relations omano-ottomanes \u00bb. Ce livre constitue une source de r\u00e9f\u00e9rence tr\u00e8s importante pour les chercheurs qui \u00e9tudient l\u2019\u00e9volution historique des relations omano-ottomanes.<\/p>\n","protected":false},"excerpt":{"rendered":"<p>(5-6 octobre 2012)<br \/>\nIstanbul, IRCICA, 2016<\/p>\n","protected":false},"featured_media":24154,"template":"","meta":{"_acf_changed":false,"_mi_skip_tracking":false},"product_cat":[164,362],"product_tag":[],"class_list":{"0":"post-24161","1":"product","2":"type-product","3":"status-publish","4":"has-post-thumbnail","6":"product_cat-histoire-de-la-civilisation-islamique","7":"product_cat-moyen-orient-et-mediterranee","9":"first","10":"instock","11":"shipping-taxable","12":"product-type-simple"},"acf":[],"aioseo_notices":[],"_links":{"self":[{"href":"https:\/\/www.ircica.org\/fr\/wp-json\/wp\/v2\/product\/24161","targetHints":{"allow":["GET"]}}],"collection":[{"href":"https:\/\/www.ircica.org\/fr\/wp-json\/wp\/v2\/product"}],"about":[{"href":"https:\/\/www.ircica.org\/fr\/wp-json\/wp\/v2\/types\/product"}],"wp:featuredmedia":[{"embeddable":true,"href":"https:\/\/www.ircica.org\/fr\/wp-json\/wp\/v2\/media\/24154"}],"wp:attachment":[{"href":"https:\/\/www.ircica.org\/fr\/wp-json\/wp\/v2\/media?parent=24161"}],"wp:term":[{"taxonomy":"product_cat","embeddable":true,"href":"https:\/\/www.ircica.org\/fr\/wp-json\/wp\/v2\/product_cat?post=24161"},{"taxonomy":"product_tag","embeddable":true,"href":"https:\/\/www.ircica.org\/fr\/wp-json\/wp\/v2\/product_tag?post=24161"}],"curies":[{"name":"wp","href":"https:\/\/api.w.org\/{rel}","templated":true}]}}