{"id":24216,"date":"2011-10-03T00:00:00","date_gmt":"2011-10-02T21:00:00","guid":{"rendered":"https:\/\/www.ircica.org\/publications\/non%20class\u00e9\/bursa-in-photographs-of-the-period-of-sultan-abdulhamid-ii"},"modified":"2024-06-04T10:10:01","modified_gmt":"2024-06-04T07:10:01","slug":"bursa-in-photographs-of-the-period-of-sultan-abdulhamid-ii","status":"publish","type":"product","link":"https:\/\/www.ircica.org\/fr\/publications\/photographies-historiques\/bursa-dans-les-photographies-de-la-periode-du-sultan-abdulhamid-ii","title":{"rendered":"Bursa dans les photographies de la p\u00e9riode du Sultan Abdulhamid II"},"content":{"rendered":"<p>La ville de Bursa, situ\u00e9e \u00e0 l\u2019ouest de la Turquie, est depuis des mill\u00e9naires une zone d\u2019habitation situ\u00e9e \u00e0 l\u2019intersection des routes de voyage et de commerce. De 1335 \u00e0 1363, elle fut la capitale de l&rsquo;\u00c9tat ottoman. Aujourd&rsquo;hui zone industrielle majeure, elle est importante en tant que centre touristique, artistique et arch\u00e9ologique. L&rsquo;IRCICA a publi\u00e9 un album deluxe comportant des photographies de Bursa datant de la fin du 19\u00e8me-d\u00e9but du 20\u00e8me si\u00e8cle. Les photographies ont \u00e9t\u00e9 s\u00e9lectionn\u00e9es parmi les collections contenues dans les archives de l&rsquo;IRCICA, \u00e0 savoir les albums de Y\u0131ld\u0131z de la p\u00e9riode du Sultan Abdulhamid II, et diverses collections ayant \u00e9t\u00e9 re\u00e7ues par l&rsquo;IRCICA comem dons, \u00e0 savoir celles de Fahreddin Pacha, Sabiha Darga, Salih Keramet Nigar, \u0130bn\u00fclemin Mahmud Kemal \u0130nal, Hidayet Yavuz Nuho\u011flu, Tevfik B\u0131y\u0131kl\u0131o\u011flu, Talip Mert et Hikmet \u00d6\u011f\u00fct. Les photographies montrent des quartiers, des portails, des mosqu\u00e9es, des tombeaux, des fontaines, des routes, des ponts, des c\u00e9r\u00e9monies, des personnalit\u00e9s. Il existe \u00e9galement une section sur \u00ab\u00a0Les photographes et studios de photographie\u00a0\u00bb. Cet album est paru dans le cadre de l&rsquo;Ann\u00e9e d\u2019Evliya \u00c7elebi 2011 d\u00e9clar\u00e9e par l&rsquo;UNESCO, car Bursa rev\u00eatait une importance particuli\u00e8re pour Evliya \u00c7elebi (1611-1684). C&rsquo;\u00e9tait la premi\u00e8re ville qu&rsquo;il a visit\u00e9e en dehors d&rsquo;Istanbul et l&rsquo;une des rares o\u00f9 il s\u2019est rendu dans le but sp\u00e9cifique d&rsquo;en apprendre davantage.<\/p>\n","protected":false},"excerpt":{"rendered":"<p>Texte: Mustafa Arma\u011fan<br \/>\nIstanbul, 2011<br \/>\n(en anglais, arabe et turc)<\/p>\n","protected":false},"featured_media":24194,"template":"","meta":{"_acf_changed":false,"_mi_skip_tracking":false},"product_cat":[169],"product_tag":[],"class_list":{"0":"post-24216","1":"product","2":"type-product","3":"status-publish","4":"has-post-thumbnail","6":"product_cat-photographies-historiques","8":"first","9":"instock","10":"shipping-taxable","11":"product-type-simple"},"acf":[],"aioseo_notices":[],"_links":{"self":[{"href":"https:\/\/www.ircica.org\/fr\/wp-json\/wp\/v2\/product\/24216","targetHints":{"allow":["GET"]}}],"collection":[{"href":"https:\/\/www.ircica.org\/fr\/wp-json\/wp\/v2\/product"}],"about":[{"href":"https:\/\/www.ircica.org\/fr\/wp-json\/wp\/v2\/types\/product"}],"wp:featuredmedia":[{"embeddable":true,"href":"https:\/\/www.ircica.org\/fr\/wp-json\/wp\/v2\/media\/24194"}],"wp:attachment":[{"href":"https:\/\/www.ircica.org\/fr\/wp-json\/wp\/v2\/media?parent=24216"}],"wp:term":[{"taxonomy":"product_cat","embeddable":true,"href":"https:\/\/www.ircica.org\/fr\/wp-json\/wp\/v2\/product_cat?post=24216"},{"taxonomy":"product_tag","embeddable":true,"href":"https:\/\/www.ircica.org\/fr\/wp-json\/wp\/v2\/product_tag?post=24216"}],"curies":[{"name":"wp","href":"https:\/\/api.w.org\/{rel}","templated":true}]}}