{"id":24250,"date":"2013-12-10T00:00:00","date_gmt":"2013-12-09T22:00:00","guid":{"rendered":"https:\/\/www.ircica.org\/publications\/non%20class\u00e9\/haremeyn-makka-al-mukarrama-and-al-madina-al-munawwara-in-photographs-from-the-ottoman-period-selected-from-the-albums-of-sultan-abdulhamid-ii-and-the-collection-of-fahreddin-pasha-turkkan"},"modified":"2024-06-05T11:34:03","modified_gmt":"2024-06-05T08:34:03","slug":"haremeyn-makka-al-mukarrama-and-al-madina-al-munawwara-in-photographs-from-the-ottoman-period-selected-from-the-albums-of-sultan-abdulhamid-ii-and-the-collection-of-fahreddin-pasha-turkkan","status":"publish","type":"product","link":"https:\/\/www.ircica.org\/fr\/publications\/photographies-historiques\/haremeyn-makka-al-mukarrama-et-al-madina-al-munawwara-dans-les-photographies-de-la-periode-ottomane","title":{"rendered":"Haremeyn. Makka al-Mukarrama et al-Madina al-Munawwara dans les photographies de la p\u00e9riode ottomane"},"content":{"rendered":"<p>Cet ouvrage publi\u00e9 par l&rsquo;IRCICA contient des photographies historiques de Makka al-Mukarrama et Madina al-Munawwara s\u00e9lectionn\u00e9es dans les archives de l&rsquo;IRCICA, principalement les albums de Y\u0131ld\u0131z datant du r\u00e8gne du sultan Abdulhamid II (fin 19e &#8211; d\u00e9but 20e si\u00e8cle) et la collection de Fahreddin Pacha, le \u00ab\u00a0D\u00e9fenseur de M\u00e9dine\u00a0\u00bb. L&rsquo;introduction donne l&rsquo;histoire des services rendus par les \u00c9tats et les peuples musulmans pour la protection et l&rsquo;entretien des lieux saints, c&rsquo;est-\u00e0-dire la Kaaba et la Masjid al-Haram \u00e0 Makka al-Mukarrama, al-Masjid al-Nabawi \u00e0 al-Madina. al-Munawwara et al-Masjid al-Aqsa \u00e0 al-Quds al-Ch\u00e9rif. Ces services comprennent les restaurations, le d\u00e9veloppement des infrastructures dans la Sainte Kaaba et d&rsquo;autres lieux sacr\u00e9s de La Mecque, dans la mosqu\u00e9e du Proph\u00e8te et d&rsquo;autres lieux sacr\u00e9s de M\u00e9dine, ainsi que les arrangements relatifs au Hajj, \u00e0 la Surra (cadeaux et aides sociales envoy\u00e9es par les sultans ottomans \u00e0 la r\u00e9gion chaque ann\u00e9e par des caravanes), les waqfs allou\u00e9s aux villes saintes et aux monuments, entre autres. L&rsquo;album est divis\u00e9 en quatre parties, relatives \u00e0 La Mecque, M\u00e9dine, la Surra et les diverses photographies &#8211; des villes adjacentes, de la vie \u00e9conomique, des activit\u00e9s sociales, des personnalit\u00e9s, etc. Les photographies sont accompagn\u00e9es de textes informatifs en anglais, arabe et turc. Cet album constitue un compl\u00e9ment pr\u00e9cieux \u00e0 la litt\u00e9rature sur l\u2019histoire de La Mecque et de M\u00e9dine au cours des quarante derni\u00e8res ann\u00e9es de la p\u00e9riode ottomane.<\/p>\n","protected":false},"excerpt":{"rendered":"<p>Photographies choisies des Albums du Sultan Abdulhamid II et de la collection de Fahreddin Pacha (T\u00fcrkkan)<br \/>\nS\u00e9rie d&rsquo;albums de photographies historiques 8<br \/>\nIRCICA, Istanbul, 2013<br \/>\n592 p., 37\u00d746 cm., illustrations, cartes, plans<br \/>\n(anglais, arabe, turc)<\/p>\n","protected":false},"featured_media":24235,"template":"","meta":{"_acf_changed":false,"_mi_skip_tracking":false},"product_cat":[169],"product_tag":[],"class_list":{"0":"post-24250","1":"product","2":"type-product","3":"status-publish","4":"has-post-thumbnail","6":"product_cat-photographies-historiques","8":"first","9":"outofstock","10":"shipping-taxable","11":"purchasable","12":"product-type-simple"},"acf":[],"aioseo_notices":[],"_links":{"self":[{"href":"https:\/\/www.ircica.org\/fr\/wp-json\/wp\/v2\/product\/24250","targetHints":{"allow":["GET"]}}],"collection":[{"href":"https:\/\/www.ircica.org\/fr\/wp-json\/wp\/v2\/product"}],"about":[{"href":"https:\/\/www.ircica.org\/fr\/wp-json\/wp\/v2\/types\/product"}],"wp:featuredmedia":[{"embeddable":true,"href":"https:\/\/www.ircica.org\/fr\/wp-json\/wp\/v2\/media\/24235"}],"wp:attachment":[{"href":"https:\/\/www.ircica.org\/fr\/wp-json\/wp\/v2\/media?parent=24250"}],"wp:term":[{"taxonomy":"product_cat","embeddable":true,"href":"https:\/\/www.ircica.org\/fr\/wp-json\/wp\/v2\/product_cat?post=24250"},{"taxonomy":"product_tag","embeddable":true,"href":"https:\/\/www.ircica.org\/fr\/wp-json\/wp\/v2\/product_tag?post=24250"}],"curies":[{"name":"wp","href":"https:\/\/api.w.org\/{rel}","templated":true}]}}