{"id":24272,"date":"2001-12-24T00:00:00","date_gmt":"2001-12-23T22:00:00","guid":{"rendered":"https:\/\/www.ircica.org\/publications\/non%20class\u00e9\/egypt-as-viewed-in-the-19th-century-2001"},"modified":"2024-06-05T15:37:27","modified_gmt":"2024-06-05T12:37:27","slug":"egypt-as-viewed-in-the-19th-century-2001","status":"publish","type":"product","link":"https:\/\/www.ircica.org\/fr\/publications\/photographies-historiques\/legypte-vue-au-19e-siecle","title":{"rendered":"L&rsquo;\u00c9gypte vue au 19e si\u00e8cle"},"content":{"rendered":"<p>Cet album pr\u00e9sente des photographies de l&rsquo;\u00c9gypte prises au 19e si\u00e8cle. Ces photographies sont conserv\u00e9es dans les archives de l\u2019IRCICA. Elles se rapportent \u00e0 des monuments architecturaux situ\u00e9s dans les grandes villes d&rsquo;Egypte et datant de diff\u00e9rentes \u00e9poques.On y voit des mosqu\u00e9es, des tombeaux, des cimeti\u00e8res, des sebils (fontaines publiques), des palais, des places publiques, des maisons, des ch\u00e2teaux, des remparts, des rues, certaines des pyramides et des panoramas des villes. Les annotations d\u00e9crivent les caract\u00e9ristiques historiques et artistiques de 140 structures architecturales au total. Une liste des photographes et un glossaire des termes sont ajout\u00e9s \u00e0 l&rsquo;album.<\/p>\n","protected":false},"excerpt":{"rendered":"<p>Istanbul, 2001<br \/>\n(en arabe et anglais)<\/p>\n","protected":false},"featured_media":24258,"template":"","meta":{"_acf_changed":false,"_mi_skip_tracking":false},"product_cat":[169],"product_tag":[],"class_list":{"0":"post-24272","1":"product","2":"type-product","3":"status-publish","4":"has-post-thumbnail","6":"product_cat-photographies-historiques","8":"first","9":"instock","10":"shipping-taxable","11":"product-type-simple"},"acf":[],"aioseo_notices":[],"_links":{"self":[{"href":"https:\/\/www.ircica.org\/fr\/wp-json\/wp\/v2\/product\/24272","targetHints":{"allow":["GET"]}}],"collection":[{"href":"https:\/\/www.ircica.org\/fr\/wp-json\/wp\/v2\/product"}],"about":[{"href":"https:\/\/www.ircica.org\/fr\/wp-json\/wp\/v2\/types\/product"}],"wp:featuredmedia":[{"embeddable":true,"href":"https:\/\/www.ircica.org\/fr\/wp-json\/wp\/v2\/media\/24258"}],"wp:attachment":[{"href":"https:\/\/www.ircica.org\/fr\/wp-json\/wp\/v2\/media?parent=24272"}],"wp:term":[{"taxonomy":"product_cat","embeddable":true,"href":"https:\/\/www.ircica.org\/fr\/wp-json\/wp\/v2\/product_cat?post=24272"},{"taxonomy":"product_tag","embeddable":true,"href":"https:\/\/www.ircica.org\/fr\/wp-json\/wp\/v2\/product_tag?post=24272"}],"curies":[{"name":"wp","href":"https:\/\/api.w.org\/{rel}","templated":true}]}}