{"id":24302,"date":"2013-12-05T15:54:00","date_gmt":"2013-12-05T13:54:00","guid":{"rendered":"https:\/\/www.ircica.org\/publications\/non%20class\u00e9\/manisa-in-historical-photographs-from-sultan-abdulhamid-ii-period"},"modified":"2024-06-06T11:00:37","modified_gmt":"2024-06-06T08:00:37","slug":"manisa-in-historical-photographs-from-sultan-abdulhamid-ii-period","status":"publish","type":"product","link":"https:\/\/www.ircica.org\/fr\/publications\/photographies-historiques\/manisa-dans-des-photographies-historiques-de-la-periode-du-sultan-abdulhamid-ii","title":{"rendered":"Manisa dans des photographies historiques de la p\u00e9riode du Sultan Abdulhamid II"},"content":{"rendered":"<p>Cet album contient des photographies historiques de la ville de Manisa, en Turquie, ville importante en relation avec les Beyliks et l&rsquo;Empire ottoman. Situ\u00e9e \u00e0 l&rsquo;int\u00e9rieur de la r\u00e9gion \u00e9g\u00e9enne mais non loin de la mer, aujourd&rsquo;hui dans une zone industrielle importante, la ville a bien conserv\u00e9 ses sites et monuments anciens. Les photographies ont \u00e9t\u00e9 s\u00e9lectionn\u00e9es parmi les albums du palais de Y\u0131ld\u0131z contenus dans les archives de l&rsquo;IRCICA datant de la fin du 19\u00e8me si\u00e8cle et du d\u00e9but du 20\u00e8me si\u00e8cle, c&rsquo;est-\u00e0-dire de la p\u00e9riode du Sultan Abdulhamid II. Les textes d&rsquo;introduction et les br\u00e8ves annotations sont en trois langues : anglais, turc et arabe. Le livre a un avant-propos de M. B\u00fclent Ar\u0131n\u00e7, ministre d&rsquo;\u00c9tat et vice-Premier ministre de la Turquie \u00e0 l\u2019\u00e9poque, qui a sugg\u00e9r\u00e9 l&rsquo;id\u00e9e de la publication. L\u2019ouvrage a \u00e9t\u00e9 r\u00e9alis\u00e9 avec le soutien et les contributions de la Direction g\u00e9n\u00e9rale de la presse et des publications du Premier minist\u00e8re turc.Il s\u2019agit de la septi\u00e8me publication de la s\u00e9rie d\u2019albums de photographies historiques de l\u2019IRCICA. Dans le cadre de ses \u00e9tudes sur l&rsquo;histoire de la civilisation islamique, des pays musulmans et de leur patrimoine urbain et architectural, l&rsquo;IRCICA publie des albums de photographies historiques des grandes villes s\u00e9lectionn\u00e9es dans ses archives, pour mettre ces sources visuelles \u00e0 la disposition des chercheurs et du grand public.<\/p>\n","protected":false},"excerpt":{"rendered":"<p>IRCICA, 2013<br \/>\n(anglais, turc, arabe)<\/p>\n","protected":false},"featured_media":24282,"template":"","meta":{"_acf_changed":false,"_mi_skip_tracking":false},"product_cat":[169],"product_tag":[],"class_list":{"0":"post-24302","1":"product","2":"type-product","3":"status-publish","4":"has-post-thumbnail","6":"product_cat-photographies-historiques","8":"first","9":"instock","10":"shipping-taxable","11":"product-type-simple"},"acf":[],"aioseo_notices":[],"_links":{"self":[{"href":"https:\/\/www.ircica.org\/fr\/wp-json\/wp\/v2\/product\/24302","targetHints":{"allow":["GET"]}}],"collection":[{"href":"https:\/\/www.ircica.org\/fr\/wp-json\/wp\/v2\/product"}],"about":[{"href":"https:\/\/www.ircica.org\/fr\/wp-json\/wp\/v2\/types\/product"}],"wp:featuredmedia":[{"embeddable":true,"href":"https:\/\/www.ircica.org\/fr\/wp-json\/wp\/v2\/media\/24282"}],"wp:attachment":[{"href":"https:\/\/www.ircica.org\/fr\/wp-json\/wp\/v2\/media?parent=24302"}],"wp:term":[{"taxonomy":"product_cat","embeddable":true,"href":"https:\/\/www.ircica.org\/fr\/wp-json\/wp\/v2\/product_cat?post=24302"},{"taxonomy":"product_tag","embeddable":true,"href":"https:\/\/www.ircica.org\/fr\/wp-json\/wp\/v2\/product_tag?post=24302"}],"curies":[{"name":"wp","href":"https:\/\/api.w.org\/{rel}","templated":true}]}}