{"id":24345,"date":"2024-12-31T10:42:41","date_gmt":"2024-12-31T07:42:41","guid":{"rendered":"https:\/\/www.ircica.org\/publications\/non%20class\u00e9\/jerusalem-in-photographs-from-past-to-present"},"modified":"2025-01-09T12:50:21","modified_gmt":"2025-01-09T09:50:21","slug":"jerusalem-in-photographs-from-past-to-present","status":"publish","type":"product","link":"https:\/\/www.ircica.org\/fr\/publications\/photographies-historiques\/jerusalem-dans-les-photographies-du-passe-au-present","title":{"rendered":"J\u00e9rusalem dans les photographies, du pass\u00e9 au pr\u00e9sent"},"content":{"rendered":"<p>Cet album comporte une documentation photographique des dommages et de la destruction qu\u2019a subi le patrimoine architectural islamique \u00e0 Al-Quds, ceci par la comparaison des photographies anciennes et r\u00e9centes de divers b\u00e2timents. Les photographies historiques proviennent des archives de l&rsquo;IRCICA et les nouvelles ont \u00e9t\u00e9 prises par M. Khaled Zaghari. Les textes ont \u00e9t\u00e9 r\u00e9dig\u00e9s par le Dr Najih Baqirat. La publication r\u00e9sulte d&rsquo;un projet initi\u00e9 par M. Sefer Turan (conseiller principal du pr\u00e9sident de T\u00fcrkiye) et coordonn\u00e9 conjointement avec l&rsquo;IRCICA. Al Qods \u00e9tant un lieu sacr\u00e9 pour les musulmans, les chr\u00e9tiens et les juifs, elle est l&rsquo;une des villes les plus fr\u00e9quemment visit\u00e9es par des p\u00e8lerins, des voyageurs, des \u00e9rudits, des artistes et, \u00e0 partir de la fin du XIXe si\u00e8cle, par des photographes qui prenaient des photos et enregistraient des informations d\u00e9taill\u00e9es sur la ville. Malheureusement, de nombreux b\u00e2timents visibles sur les photographies historiques ont disparu. Les destructions et les transformations dans les quartiers historiques de la ville se poursuivent, dans le cadre de la politique d\u2019occupation isra\u00e9lienne. La premi\u00e8re \u00e9dition de l&rsquo;album avait \u00e9t\u00e9 publi\u00e9e en 2015 avec la contribution de l&rsquo;Agence turque de coop\u00e9ration et de coordination (TIKA).<\/p>\n","protected":false},"excerpt":{"rendered":"<p>IRCICA, Istanbul, 2024<br \/>\nS\u00e9rie d&rsquo;albums de photographies historiques, 9<br \/>\n223, 13 pp., ill., 33&#215;30 cm., en anglais, arabe, turc<\/p>\n","protected":false},"featured_media":24330,"template":"","meta":{"_acf_changed":false,"_mi_skip_tracking":false},"product_cat":[169],"product_tag":[],"class_list":{"0":"post-24345","1":"product","2":"type-product","3":"status-publish","4":"has-post-thumbnail","6":"product_cat-photographies-historiques","8":"first","9":"instock","10":"shipping-taxable","11":"product-type-simple"},"acf":[],"aioseo_notices":[],"_links":{"self":[{"href":"https:\/\/www.ircica.org\/fr\/wp-json\/wp\/v2\/product\/24345","targetHints":{"allow":["GET"]}}],"collection":[{"href":"https:\/\/www.ircica.org\/fr\/wp-json\/wp\/v2\/product"}],"about":[{"href":"https:\/\/www.ircica.org\/fr\/wp-json\/wp\/v2\/types\/product"}],"wp:featuredmedia":[{"embeddable":true,"href":"https:\/\/www.ircica.org\/fr\/wp-json\/wp\/v2\/media\/24330"}],"wp:attachment":[{"href":"https:\/\/www.ircica.org\/fr\/wp-json\/wp\/v2\/media?parent=24345"}],"wp:term":[{"taxonomy":"product_cat","embeddable":true,"href":"https:\/\/www.ircica.org\/fr\/wp-json\/wp\/v2\/product_cat?post=24345"},{"taxonomy":"product_tag","embeddable":true,"href":"https:\/\/www.ircica.org\/fr\/wp-json\/wp\/v2\/product_tag?post=24345"}],"curies":[{"name":"wp","href":"https:\/\/api.w.org\/{rel}","templated":true}]}}