{"id":24373,"date":"2017-12-12T09:47:48","date_gmt":"2017-12-12T06:47:48","guid":{"rendered":"https:\/\/www.ircica.org\/publications\/non%20class\u00e9\/proceedings-of-the-second-international-symposium-on-islamic-civilisation-in-central-asia"},"modified":"2024-06-12T10:10:39","modified_gmt":"2024-06-12T07:10:39","slug":"proceedings-of-the-second-international-symposium-on-islamic-civilisation-in-central-asia","status":"publish","type":"product","link":"https:\/\/www.ircica.org\/fr\/publications\/histoire-de-la-civilisation-islamique\/asie\/asie-centrale-et-caucase\/actes-du-deuxieme-colloque-international-sur-la-civilisation-islamique-en-asie-centrale","title":{"rendered":"Actes du deuxi\u00e8me colloque international  sur la civilisation islamique en Asie centrale"},"content":{"rendered":"<p>L\u2019IRCICA et l\u2019Universit\u00e9 kirghizo-turque Manas (Bichkek) ont organis\u00e9 conjointement le colloque international sur la \u00ab Civilisation islamique en Asie centrale \u00bb du 11 au 14 octobre 2012 \u00e0 Bichkek, Kirghizistan. Dans le cadre des activit\u00e9s de l\u2019IRCICA, ce colloque est le deuxi\u00e8me du genre \u00e0 \u00eatre consacr\u00e9 \u00e0 l\u2019Asie centrale ; le premier a eu lieu \u00e0 Astana, Kazakhstan, en 2007.<\/p>\n<p>Le colloque de Bichkek a r\u00e9uni 60 sp\u00e9cialistes d\u2019Azerba\u00efdjan, du Bangladesh, du Kazakhstan, du Kirghizistan, de la Lituanie, de la Malaisie, de Turquie, des \u00c9tats unis et d\u2019Ouzb\u00e9kistan. Les th\u00e8mes ont port\u00e9 sur le r\u00f4le et la place de la civilisation islamique dans l\u2019histoire culturelle de l\u2019Asie centrale, en particulier dans l\u2019\u00e9volution de certains \u00e9l\u00e9ments distinctifs de la vie culturelle dans la r\u00e9gion tels que la coexistence de diff\u00e9rentes religions et cultures. Il a \u00e9t\u00e9 soulign\u00e9 que la civilisation islamique en Asie centrale avait encore bien des aspects \u00e0 d\u00e9couvrir, notamment dans l\u2019histoire des sciences. Quatorze des expos\u00e9s pr\u00e9sent\u00e9s sont rassembl\u00e9s dans le livre. Ils abordent un \u00e9ventail de sujets qui mettent en exergue les arts et les sciences ainsi que les interactions et la coexistence des cultures : les syst\u00e8mes soci\u00e9taux et institutionnels apport\u00e9s par l\u2019islam, les grandes \u0153uvres historiques et litt\u00e9raires, les \u00e9tudes religieuses et les \u00e9rudits religieux, les diverses sciences et \u0153uvres de philosophie, les sources d\u2019histoire..etc.<\/p>\n","protected":false},"excerpt":{"rendered":"<p>Octobre 2012, Bichkek<br \/>\nIRCICA, Istanbul, 2017<\/p>\n","protected":false},"featured_media":24358,"template":"","meta":{"_acf_changed":false,"_mi_skip_tracking":false},"product_cat":[200],"product_tag":[],"class_list":{"0":"post-24373","1":"product","2":"type-product","3":"status-publish","4":"has-post-thumbnail","6":"product_cat-asie-centrale-et-caucase","8":"first","9":"instock","10":"shipping-taxable","11":"product-type-simple"},"acf":[],"aioseo_notices":[],"_links":{"self":[{"href":"https:\/\/www.ircica.org\/fr\/wp-json\/wp\/v2\/product\/24373","targetHints":{"allow":["GET"]}}],"collection":[{"href":"https:\/\/www.ircica.org\/fr\/wp-json\/wp\/v2\/product"}],"about":[{"href":"https:\/\/www.ircica.org\/fr\/wp-json\/wp\/v2\/types\/product"}],"wp:featuredmedia":[{"embeddable":true,"href":"https:\/\/www.ircica.org\/fr\/wp-json\/wp\/v2\/media\/24358"}],"wp:attachment":[{"href":"https:\/\/www.ircica.org\/fr\/wp-json\/wp\/v2\/media?parent=24373"}],"wp:term":[{"taxonomy":"product_cat","embeddable":true,"href":"https:\/\/www.ircica.org\/fr\/wp-json\/wp\/v2\/product_cat?post=24373"},{"taxonomy":"product_tag","embeddable":true,"href":"https:\/\/www.ircica.org\/fr\/wp-json\/wp\/v2\/product_tag?post=24373"}],"curies":[{"name":"wp","href":"https:\/\/api.w.org\/{rel}","templated":true}]}}