{"id":24394,"date":"2015-12-12T15:03:26","date_gmt":"2015-12-12T13:03:26","guid":{"rendered":"https:\/\/www.ircica.org\/publications\/non%20class\u00e9\/edirne-in-historical-photographs"},"modified":"2024-06-12T15:21:04","modified_gmt":"2024-06-12T12:21:04","slug":"edirne-in-historical-photographs","status":"publish","type":"product","link":"https:\/\/www.ircica.org\/fr\/publications\/photographies-historiques\/edirne-dans-les-photographies-historiques","title":{"rendered":"Edirne dans les Photographies Historiques"},"content":{"rendered":"<p>Cet album renferme soixante-huit (68) photos d\u2019Edirne, ville historique en Thrace, au nord-ouest de la Turquie, prises \u00e0 la fin du 19<sup>e<\/sup> si\u00e8cle et d\u00e9but du 20<sup>e<\/sup> si\u00e8cle. Il a \u00e9t\u00e9 publi\u00e9 \u00e0 l&rsquo;issue de l&rsquo;exposition organis\u00e9e \u00e0 Edirne conjointement par le gouvernorat d\u2019Edirne, la municipalit\u00e9 d&rsquo;Edirne, l\u2019Agence de d\u00e9veloppement de la Thrace et l\u2019IRCICA du 8 au 15 avril 2015. Les photographies ont \u00e9t\u00e9 s\u00e9lectionn\u00e9es \u00e0 partir des Albums de photographies de Y\u0131ld\u0131z, qui forment la base des archives photographiques de l&rsquo;IRCICA.<\/p>\n<p>Les photos dans le catalogue sont regroup\u00e9s sous dix rubriques, montrant diff\u00e9rents aspects d\u2019Edirne. La section 1 est un panorama de la ville reproduit en lithographie \u00e0 partir d&rsquo;une photographie d&rsquo;Edirne datant de 1871\u00a0; la section 2 renferme des vues g\u00e9n\u00e9rales\u00a0; la section 3 comprend des vues du Palais d\u2019Edirne\u00a0; la section 4, intitul\u00e9e \u00ab\u00a0Les Mosqu\u00e9es\u00a0\u00bb, montre la Mosqu\u00e9e du Sultan Bayezid II, la Mosqu\u00e9e Ismihan Sultan, Kadirihane, la Mosqu\u00e9e Kas\u0131m Pasha, la Mosqu\u00e9e Muradiye, la Mosqu\u00e9e Selimiye et la Mosqu\u00e9e \u00dc\u00e7 \u015eerefeli ; la section 5 est consacr\u00e9e \u00e0 la Tour d&rsquo;Horloge et d&rsquo;Incendie; la section 6, intitul\u00e9e \u00ab\u00a0B\u00e2timents Publics\u00a0\u00bb, montre les d\u00e9partements de l\u2019arm\u00e9e et du gouverneur et des \u00e9tablissements hospitaliers et militaires\u00a0; la section 7 porte sur des \u00e9coles de diff\u00e9rents niveaux d\u2019\u00e9ducation, tandis que la section 8 renferme les photos des ponts entourant Edirne comme Meri\u00e7 (Maritza), Tundzha, Sara\u00e7hane, Gazi Mihal, Sarayi\u00e7i et Saray ; la section 9 porte sur l&rsquo;Exposition des cultures et manufactures organis\u00e9e pour la premi\u00e8re fois \u00e0 Edirne en 1905 et qui peut \u00eatre consid\u00e9r\u00e9e comme le prototype des foires d\u2019aujourd\u2019hui\u00a0; la section 10 montre des vues d\u2019Edirne des ann\u00e9es de la guerre d\u2019ind\u00e9pendance et des guerres des Balkans.<\/p>\n","protected":false},"excerpt":{"rendered":"<p>IRCICA, Istanbul, 2015<br \/>\n(en turc et en anglais)<\/p>\n","protected":false},"featured_media":24383,"template":"","meta":{"_acf_changed":false,"_mi_skip_tracking":false},"product_cat":[169],"product_tag":[],"class_list":{"0":"post-24394","1":"product","2":"type-product","3":"status-publish","4":"has-post-thumbnail","6":"product_cat-photographies-historiques","8":"first","9":"outofstock","10":"shipping-taxable","11":"purchasable","12":"product-type-simple"},"acf":[],"aioseo_notices":[],"_links":{"self":[{"href":"https:\/\/www.ircica.org\/fr\/wp-json\/wp\/v2\/product\/24394","targetHints":{"allow":["GET"]}}],"collection":[{"href":"https:\/\/www.ircica.org\/fr\/wp-json\/wp\/v2\/product"}],"about":[{"href":"https:\/\/www.ircica.org\/fr\/wp-json\/wp\/v2\/types\/product"}],"wp:featuredmedia":[{"embeddable":true,"href":"https:\/\/www.ircica.org\/fr\/wp-json\/wp\/v2\/media\/24383"}],"wp:attachment":[{"href":"https:\/\/www.ircica.org\/fr\/wp-json\/wp\/v2\/media?parent=24394"}],"wp:term":[{"taxonomy":"product_cat","embeddable":true,"href":"https:\/\/www.ircica.org\/fr\/wp-json\/wp\/v2\/product_cat?post=24394"},{"taxonomy":"product_tag","embeddable":true,"href":"https:\/\/www.ircica.org\/fr\/wp-json\/wp\/v2\/product_tag?post=24394"}],"curies":[{"name":"wp","href":"https:\/\/api.w.org\/{rel}","templated":true}]}}