{"id":24411,"date":"2007-12-14T00:00:00","date_gmt":"2007-12-13T22:00:00","guid":{"rendered":"https:\/\/www.ircica.org\/publications\/non%20class\u00e9\/%d8%a7%d9%84%d9%85%d8%b5%d8%ad%d9%81-%d8%a7%d9%84%d8%b4%d8%b1%d9%8a%d9%81-%d8%a7%d9%84%d9%85%d9%86%d8%b3%d9%88%d8%a8-%d8%a5%d9%84%d9%89-%d8%b9%d8%ab%d9%85%d8%a7%d9%86-%d8%a8%d9%86-%d8%b9%d9%81%d8%a7-3"},"modified":"2024-06-12T16:19:52","modified_gmt":"2024-06-12T13:19:52","slug":"%d8%a7%d9%84%d9%85%d8%b5%d8%ad%d9%81-%d8%a7%d9%84%d8%b4%d8%b1%d9%8a%d9%81-%d8%a7%d9%84%d9%85%d9%86%d8%b3%d9%88%d8%a8-%d8%a5%d9%84%d9%89-%d8%b9%d8%ab%d9%85%d8%a7%d9%86-%d8%a8%d9%86-%d8%b9%d9%81%d8%a7-3","status":"publish","type":"product","link":"https:\/\/www.ircica.org\/fr\/publications\/etudes-sur-le-saint-coran\/al-mushaf-al-sharif-attribue-a-uthman-ben-affan-la-copie-au-musee-du-palais-de-topkapi","title":{"rendered":"Al-Mushaf Al-Sharif Attribu\u00e9 \u00e0 Uthman ben Affan (La copie au Mus\u00e9e du Palais de Topkap\u0131)"},"content":{"rendered":"<p>Ce livre contient l\u2019\u00e9dition critique de la copie originale du saint coran attribu\u00e9e \u00e0 l\u2019\u00e9poque du calife Uthman ben Affan\u00a0: il s\u2019agit de la copie connue sous le nom de \u201cLe Mushaf [copie du Coran] de Uthman (R.A.)\u201d se trouvant au Mus\u00e9e du Palais de Topkap\u0131. L\u2019\u00e9tude sur cette copie particuli\u00e8re et sa pr\u00e9paration pour la publication ont \u00e9t\u00e9 faites par un grand savant des \u00e9tudes coraniques, l\u2019ex-Pr\u00e9sident des Affaires Religieuses en Turquie, pr\u00e9sentement D\u00e9put\u00e9 au Parlement Turc, le Dr. Tayyar Alt\u0131kula\u00e7. Plus r\u00e9cemment, l\u2019IRCICA a publi\u00e9 deux autres historiques. L\u2019une est connue sous le nom de <em>Mushaf <\/em>de<em> Faz\u0131l Pasha<\/em>, \u00e9crite au nom du Sultan Seldjoukide Tugrul Bey en 582\/1186 et conserv\u00e9e dans la biblioth\u00e8que de Gazi H\u00fcsrev Bey \u00e0 Sarajevo\u00a0; elle a \u00e9t\u00e9 publi\u00e9e par l\u2019IRCICA dans une \u00e9dition fac-simil\u00e9e. La seconde copie repr\u00e9sente la premi\u00e8re copie du coran \u00e0 imprimer dans le monde islamique\u00a0; elle a \u00e9t\u00e9 publi\u00e9e \u00e0 Kazan, Tatarstan, en 1803\u00a0et publi\u00e9e \u00e0 nouveau \u00e0 Istanbul en 2005 sur l\u2019initiative de la Municipalit\u00e9 de Kazan, \u00e0 l\u2019occasion du millenium de la ville de Kazan apr\u00e8s une r\u00e9vision technique men\u00e9e par l\u2019IRCICA en pr\u00e9paration de sa publication.<\/p>\n<p>\u201cLe Mushaf de Uthman (R.A.)\u201d connu \u00e9galement sous le nom de \u201cLe Mushaf de Topkap\u0131\u201d et conserv\u00e9 sous la r\u00e9f\u00e9rence \u201cnr. H.S. 44\/32\u201d au Mus\u00e9e est l\u2019un des plus anciens manuscrits du saint coran conserv\u00e9s \u00e0 ce jour. Le Dr. Alt\u0131kula\u00e7 a effectu\u00e9 une \u00e9tude comparative m\u00e9ticuleuse et une analyse technique de la copie\u00a0; l\u2019Introduction explique la m\u00e9thode suivie et les d\u00e9couvertes faites. L\u2019auteur en outre enrichit ce texte instructif avec des informations sur l\u2019histoire des copies du coran et la r\u00e9citation du coran. Avec seulement deux pages manquantes (23 versets), le \u201cMushaf de Topkap\u0131\u201d est celui qui se rapproche le plus du texte complet du coran. Comme indiqu\u00e9 en d\u00e9tail avec des exemples dans le texte du Dr. Alt\u0131kula\u00e7, certaines parties du manuscrit sont devenues illisibles avec le temps. Arm\u00e9 de patience et menant des recherches, le Dr. Alt\u0131kula\u00e7 a \u00e9t\u00e9 capable de d\u00e9chiffrer ces parties en usant de certains crit\u00e8res et signes pour reconstruire la copie originale.<\/p>\n<p>Le financement pour la publication de cet ouvrage a \u00e9t\u00e9 fourni par S.A. Cheikh Dr. Sultan ben Mohamed al-Qassimi, Membre du Conseil Supr\u00eame E.A.U. et Gouverneur de Charjah, et patron d\u2019activit\u00e9s scientifiques.<\/p>\n","protected":false},"excerpt":{"rendered":"<p>Pr\u00e9par\u00e9 pour la publication par le Dr. Tayyar Alt\u0131kula\u00e7<br \/>\nIstanbul 2007<br \/>\ns\u00e9rie des \u00e9ditions critiques ; no. 2<br \/>\n(Introduction en turc, en anglais et en arabe)<\/p>\n","protected":false},"featured_media":24400,"template":"","meta":{"_acf_changed":false,"_mi_skip_tracking":false},"product_cat":[117],"product_tag":[],"class_list":{"0":"post-24411","1":"product","2":"type-product","3":"status-publish","4":"has-post-thumbnail","6":"product_cat-etudes-sur-le-saint-coran","8":"first","9":"instock","10":"shipping-taxable","11":"product-type-simple"},"acf":[],"aioseo_notices":[],"_links":{"self":[{"href":"https:\/\/www.ircica.org\/fr\/wp-json\/wp\/v2\/product\/24411","targetHints":{"allow":["GET"]}}],"collection":[{"href":"https:\/\/www.ircica.org\/fr\/wp-json\/wp\/v2\/product"}],"about":[{"href":"https:\/\/www.ircica.org\/fr\/wp-json\/wp\/v2\/types\/product"}],"wp:featuredmedia":[{"embeddable":true,"href":"https:\/\/www.ircica.org\/fr\/wp-json\/wp\/v2\/media\/24400"}],"wp:attachment":[{"href":"https:\/\/www.ircica.org\/fr\/wp-json\/wp\/v2\/media?parent=24411"}],"wp:term":[{"taxonomy":"product_cat","embeddable":true,"href":"https:\/\/www.ircica.org\/fr\/wp-json\/wp\/v2\/product_cat?post=24411"},{"taxonomy":"product_tag","embeddable":true,"href":"https:\/\/www.ircica.org\/fr\/wp-json\/wp\/v2\/product_tag?post=24411"}],"curies":[{"name":"wp","href":"https:\/\/api.w.org\/{rel}","templated":true}]}}