{"id":24421,"date":"2008-12-23T00:00:00","date_gmt":"2008-12-22T22:00:00","guid":{"rendered":"https:\/\/www.ircica.org\/publications\/non%20class\u00e9\/%d8%a8%d8%ba%d8%af%d8%a7%d8%af-%d9%85%d9%86-%d8%ae%d9%84%d8%a7%d9%84-%d9%88%d8%ab%d8%a7%d8%a6%d9%82-%d8%a7%d9%84%d8%a3%d8%b1%d8%b4%d9%8a%d9%81-%d8%a7%d9%84%d8%b9%d8%ab%d9%85%d8%a7%d9%86%d9%8a-baghdad"},"modified":"2024-06-13T10:41:03","modified_gmt":"2024-06-13T07:41:03","slug":"%d8%a8%d8%ba%d8%af%d8%a7%d8%af-%d9%85%d9%86-%d8%ae%d9%84%d8%a7%d9%84-%d9%88%d8%ab%d8%a7%d8%a6%d9%82-%d8%a7%d9%84%d8%a3%d8%b1%d8%b4%d9%8a%d9%81-%d8%a7%d9%84%d8%b9%d8%ab%d9%85%d8%a7%d9%86%d9%8a-baghdad","status":"publish","type":"product","link":"https:\/\/www.ircica.org\/fr\/publications\/histoire-de-la-civilisation-islamique\/asie\/moyen-orient-et-mediterranee\/bagdad-a-la-lumiere-des-documents-des-archives-ottomanes","title":{"rendered":"Bagdad \u00e0 la lumi\u00e8re des documents des archives ottomanes"},"content":{"rendered":"<p>Ce livre contient des documents, cartes et photographies historiques concernant Bagdad, s\u00e9lectionn\u00e9s dans les archives ottomanes affili\u00e9es \u00e0 la pr\u00e9sidence de T\u00fcrkiye. Le livre commence par l&rsquo;introduction de Bayat sur les \u00ab\u00a0Caract\u00e9ristiques de l&rsquo;histoire de Bagdad \u00e0 l&rsquo;\u00e9poque ottomane\u00a0\u00bb qui donne un aper\u00e7u de l&rsquo;histoire de la ville depuis le d\u00e9but de l&rsquo;administration ottomane en 1534 jusqu&rsquo;\u00e0 l&rsquo;occupation britannique en 1917. Les documents, pr\u00e9sent\u00e9s avec leur traduction arabe, ont \u00e9t\u00e9 choisis parmi les registres des \u00ab\u00a0M\u00fchimme\u00a0\u00bb et d&rsquo;autres collections des Archives. Ont \u00e9t\u00e9 ajout\u00e9s aussi des tableaux statistiques copi\u00e9s du Devlet-i Osmaniye Salnamesi (Almanach de l&rsquo;\u00c9tat ottoman), du Nazaret-i Maarif Salnamesi (Almanach du minist\u00e8re de l&rsquo;\u00c9ducation) et du Ba\u011fdat Vilayeti Salnamesi (Almanach de la province de Bagdad). Des photographies prises pendant la p\u00e9riode ottomane et refl\u00e9tant diverses caract\u00e9ristiques de la ville sont \u00e9galement incluses, ainsi que diverses cartes de la ville. Les documents ne couvrent aucun aspect sp\u00e9cifique de la ville mais refl\u00e8tent des th\u00e8mes g\u00e9n\u00e9raux sur son histoire \u00e0 diff\u00e9rentes p\u00e9riodes.<\/p>\n","protected":false},"excerpt":{"rendered":"<p>pr\u00e9par\u00e9 par le Dr. Fadil Bayat<br \/>\nS\u00e9rie d\u2019Histoire des pays musulmans \u00e0 la lumi\u00e8re des archives ottomanes, 2<br \/>\nIRCICA, Istanbul, 2008<br \/>\n142 p., photographies, cartes (en arabe)<\/p>\n","protected":false},"featured_media":24418,"template":"","meta":{"_acf_changed":false,"_mi_skip_tracking":false},"product_cat":[164,362],"product_tag":[],"class_list":{"0":"post-24421","1":"product","2":"type-product","3":"status-publish","4":"has-post-thumbnail","6":"product_cat-histoire-de-la-civilisation-islamique","7":"product_cat-moyen-orient-et-mediterranee","9":"first","10":"instock","11":"shipping-taxable","12":"product-type-simple"},"acf":[],"aioseo_notices":[],"_links":{"self":[{"href":"https:\/\/www.ircica.org\/fr\/wp-json\/wp\/v2\/product\/24421","targetHints":{"allow":["GET"]}}],"collection":[{"href":"https:\/\/www.ircica.org\/fr\/wp-json\/wp\/v2\/product"}],"about":[{"href":"https:\/\/www.ircica.org\/fr\/wp-json\/wp\/v2\/types\/product"}],"wp:featuredmedia":[{"embeddable":true,"href":"https:\/\/www.ircica.org\/fr\/wp-json\/wp\/v2\/media\/24418"}],"wp:attachment":[{"href":"https:\/\/www.ircica.org\/fr\/wp-json\/wp\/v2\/media?parent=24421"}],"wp:term":[{"taxonomy":"product_cat","embeddable":true,"href":"https:\/\/www.ircica.org\/fr\/wp-json\/wp\/v2\/product_cat?post=24421"},{"taxonomy":"product_tag","embeddable":true,"href":"https:\/\/www.ircica.org\/fr\/wp-json\/wp\/v2\/product_tag?post=24421"}],"curies":[{"name":"wp","href":"https:\/\/api.w.org\/{rel}","templated":true}]}}