{"id":24456,"date":"1992-12-24T00:00:00","date_gmt":"1992-12-23T22:00:00","guid":{"rendered":"https:\/\/www.ircica.org\/publications\/non%20class\u00e9\/istanbul-a-glimpse-into-the-past-photograph-album-1992"},"modified":"2024-06-14T14:36:51","modified_gmt":"2024-06-14T11:36:51","slug":"istanbul-a-glimpse-into-the-past-photograph-album-1992","status":"publish","type":"product","link":"https:\/\/www.ircica.org\/fr\/publications\/photographies-historiques\/istanbul-un-regard-au-passe","title":{"rendered":"Istanbul, un regard au pass\u00e9"},"content":{"rendered":"<p>Une documentation visuelle de la ville d&rsquo;Istanbul au 19\u00e8me si\u00e8cle &#8230; Une visite nostalgique \u00e0 ses palais, ses mosqu\u00e9es et ses fontaines, un tour sur le Bosphore, une promenade sur les quais &#8230; Cet ouvrage contient des photographies anciennes de la ville d&rsquo;Istanbul choisies des Albums du Palais de Yildiz, qui comprennent en total une collection de pr\u00e8s de 35000 photographies prises dans une p\u00e9riode de presque quarante-cinq ans, de 1865 \u00e0 1908. Le Centre a fait les reproductions de l&rsquo;ensemble de cette collection, pour constituer la base de ses archives de photographies historiques. Outre que de pr\u00e9parer des catalogues de ces archives \u00e0 l&rsquo;intention des chercheurs concern\u00e9s, le Centre a entrepris de publier des albums th\u00e9matiques. Cet ouvrage est la seconde \u00e9dition, \u00e9largie consid\u00e9rablement, d&rsquo;un album qui avait \u00e9t\u00e9 publi\u00e9 en 1987 sous le m\u00eame titre. Le lecteur y trouvera des s\u00e9quences de la vie \u00e0 Istanbul \u00e0 la fin du si\u00e8cle dernier et des vues de ses monuments, de ses quartiers et de ses ruelles, tous accompagn\u00e9s de textes explicatifs.<\/p>\n","protected":false},"excerpt":{"rendered":"<p>IRCICA, 1992,<\/p>\n<p>texte en anglais, en arabe et en turc<\/p>\n","protected":false},"featured_media":24449,"template":"","meta":{"_acf_changed":false,"_mi_skip_tracking":false},"product_cat":[169],"product_tag":[],"class_list":{"0":"post-24456","1":"product","2":"type-product","3":"status-publish","4":"has-post-thumbnail","6":"product_cat-photographies-historiques","8":"first","9":"instock","10":"shipping-taxable","11":"product-type-simple"},"acf":[],"aioseo_notices":[],"_links":{"self":[{"href":"https:\/\/www.ircica.org\/fr\/wp-json\/wp\/v2\/product\/24456","targetHints":{"allow":["GET"]}}],"collection":[{"href":"https:\/\/www.ircica.org\/fr\/wp-json\/wp\/v2\/product"}],"about":[{"href":"https:\/\/www.ircica.org\/fr\/wp-json\/wp\/v2\/types\/product"}],"wp:featuredmedia":[{"embeddable":true,"href":"https:\/\/www.ircica.org\/fr\/wp-json\/wp\/v2\/media\/24449"}],"wp:attachment":[{"href":"https:\/\/www.ircica.org\/fr\/wp-json\/wp\/v2\/media?parent=24456"}],"wp:term":[{"taxonomy":"product_cat","embeddable":true,"href":"https:\/\/www.ircica.org\/fr\/wp-json\/wp\/v2\/product_cat?post=24456"},{"taxonomy":"product_tag","embeddable":true,"href":"https:\/\/www.ircica.org\/fr\/wp-json\/wp\/v2\/product_tag?post=24456"}],"curies":[{"name":"wp","href":"https:\/\/api.w.org\/{rel}","templated":true}]}}