{"id":24497,"date":"2001-12-24T00:00:00","date_gmt":"2001-12-23T22:00:00","guid":{"rendered":"https:\/\/www.ircica.org\/publications\/non%20class\u00e9\/traditional-carpets-and-kilims-in-the-muslim-world-past-present-and-future-prospects"},"modified":"2024-06-14T13:18:23","modified_gmt":"2024-06-14T10:18:23","slug":"traditional-carpets-and-kilims-in-the-muslim-world-past-present-and-future-prospects","status":"publish","type":"product","link":"https:\/\/www.ircica.org\/fr\/publications\/arts-artisanats\/tapis-et-kilims-traditionnels-dans-le-monde-musulman-passe-present-et-perspectives-davenir","title":{"rendered":"Tapis et kilims traditionnels dans le monde musulman : pass\u00e9, pr\u00e9sent et perspectives d\u2019avenir"},"content":{"rendered":"<p>Cet ouvrage a r\u00e9sult\u00e9 du s\u00e9minaire international sur \u00ab Les tapis et kilims traditionnels dans le monde musulman : pass\u00e9, pr\u00e9sent et perspectives d\u2019avenir pour d\u00e9velopper ce patrimoine vu les changements continuels des march\u00e9s, du design, de la qualit\u00e9 et des techniques appliqu\u00e9es qui avait \u00e9t\u00e9 organis\u00e9 par l&rsquo;IRCICA et l\u2019Agence Nationale de l&rsquo;Artisanat (ONA) du Minist\u00e8re du Tourisme, de l&rsquo;Artisanat et du Loisir de la Tunisie, avec le concours de l&rsquo;\u00e9tablissement international Mashareq (Djedda) et la participation du Centre International pour la Promotion de l&rsquo;Artisanat (CIPA), F\u00e8s. Le s\u00e9minaire s\u2019\u00e9tait tenu \u00e0 Tunis, du 19 au 25 novembre 1999. 70 communications ont \u00e9t\u00e9 pr\u00e9sent\u00e9es par des experts de 38 pays et diverses organisations. Une riche exposition accompagnait le s\u00e9minaire.<\/p>\n<p>Le livre contient les images de tapis traditionnels s\u00e9lectionn\u00e9s parmi les \u0153uvres expos\u00e9es par des tisserands d&rsquo;Afrique du Sud, Alg\u00e9rie, Azerba\u00efdjan, Burkina Faso, \u00c9gypte, \u00c9tats-Unis &#8211; Tapis indiens Navajo, Inde, Jordanie, Liban, Iran, Kazakhstan, Kowe\u00eft, Malaisie, Maroc, Pakistan, Palestine, Qatar, Syrie, Tunisie, Turquie, Ouganda, Ouzb\u00e9kistan, Venezuela, Y\u00e9men. Des textes explicatifs sont fournis sur les techniques, les mat\u00e9riaux, le marketing et d&rsquo;autres questions concernant le secteur du tapis traditionnel.<\/p>\n","protected":false},"excerpt":{"rendered":"<p>Edit\u00e9 par Nazeih Taleb Maarouf<br \/>\nIstanbul, 2001 (en arabe), 2002 (en anglais)<\/p>\n","protected":false},"featured_media":24491,"template":"","meta":{"_acf_changed":false,"_mi_skip_tracking":false},"product_cat":[189],"product_tag":[],"class_list":{"0":"post-24497","1":"product","2":"type-product","3":"status-publish","4":"has-post-thumbnail","6":"product_cat-arts-artisanats","8":"first","9":"instock","10":"shipping-taxable","11":"product-type-simple"},"acf":[],"aioseo_notices":[],"_links":{"self":[{"href":"https:\/\/www.ircica.org\/fr\/wp-json\/wp\/v2\/product\/24497","targetHints":{"allow":["GET"]}}],"collection":[{"href":"https:\/\/www.ircica.org\/fr\/wp-json\/wp\/v2\/product"}],"about":[{"href":"https:\/\/www.ircica.org\/fr\/wp-json\/wp\/v2\/types\/product"}],"wp:featuredmedia":[{"embeddable":true,"href":"https:\/\/www.ircica.org\/fr\/wp-json\/wp\/v2\/media\/24491"}],"wp:attachment":[{"href":"https:\/\/www.ircica.org\/fr\/wp-json\/wp\/v2\/media?parent=24497"}],"wp:term":[{"taxonomy":"product_cat","embeddable":true,"href":"https:\/\/www.ircica.org\/fr\/wp-json\/wp\/v2\/product_cat?post=24497"},{"taxonomy":"product_tag","embeddable":true,"href":"https:\/\/www.ircica.org\/fr\/wp-json\/wp\/v2\/product_tag?post=24497"}],"curies":[{"name":"wp","href":"https:\/\/api.w.org\/{rel}","templated":true}]}}