{"id":24539,"date":"1999-12-24T00:00:00","date_gmt":"1999-12-23T22:00:00","guid":{"rendered":"https:\/\/www.ircica.org\/publications\/non%20class\u00e9\/proceedings-of-the-international-seminar-on-islamic-civilisation-in-the-malay-world"},"modified":"2024-06-24T10:48:21","modified_gmt":"2024-06-24T07:48:21","slug":"proceedings-of-the-international-seminar-on-islamic-civilisation-in-the-malay-world","status":"publish","type":"product","link":"https:\/\/www.ircica.org\/fr\/publications\/histoire-de-la-civilisation-islamique\/asie\/actes-du-seminaire-international-sur-la-civilisation-islamique-dans-le-monde-malais","title":{"rendered":"Actes du s\u00e9minaire international sur \u00ab\u00a0La civilisation islamique dans le monde malais\u00a0\u00bb"},"content":{"rendered":"<p>Le s\u00e9minaire international sur \u00ab\u00a0La civilisation islamique dans le monde malais\u00a0\u00bb a \u00e9t\u00e9 organis\u00e9 par le Minist\u00e8re des Affaires religieuses de Brunei Darussalam et l&rsquo;IRCICA, dans la capitale Bandar Seri Begawan, du 1er au 5 juin 1989. C\u2019\u00e9tait le premier \u00e9v\u00e9nement de son genre \u00e0 \u00eatre organis\u00e9 par l&rsquo;OCI et l&rsquo;IRCICA \u00e0 Brunei. Le recueil des actes met en lumi\u00e8re l&rsquo;histoire et l&rsquo;h\u00e9ritage de la civilisation islamique dans le monde malais du point de vue de diff\u00e9rentes disciplines de recherches. Il comporte une pr\u00e9face de Haji Md. Zain bin Haji Serudin, Ministre des Affaires religieuses de Brunei Darussalam.<\/p>\n","protected":false},"excerpt":{"rendered":"<p>Edit\u00e9 par Taufik Abdullah<br \/>\nIstanbul, 1999 (en anglais)<\/p>\n","protected":false},"featured_media":24537,"template":"","meta":{"_acf_changed":false,"_mi_skip_tracking":false},"product_cat":[181,164],"product_tag":[],"class_list":{"0":"post-24539","1":"product","2":"type-product","3":"status-publish","4":"has-post-thumbnail","6":"product_cat-asie","7":"product_cat-histoire-de-la-civilisation-islamique","9":"first","10":"instock","11":"shipping-taxable","12":"product-type-simple"},"acf":[],"aioseo_notices":[],"_links":{"self":[{"href":"https:\/\/www.ircica.org\/fr\/wp-json\/wp\/v2\/product\/24539","targetHints":{"allow":["GET"]}}],"collection":[{"href":"https:\/\/www.ircica.org\/fr\/wp-json\/wp\/v2\/product"}],"about":[{"href":"https:\/\/www.ircica.org\/fr\/wp-json\/wp\/v2\/types\/product"}],"wp:featuredmedia":[{"embeddable":true,"href":"https:\/\/www.ircica.org\/fr\/wp-json\/wp\/v2\/media\/24537"}],"wp:attachment":[{"href":"https:\/\/www.ircica.org\/fr\/wp-json\/wp\/v2\/media?parent=24539"}],"wp:term":[{"taxonomy":"product_cat","embeddable":true,"href":"https:\/\/www.ircica.org\/fr\/wp-json\/wp\/v2\/product_cat?post=24539"},{"taxonomy":"product_tag","embeddable":true,"href":"https:\/\/www.ircica.org\/fr\/wp-json\/wp\/v2\/product_tag?post=24539"}],"curies":[{"name":"wp","href":"https:\/\/api.w.org\/{rel}","templated":true}]}}