{"id":24556,"date":"2009-12-14T00:00:00","date_gmt":"2009-12-13T22:00:00","guid":{"rendered":"https:\/\/www.ircica.org\/publications\/non%20class\u00e9\/%d8%a7%d9%84%d8%a3%d9%88%d9%82%d8%a7%d9%81-%d8%a7%d9%84%d8%a5%d8%b3%d9%84%d8%a7%d9%85%d9%8a%d8%a9-%d9%81%d9%8a-%d8%a7%d9%84%d9%82%d8%af%d8%b3-%d8%a7%d9%84%d8%b4%d8%b1%d9%8a%d9%81-%d8%af%d8%b1%d8%a7"},"modified":"2024-06-24T12:07:24","modified_gmt":"2024-06-24T09:07:24","slug":"%d8%a7%d9%84%d8%a3%d9%88%d9%82%d8%a7%d9%81-%d8%a7%d9%84%d8%a5%d8%b3%d9%84%d8%a7%d9%85%d9%8a%d8%a9-%d9%81%d9%8a-%d8%a7%d9%84%d9%82%d8%af%d8%b3-%d8%a7%d9%84%d8%b4%d8%b1%d9%8a%d9%81-%d8%af%d8%b1%d8%a7","status":"publish","type":"product","link":"https:\/\/www.ircica.org\/fr\/publications\/histoire-de-la-civilisation-islamique\/asie\/moyen-orient-et-mediterranee\/les-fondations-islamiques-de-jerusalem","title":{"rendered":"Les fondations islamiques de J\u00e9rusalem"},"content":{"rendered":"<p>Ce livre du professeur Mohammad Ghosheh sur les waqfs (fondations) islamiques d&rsquo;al-Quds publi\u00e9 par l&rsquo;IRCICA contient trois chapitres principaux : Le premier chapitre traite des 36 waqfs de la p\u00e9riode ayyoubide. Le deuxi\u00e8me \u00e9tudie 107 waqfs de la p\u00e9riode mamelouke, tandis que le troisi\u00e8mechapitre porte sur les waqfs de la p\u00e9riode ottomane, au nombre de plus de 1800. Le livre documente l&rsquo;histoire des fondations dans le contexte des d\u00e9veloppements historiques et urbais-architecturaux. L&rsquo;\u00e9tude compl\u00e8te et d\u00e9taill\u00e9e comprend des tableaux montrant la r\u00e9partition g\u00e9ographique des waqfs. La recherche est bas\u00e9e sur des sources originales, notamment des archives judiciaires, des actes des fondation, des inscriptions architecturales, des documents d&rsquo;archives ottomanes et des sources europ\u00e9ennes.<\/p>\n","protected":false},"excerpt":{"rendered":"<p>Mohammad Ghosheh<br \/>\n2 Vols.<br \/>\nIstanbul, 2009 (en arabe)<\/p>\n","protected":false},"featured_media":24545,"template":"","meta":{"_acf_changed":false,"_mi_skip_tracking":false},"product_cat":[164,362],"product_tag":[],"class_list":{"0":"post-24556","1":"product","2":"type-product","3":"status-publish","4":"has-post-thumbnail","6":"product_cat-histoire-de-la-civilisation-islamique","7":"product_cat-moyen-orient-et-mediterranee","9":"first","10":"instock","11":"shipping-taxable","12":"product-type-simple"},"acf":[],"aioseo_notices":[],"_links":{"self":[{"href":"https:\/\/www.ircica.org\/fr\/wp-json\/wp\/v2\/product\/24556","targetHints":{"allow":["GET"]}}],"collection":[{"href":"https:\/\/www.ircica.org\/fr\/wp-json\/wp\/v2\/product"}],"about":[{"href":"https:\/\/www.ircica.org\/fr\/wp-json\/wp\/v2\/types\/product"}],"wp:featuredmedia":[{"embeddable":true,"href":"https:\/\/www.ircica.org\/fr\/wp-json\/wp\/v2\/media\/24545"}],"wp:attachment":[{"href":"https:\/\/www.ircica.org\/fr\/wp-json\/wp\/v2\/media?parent=24556"}],"wp:term":[{"taxonomy":"product_cat","embeddable":true,"href":"https:\/\/www.ircica.org\/fr\/wp-json\/wp\/v2\/product_cat?post=24556"},{"taxonomy":"product_tag","embeddable":true,"href":"https:\/\/www.ircica.org\/fr\/wp-json\/wp\/v2\/product_tag?post=24556"}],"curies":[{"name":"wp","href":"https:\/\/api.w.org\/{rel}","templated":true}]}}