{"id":24584,"date":"2010-12-17T00:00:00","date_gmt":"2010-12-16T22:00:00","guid":{"rendered":"https:\/\/www.ircica.org\/publications\/non%20class\u00e9\/tatar-history-and-civilisation"},"modified":"2024-06-24T14:59:04","modified_gmt":"2024-06-24T11:59:04","slug":"tatar-history-and-civilisation","status":"publish","type":"product","link":"https:\/\/www.ircica.org\/fr\/publications\/histoire-de-la-civilisation-islamique\/europe-de-lest-et-balkans\/histoire-et-civilisation-des-tatars","title":{"rendered":"Histoire et civilisation des Tatars"},"content":{"rendered":"<p>Voici un livre riche et complet sur l&rsquo;histoire et la civilisation des Tatars et le premier \u00e0 \u00eatre publi\u00e9 en langue anglaise. Il s&rsquo;agit d&rsquo;un travail collaboratif auquel ont particip\u00e9 35 chercheurs du Tatarstan. Le livre commence par l&rsquo;introduction exhaustive du Dr Damir Ishaqov intitul\u00e9e \u00ab Le monde tatar : ethnie, culture et langue \u00bb. Elle est suivie de la premi\u00e8re partie, qui concerne l&rsquo;histoire et contient 10 chapitres. Cette partie \u00e9value la transformation historique de la soci\u00e9t\u00e9 et des institutions tatares depuis l\u2019\u00e9poque pr\u00e9-islamique jusqu\u2019\u00e0 l\u2019\u00e8re post-sovi\u00e9tique. La deuxi\u00e8me partie concerne la structure sociale et le d\u00e9veloppement \u00e9conomique dans la soci\u00e9t\u00e9 tatare, et comprend six chapitres, se concentrant sur la structure sociale, le d\u00e9veloppement \u00e9conomique et la vie quotidienne de la communaut\u00e9 tatare. La troisi\u00e8me partie, se focalisant sur la culture, compos\u00e9e de 10 chapitres, couvre l&rsquo;\u00e9volution de la langue tatare, des \u00e9tablissements d&rsquo;enseignement, des arts et de la culture. Chaque partie se termine par une section de photographies. Le livre a \u00e9t\u00e9 initialement pr\u00e9par\u00e9 en langue tatare sous la coordination de l&rsquo;IRCICA et avec les conseils scientifiques des professeurs Mirkasim A. Usmanov et Rafael S. Khakimov ; il a \u00e9t\u00e9 traduit en anglais par Ilnur Nadirov et pr\u00e9par\u00e9 pour publication \u00e0 l&rsquo;IRCICA.<\/p>\n<p>La connaissance de l\u2019histoire et de la civilisation tatares dans le monde \u00e9tait jusqu\u2019\u00e0 r\u00e9cemment confin\u00e9e \u00e0 un cercle restreint de sp\u00e9cialistes. Cependant, l\u2019int\u00e9r\u00eat acad\u00e9mique pour le sujet s\u2019est accru, comme en t\u00e9moigne la s\u00e9rie de congr\u00e8s de l\u2019IRCICA sur \u00ab La civilisation islamique dans la r\u00e9gion de la Volga et de l\u2019Oural \u00bb. La conclusion du professeur Rafael Khakimov souligne l&rsquo;importance du facteur tatare dans la compr\u00e9hension de l&rsquo;histoire de la Russie et du monde entier. L&rsquo;IRCICA estime que la pr\u00e9sente publication contribuera de mani\u00e8re importante dans cette direction. En outre, Khakimov conclut sa section en observant que \u00ab Aujourd&rsquo;hui, beaucoup de choses ont fondamentalement chang\u00e9, mais la civilisation tatare s&rsquo;appuie sur sa propre exp\u00e9rience et ses propres valeurs \u00bb.<\/p>\n","protected":false},"excerpt":{"rendered":"<p>Edit\u00e9 par Damir Ishaqov<br \/>\nconseillers du projet : M.A. Usmanov, R.S. Khakimov<br \/>\ntraduit par Ilnur I. Nadirov<br \/>\nIRCICA, 2010<\/p>\n","protected":false},"featured_media":24565,"template":"","meta":{"_acf_changed":false,"_mi_skip_tracking":false},"product_cat":[364,164],"product_tag":[],"class_list":{"0":"post-24584","1":"product","2":"type-product","3":"status-publish","4":"has-post-thumbnail","6":"product_cat-europe-de-lest-et-balkans","7":"product_cat-histoire-de-la-civilisation-islamique","9":"first","10":"instock","11":"shipping-taxable","12":"product-type-simple"},"acf":[],"aioseo_notices":[],"_links":{"self":[{"href":"https:\/\/www.ircica.org\/fr\/wp-json\/wp\/v2\/product\/24584","targetHints":{"allow":["GET"]}}],"collection":[{"href":"https:\/\/www.ircica.org\/fr\/wp-json\/wp\/v2\/product"}],"about":[{"href":"https:\/\/www.ircica.org\/fr\/wp-json\/wp\/v2\/types\/product"}],"wp:featuredmedia":[{"embeddable":true,"href":"https:\/\/www.ircica.org\/fr\/wp-json\/wp\/v2\/media\/24565"}],"wp:attachment":[{"href":"https:\/\/www.ircica.org\/fr\/wp-json\/wp\/v2\/media?parent=24584"}],"wp:term":[{"taxonomy":"product_cat","embeddable":true,"href":"https:\/\/www.ircica.org\/fr\/wp-json\/wp\/v2\/product_cat?post=24584"},{"taxonomy":"product_tag","embeddable":true,"href":"https:\/\/www.ircica.org\/fr\/wp-json\/wp\/v2\/product_tag?post=24584"}],"curies":[{"name":"wp","href":"https:\/\/api.w.org\/{rel}","templated":true}]}}