{"id":24640,"date":"2014-12-25T15:18:09","date_gmt":"2014-12-25T13:18:09","guid":{"rendered":"https:\/\/www.ircica.org\/publications\/non%20class\u00e9\/international-congress-on-china-and-the-muslim-world-cultural-encounters"},"modified":"2024-06-25T15:46:56","modified_gmt":"2024-06-25T12:46:56","slug":"international-congress-on-china-and-the-muslim-world-cultural-encounters","status":"publish","type":"product","link":"https:\/\/www.ircica.org\/fr\/publications\/relations-interculturelles\/la-chine-et-le-monde-musulman-rencontres-culturelles","title":{"rendered":"La Chine et le Monde Musulman : Rencontres Culturelles"},"content":{"rendered":"<p>Le congr\u00e8s sur \u00ab\u00a0La Chine et le Monde Musulman : Rencontres Culturelles\u00a0\u00bb a \u00e9t\u00e9 organis\u00e9 par l\u2019Acad\u00e9mie Chinoise des Sciences Sociales (ACSS, P\u00e9kin) et l\u2019IRCICA. Ce fut le premier congr\u00e8s sur le sujet destin\u00e9 \u00e0 explorer la longue et riche histoire en contacts et en \u00e9changes culturels entre deux grandes civilisations, la civilisation chinoise et la civilisation islamique. Outre l\u2019int\u00e9r\u00eat scientifique que pr\u00e9sente le th\u00e8me, son exploration contribuera \u00e0 renforcer davantage les relations existantes entre la Chine et le monde musulman dans les domaines du commerce, de l\u2019investissement, du tourisme et de la culture. Le Vice-ministre chinois des Affaires \u00e9trang\u00e8res M. Zhai Jun a prononc\u00e9 une allocution \u00e0 la session d\u2019ouverture. Les sessions du congr\u00e8s furent d\u2019un haut niveau scientifique, o\u00f9 des expos\u00e9s traitant de sujets divers et souvent multidisciplinaires furent pr\u00e9sent\u00e9s, ce qui a contribu\u00e9 \u00e0 l\u2019enrichissement de la litt\u00e9rature existante gr\u00e2ce aux nouvelles informations et analyses fournies par les chercheurs. Le congr\u00e8s a \u00e9galement communiqu\u00e9 les r\u00e9sultats des recherches et des \u00e9tudes men\u00e9es sur les moyens et les canaux relatifs aux \u00e9changes dans diff\u00e9rents contextes. Ceux-ci renferment les interactions dans les domaines de la philosophie et de la science \u00e0 travers des traductions r\u00e9ciproques d\u2019\u0153uvres ; les influences mutuelles dans les arts et l\u2019architecture; les voyages et les missions pour des raisons diplomatiques, commerciales, \u00e9ducatives\u2026etc. Outre les sujets d\u2019histoire trait\u00e9s au cours du congr\u00e8s, une importante discussion sur les relations culturelles actuelles et les perspectives futures a eu lieu. Des observations et des recommandations d\u2019ordre th\u00e9orique et pratique ont \u00e9t\u00e9 faites lors de la session d\u2019ouverture et la session de cl\u00f4ture. Il a \u00e9t\u00e9 recommand\u00e9, entre autres, que le congr\u00e8s rev\u00eate \u00e0 l\u2019avenir un caract\u00e8re p\u00e9riodique.<\/p>\n<p>Le livre commence avec les textes des allocutions d\u2019ouverture. Puis vingt-cinq articles, en anglais ou en chinois avec des r\u00e9sum\u00e9s en anglais, sont regroup\u00e9s sous des titres correspondant aux th\u00e8mes des sessions : \u00ab\u00a0Les Processus Historiques des Relations entre la Chine et le Monde Musulman\u00a0\u00bb, \u00ab\u00a0La Communication et les Interactions dans le domaine de l\u2019art\u00a0\u00bb, \u201cLes Interactions Culturelles \u00e0 travers la Litt\u00e9rature et le langage\u201c, \u00ab\u00a0Les Rencontres Culturelles dans les Domaines de la Science, de la Religion et de la Pens\u00e9e\u00a0\u00bb, \u00ab\u00a0Les Relations entre la Chine Moderne et le Monde Musulman\u00a0\u00bb, \u00ab\u00a0La Chine et le Monde Musulman dans le Contexte Mondial\u00a0\u00bb.<\/p>\n","protected":false},"excerpt":{"rendered":"<p>Congr\u00e8s International, P\u00e9kin, 28-29 Juin 2012<br \/>\nl\u2019IRCICA et l\u2019Acad\u00e9mie Chinoise des Sciences<br \/>\nIstanbul, 2014<br \/>\n462 pp. (en anglais et en chinois)<\/p>\n","protected":false},"featured_media":24647,"template":"","meta":{"_acf_changed":false,"_mi_skip_tracking":false},"product_cat":[170],"product_tag":[],"class_list":{"0":"post-24640","1":"product","2":"type-product","3":"status-publish","4":"has-post-thumbnail","6":"product_cat-relations-interculturelles","8":"first","9":"instock","10":"shipping-taxable","11":"product-type-simple"},"acf":[],"aioseo_notices":[],"_links":{"self":[{"href":"https:\/\/www.ircica.org\/fr\/wp-json\/wp\/v2\/product\/24640","targetHints":{"allow":["GET"]}}],"collection":[{"href":"https:\/\/www.ircica.org\/fr\/wp-json\/wp\/v2\/product"}],"about":[{"href":"https:\/\/www.ircica.org\/fr\/wp-json\/wp\/v2\/types\/product"}],"wp:featuredmedia":[{"embeddable":true,"href":"https:\/\/www.ircica.org\/fr\/wp-json\/wp\/v2\/media\/24647"}],"wp:attachment":[{"href":"https:\/\/www.ircica.org\/fr\/wp-json\/wp\/v2\/media?parent=24640"}],"wp:term":[{"taxonomy":"product_cat","embeddable":true,"href":"https:\/\/www.ircica.org\/fr\/wp-json\/wp\/v2\/product_cat?post=24640"},{"taxonomy":"product_tag","embeddable":true,"href":"https:\/\/www.ircica.org\/fr\/wp-json\/wp\/v2\/product_tag?post=24640"}],"curies":[{"name":"wp","href":"https:\/\/api.w.org\/{rel}","templated":true}]}}