{"id":24658,"date":"2013-12-09T00:00:00","date_gmt":"2013-12-08T22:00:00","guid":{"rendered":"https:\/\/www.ircica.org\/publications\/non%20class\u00e9\/%d8%a7%d9%84%d9%85%d8%a4%d8%b3%d8%b3%d8%a7%d8%aa-%d8%a7%d9%84%d8%aa%d8%b9%d9%84%d9%8a%d9%85%d9%8a%d8%a9-%d9%81%d9%8a-%d8%a7%d9%84%d9%85%d8%b4%d8%b1%d9%82-%d8%a7%d9%84%d8%b9%d8%b1%d8%a8%d9%8a-%d8%a7"},"modified":"2024-06-25T16:20:46","modified_gmt":"2024-06-25T13:20:46","slug":"%d8%a7%d9%84%d9%85%d8%a4%d8%b3%d8%b3%d8%a7%d8%aa-%d8%a7%d9%84%d8%aa%d8%b9%d9%84%d9%8a%d9%85%d9%8a%d8%a9-%d9%81%d9%8a-%d8%a7%d9%84%d9%85%d8%b4%d8%b1%d9%82-%d8%a7%d9%84%d8%b9%d8%b1%d8%a8%d9%8a-%d8%a7","status":"publish","type":"product","link":"https:\/\/www.ircica.org\/fr\/publications\/histoire-de-la-civilisation-islamique\/asie\/moyen-orient-et-mediterranee\/les-etablissements-denseignement-dans-le-mashriq-arabe-ottoman","title":{"rendered":"Les \u00e9tablissements d&rsquo;enseignement dans le Mashriq arabe ottoman"},"content":{"rendered":"<p>Le th\u00e8me de l\u2019\u00e9ducation et des \u00e9tablissements d\u2019enseignement dans les provinces arabes ottomanes est g\u00e9n\u00e9ralement introuvable dans les biblioth\u00e8ques. Le point commun des quelques \u00e9tudes existantes est l\u2019absence de recours aux documents officiels ottomans. Le sujet n&rsquo;a donc pas \u00e9t\u00e9 suffisamment \u00e9tudi\u00e9 ; d&rsquo;o\u00f9 l&rsquo;importance de ce livre. Ce dernier apporte de nouvelles informations aux int\u00e9ress\u00e9s. Sa m\u00e9thodologie ajoute \u00e9galement \u00e0 sa valeur en tant que r\u00e9f\u00e9rence approfondie.<\/p>\n<p>Le livre est divis\u00e9 en treize chapitres. Le premier chapitre d\u00e9crit les caract\u00e9ristiques g\u00e9n\u00e9rales du syst\u00e8me \u00e9ducatif dans l&rsquo;Empire ottoman, ses fondations, son \u00e9volution, la terminologie y relative. Le deuxi\u00e8me chapitre traite des \u00e9tablissements d&rsquo;enseignement des provinces, de leur administration, des conseils p\u00e9dagogiques, des services d&rsquo;inspection en g\u00e9n\u00e9ral, des mesures prises par l\u2019\u00e9tat, entre autres aspects. Les onze chapitres restants \u00e9tudient les \u00e9coles \u00e0 diff\u00e9rents niveaux d&rsquo;enseignement : primaire (ru\u015fdiye mektebi), secondaire et postsecondaire (sultaniye mektebi), les \u00e9coles de formation professionnelle et les \u00e9tablissements d&rsquo;enseignement sup\u00e9rieur (y compris les facult\u00e9s de droit, les facult\u00e9s de m\u00e9decine, les \u00e9coles d&rsquo;\u00e9tudes religieuses). , les \u00e9coles militaires et de police, les \u00e9coles islamiques traditionnelles (medreses), les \u00e9coles priv\u00e9es musulmanes, les \u00e9coles des communaut\u00e9s non musulmanes et les \u00e9coles \u00e9trang\u00e8res.<\/p>\n<p>Chaque chapitre commence par une partie introductive sur le syst\u00e8me au niveau d&rsquo;enseignement \u00e9tudi\u00e9, son d\u00e9veloppement et ses programmes. Les annexes du livre contiennent des reproductions de documents et de photographies historiques.<\/p>\n<p>Le livre contribue remarquablement aux sources et aux \u00e9tudes sur l&rsquo;histoire de l&rsquo;\u00e9ducation dans les provinces arabes ottomanes.<\/p>\n","protected":false},"excerpt":{"rendered":"<p>\u00e9tude statistique historique bas\u00e9e sur des documents ottomans<br \/>\nFaz\u0131l Bayat<br \/>\nIRCICA, Istanbul 2013<br \/>\nen arabe, 868 pp., annexes (copies de documents ottomans et photographies historiques) ; index g\u00e9n\u00e9ral<\/p>\n","protected":false},"featured_media":24651,"template":"","meta":{"_acf_changed":false,"_mi_skip_tracking":false},"product_cat":[164,362],"product_tag":[],"class_list":{"0":"post-24658","1":"product","2":"type-product","3":"status-publish","4":"has-post-thumbnail","6":"product_cat-histoire-de-la-civilisation-islamique","7":"product_cat-moyen-orient-et-mediterranee","9":"first","10":"instock","11":"shipping-taxable","12":"product-type-simple"},"acf":[],"aioseo_notices":[],"_links":{"self":[{"href":"https:\/\/www.ircica.org\/fr\/wp-json\/wp\/v2\/product\/24658","targetHints":{"allow":["GET"]}}],"collection":[{"href":"https:\/\/www.ircica.org\/fr\/wp-json\/wp\/v2\/product"}],"about":[{"href":"https:\/\/www.ircica.org\/fr\/wp-json\/wp\/v2\/types\/product"}],"wp:featuredmedia":[{"embeddable":true,"href":"https:\/\/www.ircica.org\/fr\/wp-json\/wp\/v2\/media\/24651"}],"wp:attachment":[{"href":"https:\/\/www.ircica.org\/fr\/wp-json\/wp\/v2\/media?parent=24658"}],"wp:term":[{"taxonomy":"product_cat","embeddable":true,"href":"https:\/\/www.ircica.org\/fr\/wp-json\/wp\/v2\/product_cat?post=24658"},{"taxonomy":"product_tag","embeddable":true,"href":"https:\/\/www.ircica.org\/fr\/wp-json\/wp\/v2\/product_tag?post=24658"}],"curies":[{"name":"wp","href":"https:\/\/api.w.org\/{rel}","templated":true}]}}